{"id":6425,"date":"2023-03-22T14:34:04","date_gmt":"2023-03-22T13:34:04","guid":{"rendered":"https:\/\/junkersaircraft.com\/impressao\/"},"modified":"2025-10-20T12:07:37","modified_gmt":"2025-10-20T10:07:37","slug":"impressao","status":"publish","type":"page","link":"https:\/\/junkersaircraft.com\/pt-br\/impressao\/","title":{"rendered":"Impress\u00e3o"},"content":{"rendered":"<div class=\"gb-container gb-container-576791e2 gb-container-base\">\n<div class=\"gb-container gb-container-42701110\">\n\n<div class=\"wp-block-pixel-headline headlines is-subheadline-bottom has-text-align-left is-gap-xl\"><h2 class=\"headline\" style=\"color:\">Impress\u00e3o<\/h2><\/div>\n\n\n\n<p>JUNKERS Aircraft GmbH<br>Wittumsgrund 4<br>D-78727 Oberndorf-Hochm\u00f6ssingen<\/p>\n\n\n\n<p><strong>Contato:<\/strong><br>Telefone: <a href=\"tel:+497423863620\" target=\"_blank\" rel=\"nofollow\">+49 7423 86362-0<\/a><br>E-mail: <a href=\"mailto:info@junkersaircraft.com\">info@junkersaircraft.com<\/a><\/p>\n\n\n\n<p><strong>N\u00famero de identifica\u00e7\u00e3o do imposto sobre vendas:<\/strong><br>N\u00famero de identifica\u00e7\u00e3o do IVA DE 354474616<br>Tribunal local de Stuttgart; HRB 785419<\/p>\n\n\n\n<p><strong>Diretor administrativo:<\/strong><br>Dieter Morszeck, Dominik K\u00e4lin<\/p>\n\n\n\n<p><strong>Respons\u00e1vel pelo conte\u00fado:<\/strong><br>Dieter Morszeck<br>Junkers Aircraft GmbH<br>Wittumsgrund 4<br>D-78727 Oberndorf-Hochm\u00f6ssingen<\/p>\n\n\n\n<p><strong>Concep\u00e7\u00e3o, web design e programa\u00e7\u00e3o web<br><\/strong>PixelProduction GmbH &amp; Co. KG<br>Ag\u00eancia de marketing e comunica\u00e7\u00e3o<br><a href=\"http:\/\/www.pixelproduction.de\" target=\"_blank\" rel=\"nofollow\">www.pixelproduction.de<\/a><\/p>\n\n\n\n<p><strong>Resolu\u00e7\u00e3o de disputas<\/strong><br>N\u00e3o estamos dispostos ou obrigados a participar de procedimentos de resolu\u00e7\u00e3o de disputas perante um conselho de arbitragem de consumidores.<\/p>\n\n\n\n<p><strong>Responsabilidade pelo conte\u00fado<\/strong><br>Como prestador de servi\u00e7os, somos obrigados, de acordo com o \u00a7 7 para. 1 DDG para conte\u00fado pr\u00f3prio nestas p\u00e1ginas, de acordo com as leis gerais. Entretanto, de acordo com os \u00a7\u00a7 8 a 10 da DDG, n\u00f3s, como provedores de servi\u00e7os, n\u00e3o somos obrigados a monitorar informa\u00e7\u00f5es transmitidas ou armazenadas de terceiros ou a investigar circunst\u00e2ncias que indiquem atividade ilegal.<br>As obriga\u00e7\u00f5es de remover ou bloquear o uso de informa\u00e7\u00f5es de acordo com a legisla\u00e7\u00e3o geral n\u00e3o s\u00e3o afetadas por isso. No entanto, a responsabilidade a esse respeito s\u00f3 \u00e9 poss\u00edvel a partir do momento em que voc\u00ea toma conhecimento de uma infra\u00e7\u00e3o espec\u00edfica. Assim que tomarmos conhecimento de tais viola\u00e7\u00f5es, removeremos esse conte\u00fado imediatamente.<\/p>\n\n\n\n<p><strong>Responsabilidade por links<\/strong><br>Nosso site cont\u00e9m links para sites externos de terceiros sobre cujo conte\u00fado n\u00e3o temos influ\u00eancia. Portanto, n\u00e3o podemos aceitar qualquer responsabilidade por esse conte\u00fado de terceiros. O respectivo provedor ou operador das p\u00e1ginas \u00e9 sempre respons\u00e1vel pelo conte\u00fado das p\u00e1ginas vinculadas. As p\u00e1ginas vinculadas foram verificadas quanto a poss\u00edveis viola\u00e7\u00f5es legais no momento da vincula\u00e7\u00e3o. Os conte\u00fados ilegais n\u00e3o eram reconhec\u00edveis no momento da vincula\u00e7\u00e3o.<br>No entanto, o monitoramento permanente do conte\u00fado das p\u00e1ginas vinculadas n\u00e3o \u00e9 razo\u00e1vel sem evid\u00eancias concretas de uma infra\u00e7\u00e3o. Se tomarmos conhecimento de qualquer infra\u00e7\u00e3o legal, removeremos esses links imediatamente.<\/p>\n\n\n\n<p><strong>Direitos autorais<\/strong><br>O conte\u00fado e os trabalhos criados pelos operadores do site nessas p\u00e1ginas est\u00e3o sujeitos \u00e0 lei alem\u00e3 de direitos autorais. A reprodu\u00e7\u00e3o, edi\u00e7\u00e3o, distribui\u00e7\u00e3o e qualquer tipo de utiliza\u00e7\u00e3o fora dos limites da lei de direitos autorais requerem o consentimento por escrito do respectivo autor ou criador. Os downloads e c\u00f3pias deste site s\u00e3o permitidos somente para uso privado e n\u00e3o comercial.<br>Na medida em que o conte\u00fado deste site n\u00e3o foi criado pelo operador, os direitos autorais de terceiros s\u00e3o respeitados. Em particular, o conte\u00fado de terceiros \u00e9 rotulado como tal. Se, mesmo assim, voc\u00ea tomar conhecimento de uma viola\u00e7\u00e3o de direitos autorais, informe-nos adequadamente. Se tomarmos conhecimento de qualquer infra\u00e7\u00e3o legal, removeremos esse conte\u00fado imediatamente.<\/p>\n\n<\/div>\n<\/div>","protected":false},"excerpt":{"rendered":"<p>JUNKERS Aircraft GmbHWittumsgrund 4D-78727 Oberndorf-Hochm\u00f6ssingen Contato:Telefone: +49 7423 86362-0E-mail: info@junkersaircraft.com N\u00famero de identifica\u00e7\u00e3o do imposto sobre vendas:N\u00famero de identifica\u00e7\u00e3o do IVA DE 354474616Tribunal local de Stuttgart; HRB 785419 Diretor administrativo:Dieter Morszeck, Dominik K\u00e4lin Respons\u00e1vel pelo conte\u00fado:Dieter MorszeckJunkers Aircraft GmbHWittumsgrund 4D-78727 Oberndorf-Hochm\u00f6ssingen Concep\u00e7\u00e3o, web design e programa\u00e7\u00e3o webPixelProduction GmbH &amp; Co. KGAg\u00eancia de marketing e comunica\u00e7\u00e3owww.pixelproduction.de &#8230; <a title=\"Impress\u00e3o\" class=\"read-more\" href=\"https:\/\/junkersaircraft.com\/pt-br\/impressao\/\" aria-label=\"Read more about Impress\u00e3o\">Weiterlesen &#8230;<\/a><\/p>\n","protected":false},"author":1,"featured_media":0,"parent":0,"menu_order":14,"comment_status":"closed","ping_status":"closed","template":"","meta":{"_acf_changed":false,"footnotes":""},"class_list":["post-6425","page","type-page","status-publish"],"acf":[],"yoast_head":"<!-- This site is optimized with the Yoast SEO plugin v27.2 - https:\/\/yoast.com\/product\/yoast-seo-wordpress\/ -->\n<title>Impress\u00e3o - Junkers Aircraft | Informa\u00e7\u00f5es legais<\/title>\n<meta name=\"description\" content=\"Encontre informa\u00e7\u00f5es legais, detalhes de contato e outras informa\u00e7\u00f5es importantes sobre a Junkers Aircraft em nosso site\" \/>\n<meta name=\"robots\" content=\"index, follow, max-snippet:-1, max-image-preview:large, max-video-preview:-1\" \/>\n<link rel=\"canonical\" href=\"https:\/\/junkersaircraft.com\/pt-br\/impressao\/\" \/>\n<meta property=\"og:locale\" content=\"pt_BR\" \/>\n<meta property=\"og:type\" content=\"article\" \/>\n<meta property=\"og:title\" content=\"Impress\u00e3o - Junkers Aircraft | Informa\u00e7\u00f5es legais\" \/>\n<meta property=\"og:description\" content=\"Encontre informa\u00e7\u00f5es legais, detalhes de contato e outras informa\u00e7\u00f5es importantes sobre a Junkers Aircraft em nosso site\" \/>\n<meta property=\"og:url\" content=\"https:\/\/junkersaircraft.com\/pt-br\/impressao\/\" \/>\n<meta property=\"og:site_name\" content=\"Junkers\" \/>\n<meta property=\"article:modified_time\" content=\"2025-10-20T10:07:37+00:00\" \/>\n<meta name=\"twitter:card\" content=\"summary_large_image\" \/>\n<meta name=\"twitter:label1\" content=\"Est. tempo de leitura\" \/>\n\t<meta name=\"twitter:data1\" content=\"3 minutos\" \/>\n<script type=\"application\/ld+json\" class=\"yoast-schema-graph\">{\"@context\":\"https:\/\/schema.org\",\"@graph\":[{\"@type\":\"WebPage\",\"@id\":\"https:\/\/junkersaircraft.com\/pt-br\/impressao\/\",\"url\":\"https:\/\/junkersaircraft.com\/pt-br\/impressao\/\",\"name\":\"Impress\u00e3o - Junkers Aircraft | Informa\u00e7\u00f5es legais\",\"isPartOf\":{\"@id\":\"https:\/\/junkersaircraft.com\/#website\"},\"datePublished\":\"2023-03-22T13:34:04+00:00\",\"dateModified\":\"2025-10-20T10:07:37+00:00\",\"description\":\"Encontre informa\u00e7\u00f5es legais, detalhes de contato e outras informa\u00e7\u00f5es importantes sobre a Junkers Aircraft em nosso site\",\"breadcrumb\":{\"@id\":\"https:\/\/junkersaircraft.com\/pt-br\/impressao\/#breadcrumb\"},\"inLanguage\":\"pt-BR\",\"potentialAction\":[{\"@type\":\"ReadAction\",\"target\":[\"https:\/\/junkersaircraft.com\/pt-br\/impressao\/\"]}]},{\"@type\":\"BreadcrumbList\",\"@id\":\"https:\/\/junkersaircraft.com\/pt-br\/impressao\/#breadcrumb\",\"itemListElement\":[{\"@type\":\"ListItem\",\"position\":1,\"name\":\"Startseite\",\"item\":\"https:\/\/junkersaircraft.com\/pt-br\/\"},{\"@type\":\"ListItem\",\"position\":2,\"name\":\"Impress\u00e3o\"}]},{\"@type\":\"WebSite\",\"@id\":\"https:\/\/junkersaircraft.com\/#website\",\"url\":\"https:\/\/junkersaircraft.com\/\",\"name\":\"Junkers\",\"description\":\"\",\"publisher\":{\"@id\":\"https:\/\/junkersaircraft.com\/#organization\"},\"potentialAction\":[{\"@type\":\"SearchAction\",\"target\":{\"@type\":\"EntryPoint\",\"urlTemplate\":\"https:\/\/junkersaircraft.com\/?s={search_term_string}\"},\"query-input\":{\"@type\":\"PropertyValueSpecification\",\"valueRequired\":true,\"valueName\":\"search_term_string\"}}],\"inLanguage\":\"pt-BR\"},{\"@type\":\"Organization\",\"@id\":\"https:\/\/junkersaircraft.com\/#organization\",\"name\":\"Junkers\",\"url\":\"https:\/\/junkersaircraft.com\/\",\"logo\":{\"@type\":\"ImageObject\",\"inLanguage\":\"pt-BR\",\"@id\":\"https:\/\/junkersaircraft.com\/#\/schema\/logo\/image\/\",\"url\":\"https:\/\/junkersaircraft.com\/wp-content\/uploads\/junkers-logo-white-new.svg\",\"contentUrl\":\"https:\/\/junkersaircraft.com\/wp-content\/uploads\/junkers-logo-white-new.svg\",\"caption\":\"Junkers\"},\"image\":{\"@id\":\"https:\/\/junkersaircraft.com\/#\/schema\/logo\/image\/\"}}]}<\/script>\n<!-- \/ Yoast SEO plugin. -->","yoast_head_json":{"title":"Impress\u00e3o - Junkers Aircraft | Informa\u00e7\u00f5es legais","description":"Encontre informa\u00e7\u00f5es legais, detalhes de contato e outras informa\u00e7\u00f5es importantes sobre a Junkers Aircraft em nosso site","robots":{"index":"index","follow":"follow","max-snippet":"max-snippet:-1","max-image-preview":"max-image-preview:large","max-video-preview":"max-video-preview:-1"},"canonical":"https:\/\/junkersaircraft.com\/pt-br\/impressao\/","og_locale":"pt_BR","og_type":"article","og_title":"Impress\u00e3o - Junkers Aircraft | Informa\u00e7\u00f5es legais","og_description":"Encontre informa\u00e7\u00f5es legais, detalhes de contato e outras informa\u00e7\u00f5es importantes sobre a Junkers Aircraft em nosso site","og_url":"https:\/\/junkersaircraft.com\/pt-br\/impressao\/","og_site_name":"Junkers","article_modified_time":"2025-10-20T10:07:37+00:00","twitter_card":"summary_large_image","twitter_misc":{"Est. tempo de leitura":"3 minutos"},"schema":{"@context":"https:\/\/schema.org","@graph":[{"@type":"WebPage","@id":"https:\/\/junkersaircraft.com\/pt-br\/impressao\/","url":"https:\/\/junkersaircraft.com\/pt-br\/impressao\/","name":"Impress\u00e3o - Junkers Aircraft | Informa\u00e7\u00f5es legais","isPartOf":{"@id":"https:\/\/junkersaircraft.com\/#website"},"datePublished":"2023-03-22T13:34:04+00:00","dateModified":"2025-10-20T10:07:37+00:00","description":"Encontre informa\u00e7\u00f5es legais, detalhes de contato e outras informa\u00e7\u00f5es importantes sobre a Junkers Aircraft em nosso site","breadcrumb":{"@id":"https:\/\/junkersaircraft.com\/pt-br\/impressao\/#breadcrumb"},"inLanguage":"pt-BR","potentialAction":[{"@type":"ReadAction","target":["https:\/\/junkersaircraft.com\/pt-br\/impressao\/"]}]},{"@type":"BreadcrumbList","@id":"https:\/\/junkersaircraft.com\/pt-br\/impressao\/#breadcrumb","itemListElement":[{"@type":"ListItem","position":1,"name":"Startseite","item":"https:\/\/junkersaircraft.com\/pt-br\/"},{"@type":"ListItem","position":2,"name":"Impress\u00e3o"}]},{"@type":"WebSite","@id":"https:\/\/junkersaircraft.com\/#website","url":"https:\/\/junkersaircraft.com\/","name":"Junkers","description":"","publisher":{"@id":"https:\/\/junkersaircraft.com\/#organization"},"potentialAction":[{"@type":"SearchAction","target":{"@type":"EntryPoint","urlTemplate":"https:\/\/junkersaircraft.com\/?s={search_term_string}"},"query-input":{"@type":"PropertyValueSpecification","valueRequired":true,"valueName":"search_term_string"}}],"inLanguage":"pt-BR"},{"@type":"Organization","@id":"https:\/\/junkersaircraft.com\/#organization","name":"Junkers","url":"https:\/\/junkersaircraft.com\/","logo":{"@type":"ImageObject","inLanguage":"pt-BR","@id":"https:\/\/junkersaircraft.com\/#\/schema\/logo\/image\/","url":"https:\/\/junkersaircraft.com\/wp-content\/uploads\/junkers-logo-white-new.svg","contentUrl":"https:\/\/junkersaircraft.com\/wp-content\/uploads\/junkers-logo-white-new.svg","caption":"Junkers"},"image":{"@id":"https:\/\/junkersaircraft.com\/#\/schema\/logo\/image\/"}}]}},"_links":{"self":[{"href":"https:\/\/junkersaircraft.com\/pt-br\/wp-json\/wp\/v2\/pages\/6425","targetHints":{"allow":["GET"]}}],"collection":[{"href":"https:\/\/junkersaircraft.com\/pt-br\/wp-json\/wp\/v2\/pages"}],"about":[{"href":"https:\/\/junkersaircraft.com\/pt-br\/wp-json\/wp\/v2\/types\/page"}],"author":[{"embeddable":true,"href":"https:\/\/junkersaircraft.com\/pt-br\/wp-json\/wp\/v2\/users\/1"}],"replies":[{"embeddable":true,"href":"https:\/\/junkersaircraft.com\/pt-br\/wp-json\/wp\/v2\/comments?post=6425"}],"version-history":[{"count":6,"href":"https:\/\/junkersaircraft.com\/pt-br\/wp-json\/wp\/v2\/pages\/6425\/revisions"}],"predecessor-version":[{"id":21863,"href":"https:\/\/junkersaircraft.com\/pt-br\/wp-json\/wp\/v2\/pages\/6425\/revisions\/21863"}],"wp:attachment":[{"href":"https:\/\/junkersaircraft.com\/pt-br\/wp-json\/wp\/v2\/media?parent=6425"}],"curies":[{"name":"wp","href":"https:\/\/api.w.org\/{rel}","templated":true}]}}