{"id":6400,"date":"2023-07-05T12:47:57","date_gmt":"2023-07-05T10:47:57","guid":{"rendered":"https:\/\/junkersaircraft.com\/carreira\/"},"modified":"2025-08-05T12:16:02","modified_gmt":"2025-08-05T10:16:02","slug":"carreira","status":"publish","type":"page","link":"https:\/\/junkersaircraft.com\/pt-br\/carreira\/","title":{"rendered":"Carreira"},"content":{"rendered":"\r\n\t\t\t       \r\n            \r\n            <div class=\"hero hero-b2eefa87\">\r\n\t\t\t\t\t\t\t\t<div class=\"acf-innerblocks-container\">\n\r\n\t\t\t       \r\n                    \r\n            <div class=\"hero-slide hero-slide-e726a804 is-style-image\">\r\n\t\t\t\t\r\n\t\t\t\t<div class=\"hero-canvas \">\r\n\t\t\t\t\t<h1 class=\"hero-headline\" data-aos=\"fade-up\" data-aos-easing=\"ease-out\">Carreira na Junkers<\/h1>\t\t\t\t\t<span class=\"hero-subheadline subheadline\" data-aos=\"fade-up\" data-aos-easing=\"ease-out\" data-aos-delay=\"300\">Venha a bordo<\/span>\t\t\t\t<\/div>\r\n\r\n\t\t\t\t<div class=\"hero-media hero-media-image\"><img loading=\"lazy\" decoding=\"async\" width=\"2560\" height=\"1440\" src=\"https:\/\/junkersaircraft.com\/wp-content\/uploads\/hero-junkers-career.jpg\" class=\"attachment-full size-full\" alt=\"\" srcset=\"https:\/\/junkersaircraft.com\/wp-content\/uploads\/hero-junkers-career.jpg 2560w, https:\/\/junkersaircraft.com\/wp-content\/uploads\/hero-junkers-career-300x169.jpg 300w, https:\/\/junkersaircraft.com\/wp-content\/uploads\/hero-junkers-career-1024x576.jpg 1024w, https:\/\/junkersaircraft.com\/wp-content\/uploads\/hero-junkers-career-768x432.jpg 768w, https:\/\/junkersaircraft.com\/wp-content\/uploads\/hero-junkers-career-1536x864.jpg 1536w, https:\/\/junkersaircraft.com\/wp-content\/uploads\/hero-junkers-career-2048x1152.jpg 2048w, https:\/\/junkersaircraft.com\/wp-content\/uploads\/hero-junkers-career-800x450.jpg 800w\" sizes=\"auto, (max-width: 2560px) 100vw, 2560px\" \/><\/div>            <\/div>\r\n\t\t\t\t\r\n            \r\n\t\t\t\r\n        \r\n            \n<\/div>\r\n\t\t\t\t\t\t\t\t\t\t\t\t\t<a class=\"hero-action smooth-scroll\" href=\"#start\">\r\n\t\t\t\t\t\t<span class=\"hero-scroll\" href=\"#start\">\r\n\t\t\t\t\t\t\tSaiba mais\t\t\t\t\t\t<\/span>\r\n\t\t\t\t\t\t<span class=\"hero-scroll-arrow\"><?xml version=\"1.0\" encoding=\"UTF-8\"?> <svg xmlns=\"http:\/\/www.w3.org\/2000\/svg\" xmlns:xlink=\"http:\/\/www.w3.org\/1999\/xlink\" version=\"1.1\" id=\"Ebene_1\" x=\"0px\" y=\"0px\" width=\"73.4px\" height=\"17px\" viewBox=\"0 0 73.4 17\" style=\"enable-background:new 0 0 73.4 17;\" xml:space=\"preserve\"> <polygon style=\"fill:#F4F8FD;\" points=\"36.53,17 36.33,16.92 0,0.92 0.4,0 36.54,15.91 73,0 73.4,0.92 \"><\/polygon> <\/svg> <\/span>\r\n\t\t\t\t\t<\/a>\r\n\t\t\t\t\t\t\t\t\t\t\t\t\t\t\t<\/div>\r\n\t\t\t<div id=\"start\"><\/div>\r\n\t\t\t\t\r\n\t\t\t\r\n\t\t\t        \r\n            \n\n<section class=\"gb-container gb-container-be5e0a7f gb-section-50-50 gb-section-image-right\" id=\"intro\">\n<div class=\"gb-container gb-container-e11ec746\">\n<div class=\"gb-container gb-container-e40ab8bf\" data-aos=\"fade-up\" data-aos-delay=\"200\" data-aos-easing=\"ease-out\">\n\n<div class=\"wp-block-pixel-headline headlines is-subheadline-top has-text-align-left\"><h2 class=\"headline\" style=\"color:\">Voc\u00ea est\u00e1 pronto para decolar?<\/h2><span class=\"subheadline\" style=\"color:\">Torne-se parte da Junkers<\/span><\/div>\n\n<\/div>\n\n<div class=\"gb-container gb-container-a0f6e0c6\" data-aos=\"fade-up\" data-aos-delay=\"400\" data-aos-easing=\"ease-out\">\n\n<p>Bem-vindo ao fascinante mundo da Junkers Aircraft, onde a hist\u00f3ria e a inova\u00e7\u00e3o se fundem para alcan\u00e7ar novos patamares! Conosco, voc\u00ea tem a oportunidade \u00fanica de dar vida a avi\u00f5es hist\u00f3ricos com tecnologia de ponta.<\/p>\n\n\n\n<p>A Junkers Aircraft representa mais do que apenas uma empresa. Somos uma paix\u00e3o, um patrim\u00f4nio e um compromisso com a hist\u00f3ria da avia\u00e7\u00e3o. Com nossas r\u00e9plicas fi\u00e9is, damos uma segunda vida aos avi\u00f5es hist\u00f3ricos. Mas n\u00e3o estamos descansando sobre os louros &#8211; estamos atualizando esses cl\u00e1ssicos com as tecnologias mais recentes para ajudar a moldar o futuro da avia\u00e7\u00e3o.<\/p>\n\n\n\n<a class=\"gb-button gb-button-db51e994 gb-button-text gb-button-outline is-style-default smooth-scroll\" href=\"#stellenangebote\">para as ofertas de emprego<\/a>\n\n<\/div>\n<\/div>\n\n<div class=\"gb-container gb-container-a3222d1b\" data-aos=\"fade-up\" data-aos-easing=\"ease-out\">\n\r\n\t\t\t<!-- start:image-slider -->\r\n\r\n\t\t\t\r\n\t\t\t\t\r\n\t\t\t\t<div class=\"image-slider image-slider-cc94018b full\">\r\n\t\t\t\t\t<a href=\"https:\/\/junkersaircraft.com\/wp-content\/uploads\/junkers-werden-sie-teil.jpg\" class=\"image-slide image-slide-1\" data-fslightbox=\"image-slider-cc94018b\"><img loading=\"lazy\" decoding=\"async\" width=\"1400\" height=\"1400\" src=\"https:\/\/junkersaircraft.com\/wp-content\/uploads\/junkers-werden-sie-teil.jpg\" class=\"attachment-full size-full\" alt=\"\" srcset=\"https:\/\/junkersaircraft.com\/wp-content\/uploads\/junkers-werden-sie-teil.jpg 1400w, https:\/\/junkersaircraft.com\/wp-content\/uploads\/junkers-werden-sie-teil-300x300.jpg 300w, https:\/\/junkersaircraft.com\/wp-content\/uploads\/junkers-werden-sie-teil-1024x1024.jpg 1024w, https:\/\/junkersaircraft.com\/wp-content\/uploads\/junkers-werden-sie-teil-150x150.jpg 150w, https:\/\/junkersaircraft.com\/wp-content\/uploads\/junkers-werden-sie-teil-768x768.jpg 768w, https:\/\/junkersaircraft.com\/wp-content\/uploads\/junkers-werden-sie-teil-800x800.jpg 800w\" sizes=\"auto, (max-width: 1400px) 100vw, 1400px\" \/><\/a>\t\t\t\t<\/div>\r\n\r\n\t\t\t\t\r\n\t\t\t\r\n\t\t\t<!-- end:image-slider -->\r\n\r\n\t\t\t\n<\/div>\n<\/section>\n\n<section class=\"gb-container gb-container-6ccb25e2 gb-container-brand-dark\" id=\"benefits\">\n<div class=\"gb-container gb-container-547e4de9 alignwide\">\n<div class=\"gb-grid-wrapper gb-grid-wrapper-6674ab5c\">\n<div class=\"gb-grid-column gb-grid-column-74b5594d\"><div class=\"gb-container gb-container-74b5594d\" data-aos=\"fade-up\" data-aos-delay=\"200\" data-aos-easing=\"ease-out\">\n\n<div class=\"wp-block-pixel-headline headlines is-subheadline-top has-text-align-left is-gap-lg\"><h2 class=\"headline\" style=\"color:\">Nossos benef\u00edcios<\/h2><span class=\"subheadline\" style=\"color:\">Mais do que apenas um emprego<\/span><\/div>\n\n<\/div><\/div>\n\n<div class=\"gb-grid-column gb-grid-column-f1f1d164\"><div class=\"gb-container gb-container-f1f1d164\" data-aos=\"fade-up\" data-aos-delay=\"400\" data-aos-easing=\"ease-out\">\n\n<div class=\"wp-block-pixel-headline headlines is-subheadline-top has-text-align-left is-gap-sm\"><h3 class=\"headline\" style=\"color:\">\u00d3timo ambiente de trabalho<\/h3><\/div>\n\n\n\n<p>Na Junkers Aircraft, criamos um ambiente de trabalho positivo e inspirador. O esp\u00edrito de equipe e a coopera\u00e7\u00e3o est\u00e3o na linha de frente do nosso trabalho.<\/p>\n\n<\/div><\/div>\n\n<div class=\"gb-grid-column gb-grid-column-8d798f32\"><div class=\"gb-container gb-container-8d798f32\" data-aos=\"fade-up\" data-aos-delay=\"400\" data-aos-easing=\"ease-out\">\n\n<div class=\"wp-block-pixel-headline headlines is-subheadline-top has-text-align-left is-gap-sm\"><h3 class=\"headline\" style=\"color:\">Treinamento adicional<\/h3><\/div>\n\n\n\n<p>Investimos no desenvolvimento de nossos funcion\u00e1rios por meio de cursos de treinamento regulares e oportunidades de treinamento individual.<\/p>\n\n<\/div><\/div>\n\n<div class=\"gb-grid-column gb-grid-column-e0d7f745\"><div class=\"gb-container gb-container-e0d7f745\" data-aos=\"fade-up\" data-aos-delay=\"400\" data-aos-easing=\"ease-out\">\n\n<div class=\"wp-block-pixel-headline headlines is-subheadline-top has-text-align-left is-gap-sm\"><h3 class=\"headline\" style=\"color:\">Flexibilidade<\/h3><\/div>\n\n\n\n<p>Na Junkers Aircraft, valorizamos um bom equil\u00edbrio entre vida pessoal e profissional. Oferecemos hor\u00e1rios de trabalho flex\u00edveis e a possibilidade de trabalho em meio per\u00edodo.<\/p>\n\n<\/div><\/div>\n\n<div class=\"gb-grid-column gb-grid-column-e2500e8c\"><div class=\"gb-container gb-container-e2500e8c\" data-aos=\"fade-up\" data-aos-delay=\"400\" data-aos-easing=\"ease-out\">\n\n<div class=\"wp-block-pixel-headline headlines is-subheadline-top has-text-align-left is-gap-sm\"><h3 class=\"headline\" style=\"color:\">Remunera\u00e7\u00e3o atrativa<\/h3><\/div>\n\n\n\n<p>Al\u00e9m de um sal\u00e1rio competitivo, oferecemos benef\u00edcios adicionais, como um esquema de pens\u00e3o da empresa.<\/p>\n\n<\/div><\/div>\n<\/div>\n<\/div>\n<\/section>\n\n<section class=\"gb-container gb-container-4b714028 gb-container-alternate\" id=\"stellenangebote\">\n<div class=\"gb-container gb-container-2fee8501 alignwide\">\n<div class=\"gb-grid-wrapper gb-grid-wrapper-5999d7b0\">\n<div class=\"gb-grid-column gb-grid-column-eefd5fc5\"><div class=\"gb-container gb-container-eefd5fc5\" data-aos=\"fade-up\" data-aos-delay=\"200\" data-aos-easing=\"ease-out\">\n\n<div class=\"wp-block-pixel-headline headlines is-subheadline-top has-text-align-left\"><h2 class=\"headline\" style=\"color:\">Vagas atuais<\/h2><span class=\"subheadline\" style=\"color:\">Estamos procurando por voc\u00ea:<\/span><\/div>\n\n<\/div><\/div>\n\n<div class=\"gb-grid-column gb-grid-column-a5faea1e\"><div class=\"gb-container gb-container-a5faea1e\" data-aos=\"fade-up\" data-aos-delay=\"400\" data-aos-easing=\"ease-out\">\n\n        <table class=\"jobs sortable\">\n        <tbody>\n        <tr><td class=\"title\"><a href=\"https:\/\/junkersaircraft.com\/pt-br\/carreira\/vagas\/fachkraft-fuer-galvanotechnik\/\">Fachkraft f\u00fcr Galvanotechnik <span class=\"thin\">Oberndorf am Neckar<\/span><\/a><\/td><td class=\"type\">full time<\/td><td class=\"link\"><a href=\"https:\/\/junkersaircraft.com\/pt-br\/carreira\/vagas\/fachkraft-fuer-galvanotechnik\/\">Saiba mais<\/a><\/td><\/tr><tr><td class=\"title\"><a href=\"https:\/\/junkersaircraft.com\/pt-br\/carreira\/vagas\/fluggeraetelektroniker-avioniker-mwd\/\">Flugger\u00e4telektroniker \/ Avioniker (m\/w\/d) <span class=\"thin\">Oberndorf am Neckar<\/span><\/a><\/td><td class=\"type\">full time<\/td><td class=\"link\"><a href=\"https:\/\/junkersaircraft.com\/pt-br\/carreira\/vagas\/fluggeraetelektroniker-avioniker-mwd\/\">Saiba mais<\/a><\/td><\/tr><tr><td class=\"title\"><a href=\"https:\/\/junkersaircraft.com\/pt-br\/carreira\/vagas\/fluggeraetmechaniker-instandhaltungstechnik-mwd\/\">Flugger\u00e4tmechaniker Instandhaltungstechnik (m\/w\/d) <span class=\"thin\">Oberndorf am Neckar<\/span><\/a><\/td><td class=\"type\">full time<\/td><td class=\"link\"><a href=\"https:\/\/junkersaircraft.com\/pt-br\/carreira\/vagas\/fluggeraetmechaniker-instandhaltungstechnik-mwd\/\">Saiba mais<\/a><\/td><\/tr><tr><td class=\"title\"><a href=\"https:\/\/junkersaircraft.com\/pt-br\/carreira\/vagas\/flugzeugspengler-fluggeraetmechaniker-fachrichtung-fertigungstechnik-mwd\/\">Flugzeugspengler \/ Flugger\u00e4tmechaniker Fachrichtung Fertigungstechnik (m\/w\/d) <span class=\"thin\">Oberndorf am Neckar<\/span><\/a><\/td><td class=\"type\">full time<\/td><td class=\"link\"><a href=\"https:\/\/junkersaircraft.com\/pt-br\/carreira\/vagas\/flugzeugspengler-fluggeraetmechaniker-fachrichtung-fertigungstechnik-mwd\/\">Saiba mais<\/a><\/td><\/tr><tr><td class=\"title\"><a href=\"https:\/\/junkersaircraft.com\/pt-br\/carreira\/vagas\/konstrukteur-mwd\/\">Konstrukteur (m\/w\/d) <span class=\"thin\">Oberndorf am Neckar<\/span><\/a><\/td><td class=\"type\">full time<\/td><td class=\"link\"><a href=\"https:\/\/junkersaircraft.com\/pt-br\/carreira\/vagas\/konstrukteur-mwd\/\">Saiba mais<\/a><\/td><\/tr><tr><td class=\"title\"><a href=\"https:\/\/junkersaircraft.com\/pt-br\/carreira\/vagas\/leiter-materialwirtschaft\/\">Leiter Materialwirtschaft <span class=\"thin\">Oberndorf am Neckar<\/span><\/a><\/td><td class=\"type\">full time<\/td><td class=\"link\"><a href=\"https:\/\/junkersaircraft.com\/pt-br\/carreira\/vagas\/leiter-materialwirtschaft\/\">Saiba mais<\/a><\/td><\/tr><tr><td class=\"title\"><a href=\"https:\/\/junkersaircraft.com\/pt-br\/carreira\/vagas\/mitarbeiter-detailfertigung\/\">Mitarbeiter Detailfertigung <span class=\"thin\">Oberndorf am Neckar<\/span><\/a><\/td><td class=\"type\">full time<\/td><td class=\"link\"><a href=\"https:\/\/junkersaircraft.com\/pt-br\/carreira\/vagas\/mitarbeiter-detailfertigung\/\">Saiba mais<\/a><\/td><\/tr><tr><td class=\"title\"><a href=\"https:\/\/junkersaircraft.com\/pt-br\/carreira\/vagas\/mitarbeiter-flugzeugbau-mwd\/\">Mitarbeiter Flugzeugbau (m\/w\/d) <span class=\"thin\">Oberndorf am Neckar<\/span><\/a><\/td><td class=\"type\">full time<\/td><td class=\"link\"><a href=\"https:\/\/junkersaircraft.com\/pt-br\/carreira\/vagas\/mitarbeiter-flugzeugbau-mwd\/\">Saiba mais<\/a><\/td><\/tr><tr><td class=\"title\"><a href=\"https:\/\/junkersaircraft.com\/pt-br\/carreira\/vagas\/mitarbeiter-qualitaessicherung\/\">Mitarbeiter Qualit\u00e4ssicherung <span class=\"thin\">Oberndorf am Neckar<\/span><\/a><\/td><td class=\"type\">full time<\/td><td class=\"link\"><a href=\"https:\/\/junkersaircraft.com\/pt-br\/carreira\/vagas\/mitarbeiter-qualitaessicherung\/\">Saiba mais<\/a><\/td><\/tr><tr><td class=\"title\"><a href=\"https:\/\/junkersaircraft.com\/pt-br\/carreira\/vagas\/verfahrensmechaniker-fuer-beschichtungstechnik-mwd-48\/\">Verfahrensmechaniker f\u00fcr Beschichtungstechnik (m\/w\/d) <span class=\"thin\">Oberndorf am Neckar<\/span><\/a><\/td><td class=\"type\">full time<\/td><td class=\"link\"><a href=\"https:\/\/junkersaircraft.com\/pt-br\/carreira\/vagas\/verfahrensmechaniker-fuer-beschichtungstechnik-mwd-48\/\">Saiba mais<\/a><\/td><\/tr>        <\/tbody>\n    <\/table>\n\n    \n\n<\/div><\/div>\n<\/div>\n<\/div>\n<\/section>\n\n<section class=\"gb-container gb-container-9bbe3860 gb-section-50-50 gb-section-image-right\" id=\"apprentice-intro\">\n<div class=\"gb-container gb-container-4c29f01d\">\n<div class=\"gb-container gb-container-587a961e\" data-aos=\"fade-up\" data-aos-delay=\"200\" data-aos-easing=\"ease-out\">\n\n<div class=\"wp-block-pixel-headline headlines is-subheadline-top has-text-align-left\"><h2 class=\"headline\" style=\"color:\">Treinamento na Junkers<\/h2><span class=\"subheadline\" style=\"color:\">Para os que voam alto<\/span><\/div>\n\n<\/div>\n\n<div class=\"gb-container gb-container-6be70481\" data-aos=\"fade-up\" data-aos-delay=\"400\" data-aos-easing=\"ease-out\">\n\n<p>Voc\u00ea est\u00e1 procurando um programa de treinamento vocacional confi\u00e1vel que tamb\u00e9m prometa aventura? Se voc\u00ea \u00e9 entusiasta de avi\u00f5es e gosta de sentir o vento em seu rosto, junte-se \u00e0 equipe da Junkers Aircraft.  <\/p>\n\n\n\n<p>Estamos ansiosos para receber candidatos com habilidades manuais e paix\u00e3o por novos desafios. Nosso programa de aprendizagem tamb\u00e9m oferece a voc\u00ea uma oportunidade empolgante e variada de desenvolvimento pessoal &#8211; e teremos prazer em apoi\u00e1-lo nisso!<\/p>\n\n\n\n<a class=\"gb-button gb-button-8f0e253c gb-button-text gb-button-outline is-style-default smooth-scroll\" href=\"#ausbildungen\">para os programas de treinamento<\/a>\n\n<\/div>\n<\/div>\n\n<div class=\"gb-container gb-container-ea17cc13\" data-aos=\"fade-up\" data-aos-easing=\"ease-out\">\n\r\n\t\t\t<!-- start:image-slider -->\r\n\r\n\t\t\t\r\n\t\t\t\t\r\n\t\t\t\t<div class=\"image-slider image-slider-10688c23 full\">\r\n\t\t\t\t\t<a href=\"https:\/\/junkersaircraft.com\/wp-content\/uploads\/junkers-ausbildung.jpg\" class=\"image-slide image-slide-1\" data-fslightbox=\"image-slider-10688c23\"><img loading=\"lazy\" decoding=\"async\" width=\"1400\" height=\"1400\" src=\"https:\/\/junkersaircraft.com\/wp-content\/uploads\/junkers-ausbildung.jpg\" class=\"attachment-full size-full\" alt=\"\" srcset=\"https:\/\/junkersaircraft.com\/wp-content\/uploads\/junkers-ausbildung.jpg 1400w, https:\/\/junkersaircraft.com\/wp-content\/uploads\/junkers-ausbildung-300x300.jpg 300w, https:\/\/junkersaircraft.com\/wp-content\/uploads\/junkers-ausbildung-1024x1024.jpg 1024w, https:\/\/junkersaircraft.com\/wp-content\/uploads\/junkers-ausbildung-150x150.jpg 150w, https:\/\/junkersaircraft.com\/wp-content\/uploads\/junkers-ausbildung-768x768.jpg 768w, https:\/\/junkersaircraft.com\/wp-content\/uploads\/junkers-ausbildung-800x800.jpg 800w\" sizes=\"auto, (max-width: 1400px) 100vw, 1400px\" \/><\/a>\t\t\t\t<\/div>\r\n\r\n\t\t\t\t\r\n\t\t\t\r\n\t\t\t<!-- end:image-slider -->\r\n\r\n\t\t\t\n<\/div>\n<\/section>\n\n<section class=\"gb-container gb-container-920d5421 gb-container-alternate\" id=\"ausbildungen\">\n<div class=\"gb-container gb-container-747484b3 alignwide\">\n<div class=\"gb-grid-wrapper gb-grid-wrapper-8c6ee28f\">\n<div class=\"gb-grid-column gb-grid-column-5dafa513\"><div class=\"gb-container gb-container-5dafa513\" data-aos=\"fade-up\" data-aos-delay=\"200\" data-aos-easing=\"ease-out\">\n\n<div class=\"wp-block-pixel-headline headlines is-subheadline-top has-text-align-left\"><h2 class=\"headline\" style=\"color:\">Est\u00e1gios atuais<\/h2><span class=\"subheadline\" style=\"color:\">Oferecemos a voc\u00ea:<\/span><\/div>\n\n<\/div><\/div>\n\n<div class=\"gb-grid-column gb-grid-column-e7ec58f0\"><div class=\"gb-container gb-container-e7ec58f0\" data-aos=\"fade-up\" data-aos-delay=\"400\" data-aos-easing=\"ease-out\">\n\n        <table class=\"jobs sortable\">\n        <tbody>\n        <tr><td class=\"title\"><a href=\"https:\/\/junkersaircraft.com\/pt-br\/carreira\/vagas\/fachlagerist-fachkraft-fuer-lagerlogistik-mwd\/\">Fachlagerist\/ Fachkraft f\u00fcr Lagerlogistik (m\/w\/d) <span class=\"thin\">Oberndorf am Neckar<\/span><\/a><\/td><td class=\"type\">full time<\/td><td class=\"link\"><a href=\"https:\/\/junkersaircraft.com\/pt-br\/carreira\/vagas\/fachlagerist-fachkraft-fuer-lagerlogistik-mwd\/\">Saiba mais<\/a><\/td><\/tr><tr><td class=\"title\"><a href=\"https:\/\/junkersaircraft.com\/pt-br\/carreira\/vagas\/fluggeraetmechaniker-der-fachrichtung-fertigungstechnik-mwd\/\">Flugger\u00e4tmechaniker der Fachrichtung Fertigungstechnik (m\/w\/d) <span class=\"thin\">Oberndorf am Neckar<\/span><\/a><\/td><td class=\"type\">full time<\/td><td class=\"link\"><a href=\"https:\/\/junkersaircraft.com\/pt-br\/carreira\/vagas\/fluggeraetmechaniker-der-fachrichtung-fertigungstechnik-mwd\/\">Saiba mais<\/a><\/td><\/tr><tr><td class=\"title\"><a href=\"https:\/\/junkersaircraft.com\/pt-br\/carreira\/vagas\/industriekaufmann-mwd\/\">Industriekaufmann (m\/w\/d) <span class=\"thin\">Oberndorf am Neckar<\/span><\/a><\/td><td class=\"type\">full time<\/td><td class=\"link\"><a href=\"https:\/\/junkersaircraft.com\/pt-br\/carreira\/vagas\/industriekaufmann-mwd\/\">Saiba mais<\/a><\/td><\/tr><tr><td class=\"title\"><a href=\"https:\/\/junkersaircraft.com\/pt-br\/carreira\/vagas\/verfahrensmechaniker-fuer-beschichtungstechnik-mwd\/\">Verfahrensmechaniker f\u00fcr Beschichtungstechnik (m\/w\/d) <span class=\"thin\">Oberndorf am Neckar<\/span><\/a><\/td><td class=\"type\">full time<\/td><td class=\"link\"><a href=\"https:\/\/junkersaircraft.com\/pt-br\/carreira\/vagas\/verfahrensmechaniker-fuer-beschichtungstechnik-mwd\/\">Saiba mais<\/a><\/td><\/tr>        <\/tbody>\n    <\/table>\n\n    \n\n<\/div><\/div>\n<\/div>\n<\/div>\n<\/section>","protected":false},"excerpt":{"rendered":"<p>Bem-vindo ao fascinante mundo da Junkers Aircraft, onde a hist\u00f3ria e a inova\u00e7\u00e3o se fundem para alcan\u00e7ar novos patamares! Conosco, voc\u00ea tem a oportunidade \u00fanica de dar vida a avi\u00f5es hist\u00f3ricos com tecnologia de ponta. A Junkers Aircraft representa mais do que apenas uma empresa. Somos uma paix\u00e3o, um patrim\u00f4nio e um compromisso com a &#8230; <a title=\"Carreira\" class=\"read-more\" href=\"https:\/\/junkersaircraft.com\/pt-br\/carreira\/\" aria-label=\"Read more about Carreira\">Weiterlesen &#8230;<\/a><\/p>\n","protected":false},"author":1,"featured_media":0,"parent":0,"menu_order":9,"comment_status":"closed","ping_status":"closed","template":"","meta":{"_acf_changed":false,"footnotes":""},"class_list":["post-6400","page","type-page","status-publish"],"acf":[],"yoast_head":"<!-- This site is optimized with the Yoast SEO plugin v27.2 - https:\/\/yoast.com\/product\/yoast-seo-wordpress\/ -->\n<title>Carreira - Junkers<\/title>\n<meta name=\"robots\" content=\"index, follow, max-snippet:-1, max-image-preview:large, max-video-preview:-1\" \/>\n<link rel=\"canonical\" href=\"https:\/\/junkersaircraft.com\/pt-br\/carreira\/\" \/>\n<meta property=\"og:locale\" content=\"pt_BR\" \/>\n<meta property=\"og:type\" content=\"article\" \/>\n<meta property=\"og:title\" content=\"Carreira - Junkers\" \/>\n<meta property=\"og:description\" content=\"Bem-vindo ao fascinante mundo da Junkers Aircraft, onde a hist\u00f3ria e a inova\u00e7\u00e3o se fundem para alcan\u00e7ar novos patamares! Conosco, voc\u00ea tem a oportunidade \u00fanica de dar vida a avi\u00f5es hist\u00f3ricos com tecnologia de ponta. A Junkers Aircraft representa mais do que apenas uma empresa. Somos uma paix\u00e3o, um patrim\u00f4nio e um compromisso com a ... Weiterlesen ...\" \/>\n<meta property=\"og:url\" content=\"https:\/\/junkersaircraft.com\/pt-br\/carreira\/\" \/>\n<meta property=\"og:site_name\" content=\"Junkers\" \/>\n<meta property=\"article:modified_time\" content=\"2025-08-05T10:16:02+00:00\" \/>\n<meta name=\"twitter:card\" content=\"summary_large_image\" \/>\n<meta name=\"twitter:label1\" content=\"Est. tempo de leitura\" \/>\n\t<meta name=\"twitter:data1\" content=\"2 minutos\" \/>\n<script type=\"application\/ld+json\" class=\"yoast-schema-graph\">{\"@context\":\"https:\/\/schema.org\",\"@graph\":[{\"@type\":\"WebPage\",\"@id\":\"https:\/\/junkersaircraft.com\/pt-br\/carreira\/\",\"url\":\"https:\/\/junkersaircraft.com\/pt-br\/carreira\/\",\"name\":\"Carreira - Junkers\",\"isPartOf\":{\"@id\":\"https:\/\/junkersaircraft.com\/#website\"},\"datePublished\":\"2023-07-05T10:47:57+00:00\",\"dateModified\":\"2025-08-05T10:16:02+00:00\",\"breadcrumb\":{\"@id\":\"https:\/\/junkersaircraft.com\/pt-br\/carreira\/#breadcrumb\"},\"inLanguage\":\"pt-BR\",\"potentialAction\":[{\"@type\":\"ReadAction\",\"target\":[\"https:\/\/junkersaircraft.com\/pt-br\/carreira\/\"]}]},{\"@type\":\"BreadcrumbList\",\"@id\":\"https:\/\/junkersaircraft.com\/pt-br\/carreira\/#breadcrumb\",\"itemListElement\":[{\"@type\":\"ListItem\",\"position\":1,\"name\":\"Startseite\",\"item\":\"https:\/\/junkersaircraft.com\/pt-br\/\"},{\"@type\":\"ListItem\",\"position\":2,\"name\":\"Carreira\"}]},{\"@type\":\"WebSite\",\"@id\":\"https:\/\/junkersaircraft.com\/#website\",\"url\":\"https:\/\/junkersaircraft.com\/\",\"name\":\"Junkers\",\"description\":\"\",\"publisher\":{\"@id\":\"https:\/\/junkersaircraft.com\/#organization\"},\"potentialAction\":[{\"@type\":\"SearchAction\",\"target\":{\"@type\":\"EntryPoint\",\"urlTemplate\":\"https:\/\/junkersaircraft.com\/?s={search_term_string}\"},\"query-input\":{\"@type\":\"PropertyValueSpecification\",\"valueRequired\":true,\"valueName\":\"search_term_string\"}}],\"inLanguage\":\"pt-BR\"},{\"@type\":\"Organization\",\"@id\":\"https:\/\/junkersaircraft.com\/#organization\",\"name\":\"Junkers\",\"url\":\"https:\/\/junkersaircraft.com\/\",\"logo\":{\"@type\":\"ImageObject\",\"inLanguage\":\"pt-BR\",\"@id\":\"https:\/\/junkersaircraft.com\/#\/schema\/logo\/image\/\",\"url\":\"https:\/\/junkersaircraft.com\/wp-content\/uploads\/junkers-logo-white-new.svg\",\"contentUrl\":\"https:\/\/junkersaircraft.com\/wp-content\/uploads\/junkers-logo-white-new.svg\",\"caption\":\"Junkers\"},\"image\":{\"@id\":\"https:\/\/junkersaircraft.com\/#\/schema\/logo\/image\/\"}}]}<\/script>\n<!-- \/ Yoast SEO plugin. -->","yoast_head_json":{"title":"Carreira - Junkers","robots":{"index":"index","follow":"follow","max-snippet":"max-snippet:-1","max-image-preview":"max-image-preview:large","max-video-preview":"max-video-preview:-1"},"canonical":"https:\/\/junkersaircraft.com\/pt-br\/carreira\/","og_locale":"pt_BR","og_type":"article","og_title":"Carreira - Junkers","og_description":"Bem-vindo ao fascinante mundo da Junkers Aircraft, onde a hist\u00f3ria e a inova\u00e7\u00e3o se fundem para alcan\u00e7ar novos patamares! Conosco, voc\u00ea tem a oportunidade \u00fanica de dar vida a avi\u00f5es hist\u00f3ricos com tecnologia de ponta. A Junkers Aircraft representa mais do que apenas uma empresa. Somos uma paix\u00e3o, um patrim\u00f4nio e um compromisso com a ... Weiterlesen ...","og_url":"https:\/\/junkersaircraft.com\/pt-br\/carreira\/","og_site_name":"Junkers","article_modified_time":"2025-08-05T10:16:02+00:00","twitter_card":"summary_large_image","twitter_misc":{"Est. tempo de leitura":"2 minutos"},"schema":{"@context":"https:\/\/schema.org","@graph":[{"@type":"WebPage","@id":"https:\/\/junkersaircraft.com\/pt-br\/carreira\/","url":"https:\/\/junkersaircraft.com\/pt-br\/carreira\/","name":"Carreira - Junkers","isPartOf":{"@id":"https:\/\/junkersaircraft.com\/#website"},"datePublished":"2023-07-05T10:47:57+00:00","dateModified":"2025-08-05T10:16:02+00:00","breadcrumb":{"@id":"https:\/\/junkersaircraft.com\/pt-br\/carreira\/#breadcrumb"},"inLanguage":"pt-BR","potentialAction":[{"@type":"ReadAction","target":["https:\/\/junkersaircraft.com\/pt-br\/carreira\/"]}]},{"@type":"BreadcrumbList","@id":"https:\/\/junkersaircraft.com\/pt-br\/carreira\/#breadcrumb","itemListElement":[{"@type":"ListItem","position":1,"name":"Startseite","item":"https:\/\/junkersaircraft.com\/pt-br\/"},{"@type":"ListItem","position":2,"name":"Carreira"}]},{"@type":"WebSite","@id":"https:\/\/junkersaircraft.com\/#website","url":"https:\/\/junkersaircraft.com\/","name":"Junkers","description":"","publisher":{"@id":"https:\/\/junkersaircraft.com\/#organization"},"potentialAction":[{"@type":"SearchAction","target":{"@type":"EntryPoint","urlTemplate":"https:\/\/junkersaircraft.com\/?s={search_term_string}"},"query-input":{"@type":"PropertyValueSpecification","valueRequired":true,"valueName":"search_term_string"}}],"inLanguage":"pt-BR"},{"@type":"Organization","@id":"https:\/\/junkersaircraft.com\/#organization","name":"Junkers","url":"https:\/\/junkersaircraft.com\/","logo":{"@type":"ImageObject","inLanguage":"pt-BR","@id":"https:\/\/junkersaircraft.com\/#\/schema\/logo\/image\/","url":"https:\/\/junkersaircraft.com\/wp-content\/uploads\/junkers-logo-white-new.svg","contentUrl":"https:\/\/junkersaircraft.com\/wp-content\/uploads\/junkers-logo-white-new.svg","caption":"Junkers"},"image":{"@id":"https:\/\/junkersaircraft.com\/#\/schema\/logo\/image\/"}}]}},"_links":{"self":[{"href":"https:\/\/junkersaircraft.com\/pt-br\/wp-json\/wp\/v2\/pages\/6400","targetHints":{"allow":["GET"]}}],"collection":[{"href":"https:\/\/junkersaircraft.com\/pt-br\/wp-json\/wp\/v2\/pages"}],"about":[{"href":"https:\/\/junkersaircraft.com\/pt-br\/wp-json\/wp\/v2\/types\/page"}],"author":[{"embeddable":true,"href":"https:\/\/junkersaircraft.com\/pt-br\/wp-json\/wp\/v2\/users\/1"}],"replies":[{"embeddable":true,"href":"https:\/\/junkersaircraft.com\/pt-br\/wp-json\/wp\/v2\/comments?post=6400"}],"version-history":[{"count":6,"href":"https:\/\/junkersaircraft.com\/pt-br\/wp-json\/wp\/v2\/pages\/6400\/revisions"}],"predecessor-version":[{"id":18951,"href":"https:\/\/junkersaircraft.com\/pt-br\/wp-json\/wp\/v2\/pages\/6400\/revisions\/18951"}],"wp:attachment":[{"href":"https:\/\/junkersaircraft.com\/pt-br\/wp-json\/wp\/v2\/media?parent=6400"}],"curies":[{"name":"wp","href":"https:\/\/api.w.org\/{rel}","templated":true}]}}