{"id":23771,"date":"2024-05-24T10:11:28","date_gmt":"2024-05-24T08:11:28","guid":{"rendered":"https:\/\/junkersaircraft.com\/newsletter-anmeldung\/"},"modified":"2026-02-27T10:21:38","modified_gmt":"2026-02-27T09:21:38","slug":"inscricao-na-newsletter","status":"publish","type":"page","link":"https:\/\/junkersaircraft.com\/pt-br\/inscricao-na-newsletter\/","title":{"rendered":"Inscri\u00e7\u00e3o na newsletter"},"content":{"rendered":"<div class=\"gb-container gb-container-d4e31145\">\n<div class=\"gb-container gb-container-afaee291\">\n<div class=\"gb-grid-wrapper gb-grid-wrapper-3d488c7b\">\n<div class=\"gb-grid-column gb-grid-column-adb1e0e8\"><div class=\"gb-container gb-container-adb1e0e8\">\n\n<div class=\"wp-block-pixel-headline headlines is-subheadline-top has-text-align-left\"><h2 class=\"headline\" style=\"color:\">Inscri\u00e7\u00e3o na newsletter<\/h2><span class=\"subheadline\" style=\"color:\">Not\u00edcias diretamente na sua caixa de correio<\/span><\/div>\n\n\n\n<p>Com a newsletter da Junkers, voc\u00ea fica sempre por dentro das novidades. Sejam novos ultraleves, informa\u00e7\u00f5es interessantes sobre desenvolvimento e tecnologia ou momentos especiais do mundo da avia\u00e7\u00e3o: aqui voc\u00ea encontra tudo o que torna a Junkers t\u00e3o fascinante \u2013 de forma compacta, com alta qualidade e diretamente da fonte.<\/p>\n\n\n\n<p>A inscri\u00e7\u00e3o em nossa newsletter \u00e9 gratuita. Seus dados ser\u00e3o utilizados exclusivamente para o envio da newsletter da Junkers e n\u00e3o ser\u00e3o repassados a terceiros. Voc\u00ea pode revogar seu consentimento a qualquer momento, com efeito para o futuro, atrav\u00e9s do link de cancelamento de inscri\u00e7\u00e3o em cada newsletter ou enviando-nos uma breve mensagem.<\/p>\n\n<\/div><\/div>\n\n<div class=\"gb-grid-column gb-grid-column-c2809b22\"><div class=\"gb-container gb-container-c2809b22\">\n\n\n\t<link rel=\"stylesheet\" href=\"https:\/\/sibforms.com\/forms\/end-form\/build\/sib-styles.css\">\n\n\t<div class=\"sib-form\">\n\t<div id=\"sib-form-container\" class=\"sib-form-container\">\n\t\t<div id=\"error-message\" class=\"sib-form-message-panel\" style=\"font-size:16px; text-align:left; font-family:Helvetica, sans-serif; color:#661d1d; background-color:#ffeded; border-radius:3px; border-color:#ff4949;max-width:540px;\">\n\t\t<div class=\"sib-form-message-panel__text sib-form-message-panel__text--center\">\n\t\t\t<svg viewBox=\"0 0 512 512\" class=\"sib-icon sib-notification__icon\">\n\t\t\t<path d=\"M256 40c118.621 0 216 96.075 216 216 0 119.291-96.61 216-216 216-119.244 0-216-96.562-216-216 0-119.203 96.602-216 216-216m0-32C119.043 8 8 119.083 8 256c0 136.997 111.043 248 248 248s248-111.003 248-248C504 119.083 392.957 8 256 8zm-11.49 120h22.979c6.823 0 12.274 5.682 11.99 12.5l-7 168c-.268 6.428-5.556 11.5-11.99 11.5h-8.979c-6.433 0-11.722-5.073-11.99-11.5l-7-168c-.283-6.818 5.167-12.5 11.99-12.5zM256 340c-15.464 0-28 12.536-28 28s12.536 28 28 28 28-12.536 28-28-12.536-28-28-28z\" \/>\n\t\t\t<\/svg>\n\t\t\t<span class=\"sib-form-message-panel__inner-text\">\n\t\t\t\tN\u00e3o foi poss\u00edvel salvar seu registro. Por favor, tente novamente. \t\t\t\t\t\t<\/span>\n\t\t<\/div>\n\t\t<\/div>\n\t\t<div><\/div>\n\t\t<div id=\"success-message\" class=\"sib-form-message-panel\" style=\"font-size:16px; text-align:left; font-family:Helvetica, sans-serif; color:#085229; background-color:#e7faf0; border-radius:3px; border-color:#13ce66;max-width:540px;\">\n\t\t<div class=\"sib-form-message-panel__text sib-form-message-panel__text--center\">\n\t\t\t<svg viewBox=\"0 0 512 512\" class=\"sib-icon sib-notification__icon\">\n\t\t\t<path d=\"M256 8C119.033 8 8 119.033 8 256s111.033 248 248 248 248-111.033 248-248S392.967 8 256 8zm0 464c-118.664 0-216-96.055-216-216 0-118.663 96.055-216 216-216 118.664 0 216 96.055 216 216 0 118.663-96.055 216-216 216zm141.63-274.961L217.15 376.071c-4.705 4.667-12.303 4.637-16.97-.068l-85.878-86.572c-4.667-4.705-4.637-12.303.068-16.97l8.52-8.451c4.705-4.667 12.303-4.637 16.97.068l68.976 69.533 163.441-162.13c4.705-4.667 12.303-4.637 16.97.068l8.451 8.52c4.668 4.705 4.637 12.303-.068 16.97z\" \/>\n\t\t\t<\/svg>\n\t\t\t<span class=\"sib-form-message-panel__inner-text\">\n\t\t\t\tSeu registro foi bem-sucedido.\t\t\t\t\t\t<\/span>\n\t\t<\/div>\n\t\t<\/div>\n\t\t<div><\/div>\n\t\t<div id=\"sib-container\" class=\"sib-container--large sib-container--vertical\">\n\t\t<form id=\"sib-form\" method=\"POST\" action=\"https:\/\/a777872e.sibforms.com\/serve\/MUIFAHAoaFDQPt2Vq5rssYMNsep2dIhGUdTSOFUtuUwPRXVMiueHvKoUyYOCbPWOzDeqtGvdDZfSEcN9w2gfD4v3VCYqUW_bQHZovxRFmGjuecMUxnm9X2xM7I2jwWxQ-KltEhS6ajvNqvV1Ps3ycP4AdDEocTxpk_KnRUkiJmpPGMrN1cqtx1ew3TFNMnTJQhQ8ER2iWM8J-kUWOw==\" data-type=\"subscription\">\n\t\t\t<div style=\"padding: 8px 0;\">\n\t\t\t<div class=\"sib-form-block sib-headline\">\n\t\t\t\t<p>Subscribe!<\/p>\n\t\t\t<\/div>\n\t\t\t<\/div>\n\t\t\t<!-- <div style=\"padding: 8px 0;\">\n\t\t\t<div class=\"sib-form-block\" style=\"font-size:16px; text-align:left; font-family:Helvetica, sans-serif; color:#3C4858; background-color:transparent; text-align:left\">\n\t\t\t\t<div class=\"sib-text-form-block\">\n\t\t\t\t<p>Sign up for our newsletter to stay up to date.<\/p>\n\t\t\t\t<\/div>\n\t\t\t<\/div>\n\t\t\t<\/div> -->\n\t\t\t<div style=\"padding: 8px 0;\">\n\t\t\t<div class=\"sib-input sib-form-block\">\n\t\t\t\t<div class=\"form__entry entry_block\">\n\t\t\t\t<div class=\"form__label-row \">\n\t\t\t\t\t<label class=\"entry__label sib-email-input-label\" for=\"EMAIL\" data-required=\"*\">Digite seu endere\u00e7o de e-mail para o registro<\/label>\n\n\t\t\t\t\t<div class=\"entry__field\">\n\t\t\t\t\t<input class=\"input sib-email-input-field\" type=\"text\" id=\"EMAIL\" name=\"EMAIL\" autocomplete=\"off\" placeholder=\"E-Mail\" data-required=\"true\" required \/>\n\t\t\t\t\t<\/div>\n\t\t\t\t<\/div>\n\n\t\t\t\t<label class=\"entry__error entry__error--primary\" style=\"font-size:16px; text-align:left; font-family:Helvetica, sans-serif; color:#661d1d; background-color:#ffeded; border-radius:3px; border-color:#ff4949;\">\n\t\t\t\t<\/label>\n\t\t\t\t<\/div>\n\t\t\t<\/div>\n\t\t\t<\/div>\n\t\t\t<div style=\"padding: 8px 0;\">\n\t\t\t<div class=\"sib-optin sib-form-block\" data-required=\"true\">\n\t\t\t\t<div class=\"form__entry entry_mcq\">\n\t\t\t\t<div class=\"form__label-row \">\n\t\t\t\t\t<div class=\"entry__choice\" style=\"\">\n\t\t\t\t\t<label>\n\t\t\t\t\t\t<input type=\"checkbox\" class=\"input_replaced\" value=\"1\" id=\"OPT_IN\" name=\"OPT_IN\" required \/>\n\t\t\t\t\t\t<span class=\"checkbox checkbox_tick_positive\"><\/span><span class=\"sib-checkbox-note\"><p>Eu gostaria de receber seu boletim informativo e li e entendi a pol\u00edtica de privacidade.<\/p><span data-required=\"*\" style=\"display: inline;\" class=\"entry__label entry__label_optin\"><\/span><\/span> <\/label>\n\t\t\t\t\t<\/div>\n\t\t\t\t<\/div>\n\t\t\t\t<label class=\"entry__error entry__error--primary\" style=\"font-size:16px; text-align:left; font-family:Helvetica, sans-serif; color:#661d1d; background-color:#ffeded; border-radius:3px; border-color:#ff4949;\">\n\t\t\t\t<\/label>\n\t\t\t\t<!-- <label class=\"entry__specification\" style=\"font-size:12px; text-align:left; font-family:Helvetica, sans-serif; color:#8390A4; text-align:left\">\n\t\t\t\t\tYou can unsubscribe from our newsletter at any time via the link in our newsletter.\n\t\t\t\t<\/label> -->\n\t\t\t\t<\/div>\n\t\t\t<\/div>\n\t\t\t<\/div>\n\t\t\t<div style=\"padding: 8px 0;\">\n\t\t\t<div class=\"sib-form__declaration\" style=\"direction:ltr\">\n\t\t\t\t<div class=\"declaration-block-icon\">\n\t\t\t\t<svg class=\"icon__SVG\" width=\"0\" height=\"0\" version=\"1.1\" xmlns=\"http:\/\/www.w3.org\/2000\/svg\">\n\t\t\t\t\t<defs>\n\t\t\t\t\t<symbol id=\"svgIcon-sphere\" viewBox=\"0 0 63 63\">\n\t\t\t\t\t\t<path class=\"path1\" d=\"M31.54 0l1.05 3.06 3.385-.01-2.735 1.897 1.05 3.042-2.748-1.886-2.738 1.886 1.044-3.05-2.745-1.897h3.393zm13.97 3.019L46.555 6.4l3.384.01-2.743 2.101 1.048 3.387-2.752-2.1-2.752 2.1 1.054-3.382-2.745-2.105h3.385zm9.998 10.056l1.039 3.382h3.38l-2.751 2.1 1.05 3.382-2.744-2.091-2.743 2.091 1.054-3.381-2.754-2.1h3.385zM58.58 27.1l1.04 3.372h3.379l-2.752 2.096 1.05 3.387-2.744-2.091-2.75 2.092 1.054-3.387-2.747-2.097h3.376zm-3.076 14.02l1.044 3.364h3.385l-2.743 2.09 1.05 3.392-2.744-2.097-2.743 2.097 1.052-3.377-2.752-2.117 3.385-.01zm-9.985 9.91l1.045 3.364h3.393l-2.752 2.09 1.05 3.393-2.745-2.097-2.743 2.097 1.05-3.383-2.751-2.1 3.384-.01zM31.45 55.01l1.044 3.043 3.393-.008-2.752 1.9L34.19 63l-2.744-1.895-2.748 1.891 1.054-3.05-2.743-1.9h3.384zm-13.934-3.98l1.036 3.364h3.402l-2.752 2.09 1.053 3.393-2.747-2.097-2.752 2.097 1.053-3.382-2.743-2.1 3.384-.01zm-9.981-9.91l1.045 3.364h3.398l-2.748 2.09 1.05 3.392-2.753-2.1-2.752 2.096 1.053-3.382-2.743-2.102 3.384-.009zM4.466 27.1l1.038 3.372H8.88l-2.752 2.097 1.053 3.387-2.743-2.09-2.748 2.09 1.053-3.387L0 30.472h3.385zm3.069-14.025l1.045 3.382h3.395L9.23 18.56l1.05 3.381-2.752-2.09-2.752 2.09 1.053-3.381-2.744-2.1h3.384zm9.99-10.056L18.57 6.4l3.393.01-2.743 2.1 1.05 3.373-2.754-2.092-2.751 2.092 1.053-3.382-2.744-2.1h3.384zm24.938 19.394l-10-4.22a2.48 2.48 0 00-1.921 0l-10 4.22A2.529 2.529 0 0019 24.75c0 10.47 5.964 17.705 11.537 20.057a2.48 2.48 0 001.921 0C36.921 42.924 44 36.421 44 24.75a2.532 2.532 0 00-1.537-2.336zm-2.46 6.023l-9.583 9.705a.83.83 0 01-1.177 0l-5.416-5.485a.855.855 0 010-1.192l1.177-1.192a.83.83 0 011.177 0l3.65 3.697 7.819-7.916a.83.83 0 011.177 0l1.177 1.191a.843.843 0 010 1.192z\" fill=\"#0092FF\"><\/path>\n\t\t\t\t\t<\/symbol>\n\t\t\t\t\t<\/defs>\n\t\t\t\t<\/svg>\n\t\t\t\t<svg class=\"svgIcon-sphere\" style=\"width:63px; height:63px;\">\n\t\t\t\t\t<use xlink:href=\"#svgIcon-sphere\"><\/use>\n\t\t\t\t<\/svg>\n\t\t\t\t<\/div>\n\t\t\t\t<div class=\"sib-brevo-note\">\n\t\t\t\t<p>\n\t\t\t\tUsamos a Brevo como nossa plataforma de marketing. Ao enviar o formul\u00e1rio, voc\u00ea concorda que as informa\u00e7\u00f5es pessoais que fornecer ser\u00e3o transferidas para a Brevo para processamento de acordo com a pol\u00edtica de privacidade da Brevo. \t\t\t\t<\/p>\n\t\t\t<\/div>\n\t\t\t<\/div>\n\t\t\t<\/div>\n\t\t\t<div style=\"padding: 8px 0;\">\n\t\t\t<div class=\"sib-form-block\" style=\"text-align: left\">\n\t\t\t\t<button class=\"sib-form-block__button sib-form-block__button-with-loader sib-sent-button\" form=\"sib-form\" type=\"submit\">\n\t\t\t\t<svg class=\"icon clickable__icon progress-indicator__icon sib-hide-loader-icon\" viewBox=\"0 0 512 512\" style=\"\">\n\t\t\t\t\t<path d=\"M460.116 373.846l-20.823-12.022c-5.541-3.199-7.54-10.159-4.663-15.874 30.137-59.886 28.343-131.652-5.386-189.946-33.641-58.394-94.896-95.833-161.827-99.676C261.028 55.961 256 50.751 256 44.352V20.309c0-6.904 5.808-12.337 12.703-11.982 83.556 4.306 160.163 50.864 202.11 123.677 42.063 72.696 44.079 162.316 6.031 236.832-3.14 6.148-10.75 8.461-16.728 5.01z\" \/>\n\t\t\t\t<\/svg>\n\t\t\t\tASSINAR\t\t\t\t<\/button>\n\t\t\t<\/div>\n\t\t\t<\/div>\n\n\t\t\t<input type=\"text\" name=\"email_address_check\" value=\"\" class=\"input--hidden\">\n\t\t\t<input type=\"hidden\" name=\"locale\" value=\"de\">\n\t\t<\/form>\n\t\t<\/div>\n\t<\/div>\n\t<\/div>\n\n\t<script>\n\twindow.REQUIRED_CODE_ERROR_MESSAGE = 'Selecione um c\u00f3digo de pa\u00eds.';\n\twindow.LOCALE = 'de';\n\twindow.EMAIL_INVALID_MESSAGE = window.SMS_INVALID_MESSAGE = \"As informa\u00e7\u00f5es que voc\u00ea inseriu s\u00e3o inv\u00e1lidas. Verifique o formato do campo e tente novamente. \";\n\n\twindow.REQUIRED_ERROR_MESSAGE = \"Esse campo n\u00e3o pode estar vazio.\";\n\n\twindow.GENERIC_INVALID_MESSAGE = \"As informa\u00e7\u00f5es que voc\u00ea inseriu s\u00e3o inv\u00e1lidas. Verifique o formato do campo e tente novamente. \";\n\n\twindow.translation = {\n\t\tcommon: {\n\t\tselectedList: '{quantity} Liste ausgew\u00e4hlt',\n\t\tselectedLists: '{quantity} Listen ausgew\u00e4hlt',\n\t\tselectedOption: '{quantity} ausgew\u00e4hlt',\n\t\tselectedOptions: '{quantity} ausgew\u00e4hlt',\n\t\t}\n\t};\n\n\tvar AUTOHIDE = Boolean(0);\n\t<\/script>\n\n\t<script defer src=\"https:\/\/sibforms.com\/forms\/end-form\/build\/main.js\"><\/script>\n\n\t\n\n<\/div><\/div>\n<\/div>\n<\/div>\n<\/div>","protected":false},"excerpt":{"rendered":"","protected":false},"author":1,"featured_media":0,"parent":0,"menu_order":12,"comment_status":"closed","ping_status":"closed","template":"","meta":{"_acf_changed":false,"footnotes":""},"class_list":["post-23771","page","type-page","status-publish"],"acf":[],"yoast_head":"<!-- This site is optimized with the Yoast SEO plugin v27.2 - https:\/\/yoast.com\/product\/yoast-seo-wordpress\/ -->\n<title>Inscri\u00e7\u00e3o na newsletter - Junkers<\/title>\n<meta name=\"robots\" content=\"index, follow, max-snippet:-1, max-image-preview:large, max-video-preview:-1\" \/>\n<link rel=\"canonical\" href=\"https:\/\/junkersaircraft.com\/pt-br\/inscricao-na-newsletter\/\" \/>\n<meta property=\"og:locale\" content=\"pt_BR\" \/>\n<meta property=\"og:type\" content=\"article\" \/>\n<meta property=\"og:title\" content=\"Inscri\u00e7\u00e3o na newsletter - Junkers\" \/>\n<meta property=\"og:url\" content=\"https:\/\/junkersaircraft.com\/pt-br\/inscricao-na-newsletter\/\" \/>\n<meta property=\"og:site_name\" content=\"Junkers\" \/>\n<meta property=\"article:modified_time\" content=\"2026-02-27T09:21:38+00:00\" \/>\n<meta name=\"twitter:card\" content=\"summary_large_image\" \/>\n<meta name=\"twitter:label1\" content=\"Est. tempo de leitura\" \/>\n\t<meta name=\"twitter:data1\" content=\"1 minuto\" \/>\n<script type=\"application\/ld+json\" class=\"yoast-schema-graph\">{\"@context\":\"https:\/\/schema.org\",\"@graph\":[{\"@type\":\"WebPage\",\"@id\":\"https:\/\/junkersaircraft.com\/pt-br\/inscricao-na-newsletter\/\",\"url\":\"https:\/\/junkersaircraft.com\/pt-br\/inscricao-na-newsletter\/\",\"name\":\"Inscri\u00e7\u00e3o na newsletter - Junkers\",\"isPartOf\":{\"@id\":\"https:\/\/junkersaircraft.com\/#website\"},\"datePublished\":\"2024-05-24T08:11:28+00:00\",\"dateModified\":\"2026-02-27T09:21:38+00:00\",\"breadcrumb\":{\"@id\":\"https:\/\/junkersaircraft.com\/pt-br\/inscricao-na-newsletter\/#breadcrumb\"},\"inLanguage\":\"pt-BR\",\"potentialAction\":[{\"@type\":\"ReadAction\",\"target\":[\"https:\/\/junkersaircraft.com\/pt-br\/inscricao-na-newsletter\/\"]}]},{\"@type\":\"BreadcrumbList\",\"@id\":\"https:\/\/junkersaircraft.com\/pt-br\/inscricao-na-newsletter\/#breadcrumb\",\"itemListElement\":[{\"@type\":\"ListItem\",\"position\":1,\"name\":\"Startseite\",\"item\":\"https:\/\/junkersaircraft.com\/pt-br\/\"},{\"@type\":\"ListItem\",\"position\":2,\"name\":\"Inscri\u00e7\u00e3o na newsletter\"}]},{\"@type\":\"WebSite\",\"@id\":\"https:\/\/junkersaircraft.com\/#website\",\"url\":\"https:\/\/junkersaircraft.com\/\",\"name\":\"Junkers\",\"description\":\"\",\"publisher\":{\"@id\":\"https:\/\/junkersaircraft.com\/#organization\"},\"potentialAction\":[{\"@type\":\"SearchAction\",\"target\":{\"@type\":\"EntryPoint\",\"urlTemplate\":\"https:\/\/junkersaircraft.com\/?s={search_term_string}\"},\"query-input\":{\"@type\":\"PropertyValueSpecification\",\"valueRequired\":true,\"valueName\":\"search_term_string\"}}],\"inLanguage\":\"pt-BR\"},{\"@type\":\"Organization\",\"@id\":\"https:\/\/junkersaircraft.com\/#organization\",\"name\":\"Junkers\",\"url\":\"https:\/\/junkersaircraft.com\/\",\"logo\":{\"@type\":\"ImageObject\",\"inLanguage\":\"pt-BR\",\"@id\":\"https:\/\/junkersaircraft.com\/#\/schema\/logo\/image\/\",\"url\":\"https:\/\/junkersaircraft.com\/wp-content\/uploads\/junkers-logo-white-new.svg\",\"contentUrl\":\"https:\/\/junkersaircraft.com\/wp-content\/uploads\/junkers-logo-white-new.svg\",\"caption\":\"Junkers\"},\"image\":{\"@id\":\"https:\/\/junkersaircraft.com\/#\/schema\/logo\/image\/\"}}]}<\/script>\n<!-- \/ Yoast SEO plugin. -->","yoast_head_json":{"title":"Inscri\u00e7\u00e3o na newsletter - Junkers","robots":{"index":"index","follow":"follow","max-snippet":"max-snippet:-1","max-image-preview":"max-image-preview:large","max-video-preview":"max-video-preview:-1"},"canonical":"https:\/\/junkersaircraft.com\/pt-br\/inscricao-na-newsletter\/","og_locale":"pt_BR","og_type":"article","og_title":"Inscri\u00e7\u00e3o na newsletter - Junkers","og_url":"https:\/\/junkersaircraft.com\/pt-br\/inscricao-na-newsletter\/","og_site_name":"Junkers","article_modified_time":"2026-02-27T09:21:38+00:00","twitter_card":"summary_large_image","twitter_misc":{"Est. tempo de leitura":"1 minuto"},"schema":{"@context":"https:\/\/schema.org","@graph":[{"@type":"WebPage","@id":"https:\/\/junkersaircraft.com\/pt-br\/inscricao-na-newsletter\/","url":"https:\/\/junkersaircraft.com\/pt-br\/inscricao-na-newsletter\/","name":"Inscri\u00e7\u00e3o na newsletter - Junkers","isPartOf":{"@id":"https:\/\/junkersaircraft.com\/#website"},"datePublished":"2024-05-24T08:11:28+00:00","dateModified":"2026-02-27T09:21:38+00:00","breadcrumb":{"@id":"https:\/\/junkersaircraft.com\/pt-br\/inscricao-na-newsletter\/#breadcrumb"},"inLanguage":"pt-BR","potentialAction":[{"@type":"ReadAction","target":["https:\/\/junkersaircraft.com\/pt-br\/inscricao-na-newsletter\/"]}]},{"@type":"BreadcrumbList","@id":"https:\/\/junkersaircraft.com\/pt-br\/inscricao-na-newsletter\/#breadcrumb","itemListElement":[{"@type":"ListItem","position":1,"name":"Startseite","item":"https:\/\/junkersaircraft.com\/pt-br\/"},{"@type":"ListItem","position":2,"name":"Inscri\u00e7\u00e3o na newsletter"}]},{"@type":"WebSite","@id":"https:\/\/junkersaircraft.com\/#website","url":"https:\/\/junkersaircraft.com\/","name":"Junkers","description":"","publisher":{"@id":"https:\/\/junkersaircraft.com\/#organization"},"potentialAction":[{"@type":"SearchAction","target":{"@type":"EntryPoint","urlTemplate":"https:\/\/junkersaircraft.com\/?s={search_term_string}"},"query-input":{"@type":"PropertyValueSpecification","valueRequired":true,"valueName":"search_term_string"}}],"inLanguage":"pt-BR"},{"@type":"Organization","@id":"https:\/\/junkersaircraft.com\/#organization","name":"Junkers","url":"https:\/\/junkersaircraft.com\/","logo":{"@type":"ImageObject","inLanguage":"pt-BR","@id":"https:\/\/junkersaircraft.com\/#\/schema\/logo\/image\/","url":"https:\/\/junkersaircraft.com\/wp-content\/uploads\/junkers-logo-white-new.svg","contentUrl":"https:\/\/junkersaircraft.com\/wp-content\/uploads\/junkers-logo-white-new.svg","caption":"Junkers"},"image":{"@id":"https:\/\/junkersaircraft.com\/#\/schema\/logo\/image\/"}}]}},"_links":{"self":[{"href":"https:\/\/junkersaircraft.com\/pt-br\/wp-json\/wp\/v2\/pages\/23771","targetHints":{"allow":["GET"]}}],"collection":[{"href":"https:\/\/junkersaircraft.com\/pt-br\/wp-json\/wp\/v2\/pages"}],"about":[{"href":"https:\/\/junkersaircraft.com\/pt-br\/wp-json\/wp\/v2\/types\/page"}],"author":[{"embeddable":true,"href":"https:\/\/junkersaircraft.com\/pt-br\/wp-json\/wp\/v2\/users\/1"}],"replies":[{"embeddable":true,"href":"https:\/\/junkersaircraft.com\/pt-br\/wp-json\/wp\/v2\/comments?post=23771"}],"version-history":[{"count":1,"href":"https:\/\/junkersaircraft.com\/pt-br\/wp-json\/wp\/v2\/pages\/23771\/revisions"}],"predecessor-version":[{"id":23778,"href":"https:\/\/junkersaircraft.com\/pt-br\/wp-json\/wp\/v2\/pages\/23771\/revisions\/23778"}],"wp:attachment":[{"href":"https:\/\/junkersaircraft.com\/pt-br\/wp-json\/wp\/v2\/media?parent=23771"}],"curies":[{"name":"wp","href":"https:\/\/api.w.org\/{rel}","templated":true}]}}