{"id":11749,"date":"2023-07-05T12:47:57","date_gmt":"2023-07-05T10:47:57","guid":{"rendered":"https:\/\/junkersaircraft.com\/carriera\/"},"modified":"2025-12-03T10:29:46","modified_gmt":"2025-12-03T09:29:46","slug":"carriera","status":"publish","type":"page","link":"https:\/\/junkersaircraft.com\/it\/carriera\/","title":{"rendered":"Carriera"},"content":{"rendered":"\r\n\t\t\t       \r\n            \r\n            <div class=\"hero hero-41441cb4\">\r\n\t\t\t\t\t\t\t\t<div class=\"acf-innerblocks-container\">\n\r\n\t\t\t       \r\n                    \r\n            <div class=\"hero-slide hero-slide-c8d06f53 is-style-image\">\r\n\t\t\t\t\r\n\t\t\t\t<div class=\"hero-canvas \">\r\n\t\t\t\t\t<h1 class=\"hero-headline\" data-aos=\"fade-up\" data-aos-easing=\"ease-out\">Carriera da Junkers<\/h1>\t\t\t\t\t<span class=\"hero-subheadline subheadline\" data-aos=\"fade-up\" data-aos-easing=\"ease-out\" data-aos-delay=\"300\">Sali a bordo<\/span>\t\t\t\t<\/div>\r\n\r\n\t\t\t\t<div class=\"hero-media hero-media-image\"><img loading=\"lazy\" decoding=\"async\" width=\"2560\" height=\"1440\" src=\"https:\/\/junkersaircraft.com\/wp-content\/uploads\/hero-junkers-career.jpg\" class=\"attachment-full size-full\" alt=\"\" srcset=\"https:\/\/junkersaircraft.com\/wp-content\/uploads\/hero-junkers-career.jpg 2560w, https:\/\/junkersaircraft.com\/wp-content\/uploads\/hero-junkers-career-300x169.jpg 300w, https:\/\/junkersaircraft.com\/wp-content\/uploads\/hero-junkers-career-1024x576.jpg 1024w, https:\/\/junkersaircraft.com\/wp-content\/uploads\/hero-junkers-career-768x432.jpg 768w, https:\/\/junkersaircraft.com\/wp-content\/uploads\/hero-junkers-career-1536x864.jpg 1536w, https:\/\/junkersaircraft.com\/wp-content\/uploads\/hero-junkers-career-2048x1152.jpg 2048w, https:\/\/junkersaircraft.com\/wp-content\/uploads\/hero-junkers-career-800x450.jpg 800w\" sizes=\"auto, (max-width: 2560px) 100vw, 2560px\" \/><\/div>            <\/div>\r\n\t\t\t\t\r\n            \r\n\t\t\t\r\n        \r\n            \n<\/div>\r\n\t\t\t\t\t\t\t\t\t\t\t\t\t<a class=\"hero-action smooth-scroll\" href=\"#start\">\r\n\t\t\t\t\t\t<span class=\"hero-scroll\" href=\"#start\">\r\n\t\t\t\t\t\t\tPer saperne di pi\u00f9\t\t\t\t\t\t<\/span>\r\n\t\t\t\t\t\t<span class=\"hero-scroll-arrow\"><?xml version=\"1.0\" encoding=\"UTF-8\"?> <svg xmlns=\"http:\/\/www.w3.org\/2000\/svg\" xmlns:xlink=\"http:\/\/www.w3.org\/1999\/xlink\" version=\"1.1\" id=\"Ebene_1\" x=\"0px\" y=\"0px\" width=\"73.4px\" height=\"17px\" viewBox=\"0 0 73.4 17\" style=\"enable-background:new 0 0 73.4 17;\" xml:space=\"preserve\"> <polygon style=\"fill:#F4F8FD;\" points=\"36.53,17 36.33,16.92 0,0.92 0.4,0 36.54,15.91 73,0 73.4,0.92 \"><\/polygon> <\/svg> <\/span>\r\n\t\t\t\t\t<\/a>\r\n\t\t\t\t\t\t\t\t\t\t\t\t\t\t\t<\/div>\r\n\t\t\t<div id=\"start\"><\/div>\r\n\t\t\t\t\r\n\t\t\t\r\n\t\t\t        \r\n            \n\n<section class=\"gb-container gb-container-be5e0a7f gb-section-50-50 gb-section-image-right\" id=\"intro\">\n<div class=\"gb-container gb-container-e11ec746\">\n<div class=\"gb-container gb-container-e40ab8bf\" data-aos=\"fade-up\" data-aos-delay=\"200\" data-aos-easing=\"ease-out\">\n\n<div class=\"wp-block-pixel-headline headlines is-subheadline-top has-text-align-left\"><h2 class=\"headline\" style=\"color:\">Pronto al decollo?<\/h2><span class=\"subheadline\" style=\"color:\">Diventa parte di Junkers<\/span><\/div>\n\n<\/div>\n\n<div class=\"gb-container gb-container-a0f6e0c6\" data-aos=\"fade-up\" data-aos-delay=\"400\" data-aos-easing=\"ease-out\">\n\n<p>Benvenuto nel fantastico mondo di Junkers Aircraft, dove storia e innovazione si fondono per raggiungere nuove vette! Da noi hai l&#8217;opportunit\u00e0 unica di riportare in vita aerei storici con la tecnologia pi\u00f9 moderna. <\/p>\n\n\n\n<p>Junkers Aircraft \u00e8 molto pi\u00f9 di un\u2019azienda. \u00c8 passione, eredit\u00e0 e dedizione verso la storia dell\u2019aviazione. Con le nostre fedeli ricostruzioni ridiamo nuova vita agli aerei storici. E non ci limitiamo a custodire il passato: portiamo questi classici nel presente, integrando le tecnologie pi\u00f9 avanzate per contribuire a plasmare il futuro dell\u2019aviazione.<\/p>\n\n\n\n<a class=\"gb-button gb-button-db51e994 gb-button-text gb-button-outline is-style-default smooth-scroll\" href=\"#stellenangebote\">vai alle offerte di lavoro<\/a>\n\n<\/div>\n<\/div>\n\n<div class=\"gb-container gb-container-a3222d1b\" data-aos=\"fade-up\" data-aos-easing=\"ease-out\">\n\r\n\t\t\t<!-- start:image-slider -->\r\n\r\n\t\t\t\r\n\t\t\t\t\r\n\t\t\t\t<div class=\"image-slider image-slider-a62d46f6 full\">\r\n\t\t\t\t\t<a href=\"https:\/\/junkersaircraft.com\/wp-content\/uploads\/junkers-werden-sie-teil.jpg\" class=\"image-slide image-slide-1\" data-fslightbox=\"image-slider-a62d46f6\"><img loading=\"lazy\" decoding=\"async\" width=\"1400\" height=\"1400\" src=\"https:\/\/junkersaircraft.com\/wp-content\/uploads\/junkers-werden-sie-teil.jpg\" class=\"attachment-full size-full\" alt=\"\" srcset=\"https:\/\/junkersaircraft.com\/wp-content\/uploads\/junkers-werden-sie-teil.jpg 1400w, https:\/\/junkersaircraft.com\/wp-content\/uploads\/junkers-werden-sie-teil-300x300.jpg 300w, https:\/\/junkersaircraft.com\/wp-content\/uploads\/junkers-werden-sie-teil-1024x1024.jpg 1024w, https:\/\/junkersaircraft.com\/wp-content\/uploads\/junkers-werden-sie-teil-150x150.jpg 150w, https:\/\/junkersaircraft.com\/wp-content\/uploads\/junkers-werden-sie-teil-768x768.jpg 768w, https:\/\/junkersaircraft.com\/wp-content\/uploads\/junkers-werden-sie-teil-800x800.jpg 800w\" sizes=\"auto, (max-width: 1400px) 100vw, 1400px\" \/><\/a>\t\t\t\t<\/div>\r\n\r\n\t\t\t\t\r\n\t\t\t\r\n\t\t\t<!-- end:image-slider -->\r\n\r\n\t\t\t\n<\/div>\n<\/section>\n\n<section class=\"gb-container gb-container-6ccb25e2 gb-container-brand-dark\" id=\"benefits\">\n<div class=\"gb-container gb-container-547e4de9 alignwide\">\n<div class=\"gb-grid-wrapper gb-grid-wrapper-6674ab5c\">\n<div class=\"gb-grid-column gb-grid-column-74b5594d\"><div class=\"gb-container gb-container-74b5594d\" data-aos=\"fade-up\" data-aos-delay=\"200\" data-aos-easing=\"ease-out\">\n\n<div class=\"wp-block-pixel-headline headlines is-subheadline-top has-text-align-left is-gap-lg\"><h2 class=\"headline\" style=\"color:\">I nostri benefit<\/h2><span class=\"subheadline\" style=\"color:\">Pi\u00f9 di un semplice lavoro<\/span><\/div>\n\n<\/div><\/div>\n\n<div class=\"gb-grid-column gb-grid-column-f1f1d164\"><div class=\"gb-container gb-container-f1f1d164\" data-aos=\"fade-up\" data-aos-delay=\"400\" data-aos-easing=\"ease-out\">\n\n<div class=\"wp-block-pixel-headline headlines is-subheadline-top has-text-align-left is-gap-sm\"><h3 class=\"headline\" style=\"color:\">Ottimo ambiente di lavoro<\/h3><\/div>\n\n\n\n<p>Da Junkers Aircraft creiamo un ambiente di lavoro positivo e stimolante. Lo spirito di squadra e la collaborazione sono la nostra priorit\u00e0. <\/p>\n\n<\/div><\/div>\n\n<div class=\"gb-grid-column gb-grid-column-8d798f32\"><div class=\"gb-container gb-container-8d798f32\" data-aos=\"fade-up\" data-aos-delay=\"400\" data-aos-easing=\"ease-out\">\n\n<div class=\"wp-block-pixel-headline headlines is-subheadline-top has-text-align-left is-gap-sm\"><h3 class=\"headline\" style=\"color:\">Formazione<\/h3><\/div>\n\n\n\n<p>Investiamo nello sviluppo dei nostri dipendenti attraverso corsi regolari e opportunit\u00e0 di formazione individuali.<\/p>\n\n<\/div><\/div>\n\n<div class=\"gb-grid-column gb-grid-column-e0d7f745\"><div class=\"gb-container gb-container-e0d7f745\" data-aos=\"fade-up\" data-aos-delay=\"400\" data-aos-easing=\"ease-out\">\n\n<div class=\"wp-block-pixel-headline headlines is-subheadline-top has-text-align-left is-gap-sm\"><h3 class=\"headline\" style=\"color:\">Flessibilit\u00e0<\/h3><\/div>\n\n\n\n<p>In Junkers Aircraft valorizziamo un sano equilibrio tra lavoro e vita privata. Offriamo orari flessibili e la possibilit\u00e0 di lavorare part-time.<\/p>\n\n<\/div><\/div>\n\n<div class=\"gb-grid-column gb-grid-column-e2500e8c\"><div class=\"gb-container gb-container-e2500e8c\" data-aos=\"fade-up\" data-aos-delay=\"400\" data-aos-easing=\"ease-out\">\n\n<div class=\"wp-block-pixel-headline headlines is-subheadline-top has-text-align-left is-gap-sm\"><h3 class=\"headline\" style=\"color:\">Retribuzione attrattiva<\/h3><\/div>\n\n\n\n<p>Oltre a uno stipendio competitivo, offriamo benefit aggiuntivi come un piano pensionistico aziendale.<\/p>\n\n<\/div><\/div>\n<\/div>\n<\/div>\n<\/section>\n\n<section class=\"gb-container gb-container-4b714028 gb-container-alternate\" id=\"stellenangebote\">\n<div class=\"gb-container gb-container-2fee8501 alignwide\">\n<div class=\"gb-grid-wrapper gb-grid-wrapper-5999d7b0\">\n<div class=\"gb-grid-column gb-grid-column-eefd5fc5\"><div class=\"gb-container gb-container-eefd5fc5\" data-aos=\"fade-up\" data-aos-delay=\"200\" data-aos-easing=\"ease-out\">\n\n<div class=\"wp-block-pixel-headline headlines is-subheadline-top has-text-align-left\"><h2 class=\"headline\" style=\"color:\">Offerte di lavoro attuali<\/h2><span class=\"subheadline\" style=\"color:\">Cerchiamo:<\/span><\/div>\n\n<\/div><\/div>\n\n<div class=\"gb-grid-column gb-grid-column-a5faea1e\"><div class=\"gb-container gb-container-a5faea1e\" data-aos=\"fade-up\" data-aos-delay=\"400\" data-aos-easing=\"ease-out\">\n\n        <table class=\"jobs sortable\">\n        <tbody>\n        <tr><td class=\"title\"><a href=\"https:\/\/junkersaircraft.com\/it\/carriera\/posti-vacanti\/fluggeraetelektroniker-avioniker-mwd\/\">Flugger\u00e4telektroniker \/ Avioniker (m\/w\/d) <span class=\"thin\">Oberndorf am Neckar<\/span><\/a><\/td><td class=\"type\">full time<\/td><td class=\"link\"><a href=\"https:\/\/junkersaircraft.com\/it\/carriera\/posti-vacanti\/fluggeraetelektroniker-avioniker-mwd\/\">Per saperne di pi\u00f9<\/a><\/td><\/tr><tr><td class=\"title\"><a href=\"https:\/\/junkersaircraft.com\/it\/carriera\/posti-vacanti\/fluggeraetmechaniker-instandhaltungstechnik-mwd\/\">Flugger\u00e4tmechaniker Instandhaltungstechnik (m\/w\/d) <span class=\"thin\">Oberndorf am Neckar<\/span><\/a><\/td><td class=\"type\">full time<\/td><td class=\"link\"><a href=\"https:\/\/junkersaircraft.com\/it\/carriera\/posti-vacanti\/fluggeraetmechaniker-instandhaltungstechnik-mwd\/\">Per saperne di pi\u00f9<\/a><\/td><\/tr><tr><td class=\"title\"><a href=\"https:\/\/junkersaircraft.com\/it\/carriera\/posti-vacanti\/flugzeugspengler-fluggeraetmechaniker-fachrichtung-fertigungstechnik-mwd\/\">Flugzeugspengler \/ Flugger\u00e4tmechaniker Fachrichtung Fertigungstechnik (m\/w\/d) <span class=\"thin\">Oberndorf am Neckar<\/span><\/a><\/td><td class=\"type\">full time<\/td><td class=\"link\"><a href=\"https:\/\/junkersaircraft.com\/it\/carriera\/posti-vacanti\/flugzeugspengler-fluggeraetmechaniker-fachrichtung-fertigungstechnik-mwd\/\">Per saperne di pi\u00f9<\/a><\/td><\/tr><tr><td class=\"title\"><a href=\"https:\/\/junkersaircraft.com\/it\/carriera\/posti-vacanti\/leiter-materialwirtschaft\/\">Leiter Materialwirtschaft <span class=\"thin\">Oberndorf am Neckar<\/span><\/a><\/td><td class=\"type\">full time<\/td><td class=\"link\"><a href=\"https:\/\/junkersaircraft.com\/it\/carriera\/posti-vacanti\/leiter-materialwirtschaft\/\">Per saperne di pi\u00f9<\/a><\/td><\/tr>        <\/tbody>\n    <\/table>\n\n    \n\n<\/div><\/div>\n<\/div>\n<\/div>\n<\/section>\n\n<section class=\"gb-container gb-container-9bbe3860 gb-section-50-50 gb-section-image-right\" id=\"apprentice-intro\">\n<div class=\"gb-container gb-container-4c29f01d\">\n<div class=\"gb-container gb-container-587a961e\" data-aos=\"fade-up\" data-aos-delay=\"200\" data-aos-easing=\"ease-out\">\n\n<div class=\"wp-block-pixel-headline headlines is-subheadline-top has-text-align-left\"><h2 class=\"headline\" style=\"color:\">Formazione da Junkers<\/h2><span class=\"subheadline\" style=\"color:\">Per chi vuole spiccare il volo<\/span><\/div>\n\n<\/div>\n\n<div class=\"gb-container gb-container-6be70481\" data-aos=\"fade-up\" data-aos-delay=\"400\" data-aos-easing=\"ease-out\">\n\n<p>Sei in cerca di una formazione professionale affidabile che promette anche avventura? Se gli aerei ti entusiasmano e ti piace sentire l&#8217;aria fresca sul viso, unisciti al team di Junkers Aircraft.  <\/p>\n\n\n\n<p>Accogliamo con piacere candidati con abilit\u00e0 manuali e una passione per le nuove sfide. La nostra formazione ti offre anche un&#8217;opportunit\u00e0 emozionante e varia per lo sviluppo personale &#8211; e siamo felici di supportarti in questo! <\/p>\n\n\n\n<a class=\"gb-button gb-button-8f0e253c gb-button-text gb-button-outline is-style-default smooth-scroll\" href=\"#ausbildungen\">vai ai corsi di formazione<\/a>\n\n<\/div>\n<\/div>\n\n<div class=\"gb-container gb-container-ea17cc13\" data-aos=\"fade-up\" data-aos-easing=\"ease-out\">\n\r\n\t\t\t<!-- start:image-slider -->\r\n\r\n\t\t\t\r\n\t\t\t\t\r\n\t\t\t\t<div class=\"image-slider image-slider-1e4ba1b2 full\">\r\n\t\t\t\t\t<a href=\"https:\/\/junkersaircraft.com\/wp-content\/uploads\/junkers-ausbildung.jpg\" class=\"image-slide image-slide-1\" data-fslightbox=\"image-slider-1e4ba1b2\"><img loading=\"lazy\" decoding=\"async\" width=\"1400\" height=\"1400\" src=\"https:\/\/junkersaircraft.com\/wp-content\/uploads\/junkers-ausbildung.jpg\" class=\"attachment-full size-full\" alt=\"\" srcset=\"https:\/\/junkersaircraft.com\/wp-content\/uploads\/junkers-ausbildung.jpg 1400w, https:\/\/junkersaircraft.com\/wp-content\/uploads\/junkers-ausbildung-300x300.jpg 300w, https:\/\/junkersaircraft.com\/wp-content\/uploads\/junkers-ausbildung-1024x1024.jpg 1024w, https:\/\/junkersaircraft.com\/wp-content\/uploads\/junkers-ausbildung-150x150.jpg 150w, https:\/\/junkersaircraft.com\/wp-content\/uploads\/junkers-ausbildung-768x768.jpg 768w, https:\/\/junkersaircraft.com\/wp-content\/uploads\/junkers-ausbildung-800x800.jpg 800w\" sizes=\"auto, (max-width: 1400px) 100vw, 1400px\" \/><\/a>\t\t\t\t<\/div>\r\n\r\n\t\t\t\t\r\n\t\t\t\r\n\t\t\t<!-- end:image-slider -->\r\n\r\n\t\t\t\n<\/div>\n<\/section>\n\n<section class=\"gb-container gb-container-920d5421 gb-container-alternate\" id=\"ausbildungen\">\n<div class=\"gb-container gb-container-747484b3 alignwide\">\n<div class=\"gb-grid-wrapper gb-grid-wrapper-8c6ee28f\">\n<div class=\"gb-grid-column gb-grid-column-5dafa513\"><div class=\"gb-container gb-container-5dafa513\" data-aos=\"fade-up\" data-aos-delay=\"200\" data-aos-easing=\"ease-out\">\n\n<div class=\"wp-block-pixel-headline headlines is-subheadline-top has-text-align-left\"><h2 class=\"headline\" style=\"color:\">Posti di apprendistato attuali<\/h2><span class=\"subheadline\" style=\"color:\">Offriamo:<\/span><\/div>\n\n<\/div><\/div>\n\n<div class=\"gb-grid-column gb-grid-column-e7ec58f0\"><div class=\"gb-container gb-container-e7ec58f0\" data-aos=\"fade-up\" data-aos-delay=\"400\" data-aos-easing=\"ease-out\">\n\n        <table class=\"jobs sortable\">\n        <tbody>\n        <tr><td class=\"title\"><a href=\"https:\/\/junkersaircraft.com\/it\/carriera\/posti-vacanti\/fachlagerist-fachkraft-fuer-lagerlogistik-mwd\/\">Fachlagerist\/ Fachkraft f\u00fcr Lagerlogistik (m\/w\/d) <span class=\"thin\">Oberndorf am Neckar<\/span><\/a><\/td><td class=\"type\">full time<\/td><td class=\"link\"><a href=\"https:\/\/junkersaircraft.com\/it\/carriera\/posti-vacanti\/fachlagerist-fachkraft-fuer-lagerlogistik-mwd\/\">Per saperne di pi\u00f9<\/a><\/td><\/tr><tr><td class=\"title\"><a href=\"https:\/\/junkersaircraft.com\/it\/carriera\/posti-vacanti\/fluggeraetmechaniker-der-fachrichtung-fertigungstechnik-mwd\/\">Flugger\u00e4tmechaniker der Fachrichtung Fertigungstechnik (m\/w\/d) <span class=\"thin\">Oberndorf am Neckar<\/span><\/a><\/td><td class=\"type\">full time<\/td><td class=\"link\"><a href=\"https:\/\/junkersaircraft.com\/it\/carriera\/posti-vacanti\/fluggeraetmechaniker-der-fachrichtung-fertigungstechnik-mwd\/\">Per saperne di pi\u00f9<\/a><\/td><\/tr><tr><td class=\"title\"><a href=\"https:\/\/junkersaircraft.com\/it\/carriera\/posti-vacanti\/fluggeraetmechaniker-der-fachrichtung-instandhaltungstechnik\/\">Flugger\u00e4tmechaniker der Fachrichtung Instandhaltungstechnik <span class=\"thin\">Oberndorf am Neckar<\/span><\/a><\/td><td class=\"type\">full time<\/td><td class=\"link\"><a href=\"https:\/\/junkersaircraft.com\/it\/carriera\/posti-vacanti\/fluggeraetmechaniker-der-fachrichtung-instandhaltungstechnik\/\">Per saperne di pi\u00f9<\/a><\/td><\/tr><tr><td class=\"title\"><a href=\"https:\/\/junkersaircraft.com\/it\/carriera\/posti-vacanti\/industriekaufmann-mwd\/\">Industriekaufmann (m\/w\/d) <span class=\"thin\">Oberndorf am Neckar<\/span><\/a><\/td><td class=\"type\">full time<\/td><td class=\"link\"><a href=\"https:\/\/junkersaircraft.com\/it\/carriera\/posti-vacanti\/industriekaufmann-mwd\/\">Per saperne di pi\u00f9<\/a><\/td><\/tr><tr><td class=\"title\"><a href=\"https:\/\/junkersaircraft.com\/it\/carriera\/posti-vacanti\/verfahrensmechaniker-fuer-beschichtungstechnik-mwd\/\">Verfahrensmechaniker f\u00fcr Beschichtungstechnik (m\/w\/d) <span class=\"thin\">Oberndorf am Neckar<\/span><\/a><\/td><td class=\"type\">full time<\/td><td class=\"link\"><a href=\"https:\/\/junkersaircraft.com\/it\/carriera\/posti-vacanti\/verfahrensmechaniker-fuer-beschichtungstechnik-mwd\/\">Per saperne di pi\u00f9<\/a><\/td><\/tr>        <\/tbody>\n    <\/table>\n\n    \n\n<\/div><\/div>\n<\/div>\n<\/div>\n<\/section>","protected":false},"excerpt":{"rendered":"<p>Benvenuto nel fantastico mondo di Junkers Aircraft, dove storia e innovazione si fondono per raggiungere nuove vette! Da noi hai l&#8217;opportunit\u00e0 unica di riportare in vita aerei storici con la tecnologia pi\u00f9 moderna. Junkers Aircraft \u00e8 molto pi\u00f9 di un\u2019azienda. \u00c8 passione, eredit\u00e0 e dedizione verso la storia dell\u2019aviazione. Con le nostre fedeli ricostruzioni ridiamo &#8230; <a title=\"Carriera\" class=\"read-more\" href=\"https:\/\/junkersaircraft.com\/it\/carriera\/\" aria-label=\"Per saperne di pi\u00f9 su Carriera\">Weiterlesen &#8230;<\/a><\/p>\n","protected":false},"author":1,"featured_media":0,"parent":0,"menu_order":9,"comment_status":"closed","ping_status":"closed","template":"","meta":{"_acf_changed":false,"footnotes":""},"class_list":["post-11749","page","type-page","status-publish"],"acf":[],"yoast_head":"<!-- This site is optimized with the Yoast SEO plugin v27.2 - https:\/\/yoast.com\/product\/yoast-seo-wordpress\/ -->\n<title>Carriera - Junkers<\/title>\n<meta name=\"robots\" content=\"index, follow, max-snippet:-1, max-image-preview:large, max-video-preview:-1\" \/>\n<link rel=\"canonical\" href=\"https:\/\/junkersaircraft.com\/it\/carriera\/\" \/>\n<meta property=\"og:locale\" content=\"it_IT\" \/>\n<meta property=\"og:type\" content=\"article\" \/>\n<meta property=\"og:title\" content=\"Carriera - Junkers\" \/>\n<meta property=\"og:description\" content=\"Benvenuto nel fantastico mondo di Junkers Aircraft, dove storia e innovazione si fondono per raggiungere nuove vette! Da noi hai l&#8217;opportunit\u00e0 unica di riportare in vita aerei storici con la tecnologia pi\u00f9 moderna. Junkers Aircraft \u00e8 molto pi\u00f9 di un\u2019azienda. \u00c8 passione, eredit\u00e0 e dedizione verso la storia dell\u2019aviazione. Con le nostre fedeli ricostruzioni ridiamo ... Weiterlesen ...\" \/>\n<meta property=\"og:url\" content=\"https:\/\/junkersaircraft.com\/it\/carriera\/\" \/>\n<meta property=\"og:site_name\" content=\"Junkers\" \/>\n<meta property=\"article:modified_time\" content=\"2025-12-03T09:29:46+00:00\" \/>\n<meta name=\"twitter:card\" content=\"summary_large_image\" \/>\n<meta name=\"twitter:label1\" content=\"Tempo di lettura stimato\" \/>\n\t<meta name=\"twitter:data1\" content=\"2 minuti\" \/>\n<script type=\"application\/ld+json\" class=\"yoast-schema-graph\">{\"@context\":\"https:\/\/schema.org\",\"@graph\":[{\"@type\":\"WebPage\",\"@id\":\"https:\/\/junkersaircraft.com\/it\/carriera\/\",\"url\":\"https:\/\/junkersaircraft.com\/it\/carriera\/\",\"name\":\"Carriera - Junkers\",\"isPartOf\":{\"@id\":\"https:\/\/junkersaircraft.com\/#website\"},\"datePublished\":\"2023-07-05T10:47:57+00:00\",\"dateModified\":\"2025-12-03T09:29:46+00:00\",\"breadcrumb\":{\"@id\":\"https:\/\/junkersaircraft.com\/it\/carriera\/#breadcrumb\"},\"inLanguage\":\"it-IT\",\"potentialAction\":[{\"@type\":\"ReadAction\",\"target\":[\"https:\/\/junkersaircraft.com\/it\/carriera\/\"]}]},{\"@type\":\"BreadcrumbList\",\"@id\":\"https:\/\/junkersaircraft.com\/it\/carriera\/#breadcrumb\",\"itemListElement\":[{\"@type\":\"ListItem\",\"position\":1,\"name\":\"Startseite\",\"item\":\"https:\/\/junkersaircraft.com\/it\/\"},{\"@type\":\"ListItem\",\"position\":2,\"name\":\"Carriera\"}]},{\"@type\":\"WebSite\",\"@id\":\"https:\/\/junkersaircraft.com\/#website\",\"url\":\"https:\/\/junkersaircraft.com\/\",\"name\":\"Junkers\",\"description\":\"\",\"publisher\":{\"@id\":\"https:\/\/junkersaircraft.com\/#organization\"},\"potentialAction\":[{\"@type\":\"SearchAction\",\"target\":{\"@type\":\"EntryPoint\",\"urlTemplate\":\"https:\/\/junkersaircraft.com\/?s={search_term_string}\"},\"query-input\":{\"@type\":\"PropertyValueSpecification\",\"valueRequired\":true,\"valueName\":\"search_term_string\"}}],\"inLanguage\":\"it-IT\"},{\"@type\":\"Organization\",\"@id\":\"https:\/\/junkersaircraft.com\/#organization\",\"name\":\"Junkers\",\"url\":\"https:\/\/junkersaircraft.com\/\",\"logo\":{\"@type\":\"ImageObject\",\"inLanguage\":\"it-IT\",\"@id\":\"https:\/\/junkersaircraft.com\/#\/schema\/logo\/image\/\",\"url\":\"https:\/\/junkersaircraft.com\/wp-content\/uploads\/junkers-logo-white-new.svg\",\"contentUrl\":\"https:\/\/junkersaircraft.com\/wp-content\/uploads\/junkers-logo-white-new.svg\",\"caption\":\"Junkers\"},\"image\":{\"@id\":\"https:\/\/junkersaircraft.com\/#\/schema\/logo\/image\/\"}}]}<\/script>\n<!-- \/ Yoast SEO plugin. -->","yoast_head_json":{"title":"Carriera - Junkers","robots":{"index":"index","follow":"follow","max-snippet":"max-snippet:-1","max-image-preview":"max-image-preview:large","max-video-preview":"max-video-preview:-1"},"canonical":"https:\/\/junkersaircraft.com\/it\/carriera\/","og_locale":"it_IT","og_type":"article","og_title":"Carriera - Junkers","og_description":"Benvenuto nel fantastico mondo di Junkers Aircraft, dove storia e innovazione si fondono per raggiungere nuove vette! Da noi hai l&#8217;opportunit\u00e0 unica di riportare in vita aerei storici con la tecnologia pi\u00f9 moderna. Junkers Aircraft \u00e8 molto pi\u00f9 di un\u2019azienda. \u00c8 passione, eredit\u00e0 e dedizione verso la storia dell\u2019aviazione. Con le nostre fedeli ricostruzioni ridiamo ... Weiterlesen ...","og_url":"https:\/\/junkersaircraft.com\/it\/carriera\/","og_site_name":"Junkers","article_modified_time":"2025-12-03T09:29:46+00:00","twitter_card":"summary_large_image","twitter_misc":{"Tempo di lettura stimato":"2 minuti"},"schema":{"@context":"https:\/\/schema.org","@graph":[{"@type":"WebPage","@id":"https:\/\/junkersaircraft.com\/it\/carriera\/","url":"https:\/\/junkersaircraft.com\/it\/carriera\/","name":"Carriera - Junkers","isPartOf":{"@id":"https:\/\/junkersaircraft.com\/#website"},"datePublished":"2023-07-05T10:47:57+00:00","dateModified":"2025-12-03T09:29:46+00:00","breadcrumb":{"@id":"https:\/\/junkersaircraft.com\/it\/carriera\/#breadcrumb"},"inLanguage":"it-IT","potentialAction":[{"@type":"ReadAction","target":["https:\/\/junkersaircraft.com\/it\/carriera\/"]}]},{"@type":"BreadcrumbList","@id":"https:\/\/junkersaircraft.com\/it\/carriera\/#breadcrumb","itemListElement":[{"@type":"ListItem","position":1,"name":"Startseite","item":"https:\/\/junkersaircraft.com\/it\/"},{"@type":"ListItem","position":2,"name":"Carriera"}]},{"@type":"WebSite","@id":"https:\/\/junkersaircraft.com\/#website","url":"https:\/\/junkersaircraft.com\/","name":"Junkers","description":"","publisher":{"@id":"https:\/\/junkersaircraft.com\/#organization"},"potentialAction":[{"@type":"SearchAction","target":{"@type":"EntryPoint","urlTemplate":"https:\/\/junkersaircraft.com\/?s={search_term_string}"},"query-input":{"@type":"PropertyValueSpecification","valueRequired":true,"valueName":"search_term_string"}}],"inLanguage":"it-IT"},{"@type":"Organization","@id":"https:\/\/junkersaircraft.com\/#organization","name":"Junkers","url":"https:\/\/junkersaircraft.com\/","logo":{"@type":"ImageObject","inLanguage":"it-IT","@id":"https:\/\/junkersaircraft.com\/#\/schema\/logo\/image\/","url":"https:\/\/junkersaircraft.com\/wp-content\/uploads\/junkers-logo-white-new.svg","contentUrl":"https:\/\/junkersaircraft.com\/wp-content\/uploads\/junkers-logo-white-new.svg","caption":"Junkers"},"image":{"@id":"https:\/\/junkersaircraft.com\/#\/schema\/logo\/image\/"}}]}},"_links":{"self":[{"href":"https:\/\/junkersaircraft.com\/it\/wp-json\/wp\/v2\/pages\/11749","targetHints":{"allow":["GET"]}}],"collection":[{"href":"https:\/\/junkersaircraft.com\/it\/wp-json\/wp\/v2\/pages"}],"about":[{"href":"https:\/\/junkersaircraft.com\/it\/wp-json\/wp\/v2\/types\/page"}],"author":[{"embeddable":true,"href":"https:\/\/junkersaircraft.com\/it\/wp-json\/wp\/v2\/users\/1"}],"replies":[{"embeddable":true,"href":"https:\/\/junkersaircraft.com\/it\/wp-json\/wp\/v2\/comments?post=11749"}],"version-history":[{"count":6,"href":"https:\/\/junkersaircraft.com\/it\/wp-json\/wp\/v2\/pages\/11749\/revisions"}],"predecessor-version":[{"id":22448,"href":"https:\/\/junkersaircraft.com\/it\/wp-json\/wp\/v2\/pages\/11749\/revisions\/22448"}],"wp:attachment":[{"href":"https:\/\/junkersaircraft.com\/it\/wp-json\/wp\/v2\/media?parent=11749"}],"curies":[{"name":"wp","href":"https:\/\/api.w.org\/{rel}","templated":true}]}}