{"id":11746,"date":"2023-03-28T09:30:22","date_gmt":"2023-03-28T07:30:22","guid":{"rendered":"https:\/\/junkersaircraft.com\/manifattura\/"},"modified":"2025-11-10T13:34:00","modified_gmt":"2025-11-10T12:34:00","slug":"manifattura","status":"publish","type":"page","link":"https:\/\/junkersaircraft.com\/it\/manifattura\/","title":{"rendered":"Manifattura"},"content":{"rendered":"\r\n\t\t\t       \r\n            \r\n            <div class=\"hero hero-f68fd72f\">\r\n\t\t\t\t\t\t\t\t<div class=\"acf-innerblocks-container\">\n\r\n\t\t\t       \r\n                    \r\n            <div class=\"hero-slide hero-slide-d2742109 is-style-image\">\r\n\t\t\t\t\r\n\t\t\t\t<div class=\"hero-canvas \">\r\n\t\t\t\t\t<h1 class=\"hero-headline\" data-aos=\"fade-up\" data-aos-easing=\"ease-out\">Manifattura<\/h1>\t\t\t\t\t<span class=\"hero-subheadline subheadline\" data-aos=\"fade-up\" data-aos-easing=\"ease-out\" data-aos-delay=\"300\">Il nido degli aerei di lamiera ondulata<\/span>\t\t\t\t<\/div>\r\n\r\n\t\t\t\t<div class=\"hero-media hero-media-image\"><img loading=\"lazy\" decoding=\"async\" width=\"2560\" height=\"1440\" src=\"https:\/\/junkersaircraft.com\/wp-content\/uploads\/hero-junkers-manufaktur.jpg\" class=\"attachment-full size-full\" alt=\"Eine Aufnahme des Innenlebens eines Junkers Flugzeugs\" srcset=\"https:\/\/junkersaircraft.com\/wp-content\/uploads\/hero-junkers-manufaktur.jpg 2560w, https:\/\/junkersaircraft.com\/wp-content\/uploads\/hero-junkers-manufaktur-300x169.jpg 300w, https:\/\/junkersaircraft.com\/wp-content\/uploads\/hero-junkers-manufaktur-1024x576.jpg 1024w, https:\/\/junkersaircraft.com\/wp-content\/uploads\/hero-junkers-manufaktur-768x432.jpg 768w, https:\/\/junkersaircraft.com\/wp-content\/uploads\/hero-junkers-manufaktur-1536x864.jpg 1536w, https:\/\/junkersaircraft.com\/wp-content\/uploads\/hero-junkers-manufaktur-2048x1152.jpg 2048w\" sizes=\"auto, (max-width: 2560px) 100vw, 2560px\" \/><\/div>            <\/div>\r\n\t\t\t\t\r\n            \r\n\t\t\t\r\n        \r\n            \n<\/div>\r\n\t\t\t\t\t\t\t\t\t\t\t\t\t<a class=\"hero-action smooth-scroll\" href=\"#start\">\r\n\t\t\t\t\t\t<span class=\"hero-scroll\" href=\"#start\">\r\n\t\t\t\t\t\t\tPer saperne di pi\u00f9\t\t\t\t\t\t<\/span>\r\n\t\t\t\t\t\t<span class=\"hero-scroll-arrow\"><?xml version=\"1.0\" encoding=\"UTF-8\"?> <svg xmlns=\"http:\/\/www.w3.org\/2000\/svg\" xmlns:xlink=\"http:\/\/www.w3.org\/1999\/xlink\" version=\"1.1\" id=\"Ebene_1\" x=\"0px\" y=\"0px\" width=\"73.4px\" height=\"17px\" viewBox=\"0 0 73.4 17\" style=\"enable-background:new 0 0 73.4 17;\" xml:space=\"preserve\"> <polygon style=\"fill:#F4F8FD;\" points=\"36.53,17 36.33,16.92 0,0.92 0.4,0 36.54,15.91 73,0 73.4,0.92 \"><\/polygon> <\/svg> <\/span>\r\n\t\t\t\t\t<\/a>\r\n\t\t\t\t\t\t\t\t\t\t\t\t\t\t\t<\/div>\r\n\t\t\t<div id=\"start\"><\/div>\r\n\t\t\t\t\r\n\t\t\t\r\n\t\t\t        \r\n            \n\n<section class=\"gb-container gb-container-be5e0a7f gb-section-50-50 gb-section-image-right gb-container-alternate\" id=\"intro\">\n<div class=\"gb-container gb-container-e11ec746\">\n\n<div class=\"wp-block-pixel-headline headlines is-subheadline-top has-text-align-left\"><h2 class=\"headline\" style=\"color:\"><strong>Un partner forte al nostro fianco<\/strong><\/h2><span class=\"subheadline\" style=\"color:\">Junkers Aircraft<\/span><\/div>\n\n\n\n<p>Ricostruire una leggenda \u00e8 una cosa. Costruirla perfettamente \u00e8 un&#8217;altra. Sapendo quale responsabilit\u00e0 si cela dietro un compito del genere, abbiamo affidato la produzione delle macchine Junkers ai migliori costruttori di aerei del mondo.<br>Lo Junkers Aircraft si affida a metodi di produzione tradizionali e utilizza reperti archeologici verificati e documenti di costruzione per ricreare completamente le strutture degli aerei. Particolarmente cruciale per la produzione \u00e8 la giusta combinazione di lavoro manuale di precisione e conoscenze approfondite.<\/p>\n\n<\/div>\n\n<div class=\"gb-container gb-container-a3222d1b\">\n\r\n\t\t\t<!-- start:image-slider -->\r\n\r\n\t\t\t\r\n\t\t\t\t\r\n\t\t\t\t<div class=\"image-slider image-slider-5dede4b9 full\">\r\n\t\t\t\t\t<a href=\"https:\/\/junkersaircraft.com\/wp-content\/uploads\/manufaktur_retusche.jpg\" class=\"image-slide image-slide-1\" data-fslightbox=\"image-slider-5dede4b9\"><img loading=\"lazy\" decoding=\"async\" width=\"1230\" height=\"850\" src=\"https:\/\/junkersaircraft.com\/wp-content\/uploads\/manufaktur_retusche.jpg\" class=\"attachment-full size-full\" alt=\"\" srcset=\"https:\/\/junkersaircraft.com\/wp-content\/uploads\/manufaktur_retusche.jpg 1230w, https:\/\/junkersaircraft.com\/wp-content\/uploads\/manufaktur_retusche-300x207.jpg 300w, https:\/\/junkersaircraft.com\/wp-content\/uploads\/manufaktur_retusche-1024x708.jpg 1024w, https:\/\/junkersaircraft.com\/wp-content\/uploads\/manufaktur_retusche-768x531.jpg 768w, https:\/\/junkersaircraft.com\/wp-content\/uploads\/manufaktur_retusche-800x553.jpg 800w\" sizes=\"auto, (max-width: 1230px) 100vw, 1230px\" \/><\/a>\t\t\t\t<\/div>\r\n\r\n\t\t\t\t\r\n\t\t\t\r\n\t\t\t<!-- end:image-slider -->\r\n\r\n\t\t\t\n<\/div>\n<\/section>\n\n<section class=\"gb-container gb-container-8be6f3a1 gb-container-brand-dark\" id=\"quotes\">\n<div class=\"gb-container gb-container-bbc1d9df\">\n\r\n\t\t\t<!-- start:testimonials -->\r\n       \r\n                    \r\n            <div class=\"testimonials testimonials-da6c9eb6 is-style-center\">\r\n\t\t\t\t\t\t\t\t\t<div class=\"acf-innerblocks-container\">\n\r\n\t\t\t<!-- start:testimonial -->\r\n       \r\n                    \r\n            <div class=\"testimonial testimonial-357c5e87\">\r\n\t\t\t\t\t\t\t\t<div class=\"testimonial-content\">\r\n\t\t\t\t\t\t\t\t\t\t\t<span class=\"testimonial-quote\">Continuiamo a stupirci della precisione con cui la gente dello Junkers poteva lavorare in passato senza misurazioni laser e fresatrici CNC.<\/span>\r\n\t\t\t\t\t\t\t\t\t\t<span class=\"testimonial-source\"><b>Max Leidorf<\/b><span class=\"tesimonial-add\">, Junkers Aircraft GmbH<\/span><\/span>\t\t\t\t<\/div>\r\n            <\/div>\r\n\t\t\t\t\r\n\t\t\t\r\n            <!-- end:testimonial -->\r\n        \r\n            \n<\/div>\r\n\t\t\t\t\t\t\t<\/div>\r\n\t\t\t\t\r\n\t\t\t\r\n            <!-- end:testimonials -->\r\n        \r\n            \n<\/div>\n<\/section>\n\n<section class=\"gb-container gb-container-92c9bf8f gb-section-50-50 gb-section-image-left gb-container-alternate-dark\" id=\"about\">\n<div class=\"gb-container gb-container-ac1bd922\">\n\r\n\t\t\t<!-- start:image-slider -->\r\n\r\n\t\t\t\r\n\t\t\t\t\r\n\t\t\t\t<div class=\"image-slider image-slider-7d526017 full\">\r\n\t\t\t\t\t<a href=\"https:\/\/junkersaircraft.com\/wp-content\/uploads\/manufaktur-2.jpg\" class=\"image-slide image-slide-1\" data-fslightbox=\"image-slider-7d526017\"><img loading=\"lazy\" decoding=\"async\" width=\"1230\" height=\"850\" src=\"https:\/\/junkersaircraft.com\/wp-content\/uploads\/manufaktur-2.jpg\" class=\"attachment-full size-full\" alt=\"Eine Aufnahme eines Mannes der Wellblech formt\" srcset=\"https:\/\/junkersaircraft.com\/wp-content\/uploads\/manufaktur-2.jpg 1230w, https:\/\/junkersaircraft.com\/wp-content\/uploads\/manufaktur-2-300x207.jpg 300w, https:\/\/junkersaircraft.com\/wp-content\/uploads\/manufaktur-2-1024x708.jpg 1024w, https:\/\/junkersaircraft.com\/wp-content\/uploads\/manufaktur-2-768x531.jpg 768w\" sizes=\"auto, (max-width: 1230px) 100vw, 1230px\" \/><\/a>\t\t\t\t<\/div>\r\n\r\n\t\t\t\t\r\n\t\t\t\r\n\t\t\t<!-- end:image-slider -->\r\n\r\n\t\t\t\n<\/div>\n\n<div class=\"gb-container gb-container-b2dd0048\">\n\n<div class=\"wp-block-pixel-headline headlines is-subheadline-top has-text-align-left\"><h2 class=\"headline\" style=\"color:\"><strong>Lavoro manuale per le leggende<\/strong><\/h2><span class=\"subheadline\" style=\"color:\">Qui ogni movimento \u00e8 preciso<\/span><\/div>\n\n\n\n<p>Alla Junkers Aircraft, nella cittadina sveva di Oberndorf-Hochm\u00f6ssingen, i nuovi aerei Junkers, lo Junkers F13, lo Junkers A50 Junior e lo Junkers A60 vengono prodotti con un meticoloso lavoro manuale. E quando diciamo meticoloso, lo intendiamo davvero: per esempio, ogni Junkers F13 \u00e8 composto da circa 4.000 pezzi singoli, inclusi 200 metri di tubo in alluminio. Per ogni ala vengono lavorati nove tubi di longherone, ciascuno in tre pezzi e conico verso la fine. Ci sono poi 35.000 rivetti che garantiscono una tenuta sicura e duratura &#8211; uno sforzo costruttivo inimmaginabile, che \u00e8 in ottime mani alla Junkers Aircraft.<\/p>\n\n<\/div>\n<\/section>\n\n<section class=\"gb-container gb-container-82aef137 gb-container-alternate\" id=\"contact\">\n<div class=\"gb-container gb-container-d3310aed alignwide\">\n\t\t\t\t<div id=\"kontakt\" class=\"contact-form is-style-indirizzo gb-grid-wrapper \" >\n\n\t\t\t\t\t\t\t\t\t\t\t<div class=\"contact-form-head gb-grid-column\" style=\"width: 100%;\">\n\t\t\t\t\t\t\t<div class=\"wp-block-pixel-headline headlines is-subheadline-top is-h1 has-text-align-left\">\n\t\t\t\t\t\t\t\t<h2 class=\"headline is-h2\" data-aos=\"fade-up\" data-aos-delay=\"200\" data-aos-easing=\"ease-out\">Ti aiutiamo ad approfondire<\/h2>\n\t\t\t\t\t\t\t\t<span class=\"subheadline\" data-aos=\"fade-up\" data-aos-easing=\"ease-out\">Hai altre domande?<\/span>\n\t\t\t\t\t\t\t<\/div>\n\t\t\t\t\t\t<\/div>\n\t\t\t\t\t\n\n\n\t\t\t\t\t\n\n\t\t\t\t\t\t\t\n\t\t\t\t\t<div class=\"contact-form-main gb-grid-column\" data-aos=\"fade-up\" data-aos-delay=\"600\" data-aos-easing=\"ease-out\">\n\t\t\t\t\t\t\n<div class=\"wpcf7 no-js\" id=\"wpcf7-f11953-o1\" lang=\"it-IT\" dir=\"ltr\" data-wpcf7-id=\"11953\">\n<div class=\"screen-reader-response\"><p role=\"status\" aria-live=\"polite\" aria-atomic=\"true\"><\/p> <ul><\/ul><\/div>\n<form action=\"\/it\/wp-json\/wp\/v2\/pages\/11746#wpcf7-f11953-o1\" method=\"post\" class=\"wpcf7-form init\" aria-label=\"Modulo di contatto\" novalidate=\"novalidate\" data-status=\"init\">\n<fieldset class=\"hidden-fields-container\"><input type=\"hidden\" name=\"_wpcf7\" value=\"11953\" \/><input type=\"hidden\" name=\"_wpcf7_version\" value=\"6.1.5\" \/><input type=\"hidden\" name=\"_wpcf7_locale\" value=\"it_IT\" \/><input type=\"hidden\" name=\"_wpcf7_unit_tag\" value=\"wpcf7-f11953-o1\" \/><input type=\"hidden\" name=\"_wpcf7_container_post\" value=\"0\" \/><input type=\"hidden\" name=\"_wpcf7_posted_data_hash\" value=\"\" \/><input type=\"hidden\" name=\"_wpcf7_recaptcha_response\" value=\"\" \/>\n<\/fieldset>\n<div class=\"form-field full form-note\"><span class=\"form-note-icon\"><\/span><span class=\"form-note-text\">Compila tutti i campi per consentirci di elaborare la tua richiesta nel modo pi\u00f9 rapido ed efficiente.<\/span><\/div>\n<div class=\"form-field\"><label for=\"form-name\">Nome*<\/label><span class=\"wpcf7-form-control-wrap\" data-name=\"clientname\"><input size=\"40\" maxlength=\"400\" class=\"wpcf7-form-control wpcf7-text wpcf7-validates-as-required\" id=\"form-name\" autocomplete=\"name\" aria-required=\"true\" aria-invalid=\"false\" value=\"\" type=\"text\" name=\"clientname\" \/><\/span><\/div>\n<div class=\"form-field\"><label for=\"form-organization\">Azienda<\/label><span class=\"wpcf7-form-control-wrap\" data-name=\"organization\"><input size=\"40\" maxlength=\"400\" class=\"wpcf7-form-control wpcf7-text\" id=\"form-organization\" autocomplete=\"organization\" aria-invalid=\"false\" value=\"\" type=\"text\" name=\"organization\" \/><\/span><\/div>\n<div class=\"form-field\"><label for=\"form-tel\">Telefono<\/label><span class=\"wpcf7-form-control-wrap\" data-name=\"tel\"><input size=\"40\" class=\"wpcf7-form-control wpcf7-phonetext wpcf7-text wpcf7-validates-as-phonetext\" autocomplete=\"tel\" aria-invalid=\"false\" value=\"\" type=\"text\" name=\"tel\" \/><input type=\"hidden\" name=\"tel-country-code\" class=\"wpcf7-phonetext-country-code\" \/><\/span><\/div>\n<div class=\"form-field\"><label for=\"form-email\">E-Mail*<\/label><span class=\"wpcf7-form-control-wrap\" data-name=\"email\"><input size=\"40\" maxlength=\"400\" class=\"wpcf7-form-control wpcf7-email wpcf7-validates-as-required wpcf7-text wpcf7-validates-as-email\" id=\"form-email\" autocomplete=\"email\" aria-required=\"true\" aria-invalid=\"false\" value=\"\" type=\"email\" name=\"email\" \/><\/span><\/div>\n<div class=\"form-field full\"><label for=\"form-aircraft\">Mi interessa:<\/label><span class=\"wpcf7-form-control-wrap\" data-name=\"aircraft\"><select class=\"wpcf7-form-control wpcf7-select\" id=\"form-aircraft\" aria-invalid=\"false\" name=\"aircraft\"><option value=\"Junkers A50 Junior\">Junkers A50 Junior<\/option><option value=\"Junkers A50 Heritage\">Junkers A50 Heritage<\/option><option value=\"Junkers A60\">Junkers A60<\/option><option value=\"Junkers A60 RG\">Junkers A60 RG<\/option><\/select><\/span><\/div>\n<div class=\"form-field full\"><label for=\"form-subject\">Oggetto<\/label><span class=\"wpcf7-form-control-wrap\" data-name=\"subject\"><select class=\"wpcf7-form-control wpcf7-select\" id=\"form-subject\" aria-invalid=\"false\" name=\"subject\"><option value=\"Marketing \/ Vendite Europa\">Marketing \/ Vendite Europa<\/option><option value=\"Acquisti\">Acquisti<\/option><option value=\"Carriera\">Carriera<\/option><option value=\"Marketing \/ Vendite USA\">Marketing \/ Vendite USA<\/option><\/select><\/span><\/div>\n\n<div class=\"form-field full\"><label for=\"form-message\">Il tuo messaggio<\/label><span class=\"wpcf7-form-control-wrap\" data-name=\"message\"><textarea cols=\"40\" rows=\"10\" maxlength=\"2000\" class=\"wpcf7-form-control wpcf7-textarea\" id=\"form-message\" aria-invalid=\"false\" name=\"message\"><\/textarea><\/span><\/div>\n<span id=\"wpcf7-69e755c98524c-wrapper\" class=\"wpcf7-form-control-wrap p-email-wrap\" style=\"display:none !important; visibility:hidden !important;\"><input type=\"hidden\" name=\"p-email-time-start\" value=\"1776768457\"><input type=\"hidden\" name=\"p-email-time-check\" value=\"2\"><label for=\"wpcf7-69e755c98524c-field\" class=\"hp-message\">Bitte lassen Sie dieses Feld leer<\/label><input id=\"wpcf7-69e755c98524c-field\"  class=\"wpcf7-form-control wpcf7-text\" type=\"text\" name=\"p-email\" value=\"\" size=\"40\" tabindex=\"-1\" autocomplete=\"off\" \/><\/span>\n<div class=\"form-field footer full\"><span class=\"wpcf7-form-control-wrap\" data-name=\"ds\"><span class=\"wpcf7-form-control wpcf7-acceptance\"><span class=\"wpcf7-list-item\"><label><input type=\"checkbox\" name=\"ds\" value=\"1\" aria-invalid=\"false\" \/><span class=\"wpcf7-list-item-label\">Accetto la <a href=\"\/datenschutz\/\">privacy policy<\/a><\/span><\/label><\/span><\/span><\/span><input class=\"wpcf7-form-control wpcf7-submit has-spinner\" type=\"submit\" value=\"Invia\" \/><\/div><div class=\"wpcf7-response-output\" aria-hidden=\"true\"><\/div>\n<\/form>\n<\/div>\n\t\t\t\t\t<\/div> \n\t\t\n\t\t\t\t<\/div>\n\t\t\t\n<\/div>\n<\/section>","protected":false},"excerpt":{"rendered":"<p>Ricostruire una leggenda \u00e8 una cosa. Costruirla perfettamente \u00e8 un&#8217;altra. Sapendo quale responsabilit\u00e0 si cela dietro un compito del genere, abbiamo affidato la produzione delle macchine Junkers ai migliori costruttori di aerei del mondo.Lo Junkers Aircraft si affida a metodi di produzione tradizionali e utilizza reperti archeologici verificati e documenti di costruzione per ricreare completamente &#8230; <a title=\"Manifattura\" class=\"read-more\" href=\"https:\/\/junkersaircraft.com\/it\/manifattura\/\" aria-label=\"Per saperne di pi\u00f9 su Manifattura\">Weiterlesen &#8230;<\/a><\/p>\n","protected":false},"author":1,"featured_media":0,"parent":0,"menu_order":7,"comment_status":"closed","ping_status":"closed","template":"","meta":{"_acf_changed":false,"footnotes":""},"class_list":["post-11746","page","type-page","status-publish"],"acf":[],"yoast_head":"<!-- This site is optimized with the Yoast SEO plugin v27.2 - https:\/\/yoast.com\/product\/yoast-seo-wordpress\/ -->\n<title>Manifattura di aerei Junkers - La tradizione incontra la modernit\u00e0<\/title>\n<meta name=\"description\" content=\"Scopri la manifattura Junkers, dove l&#039;artigianato tradizionale incontra la tecnologia moderna per creare aerei eccezionali.\" \/>\n<meta name=\"robots\" content=\"index, follow, max-snippet:-1, max-image-preview:large, max-video-preview:-1\" \/>\n<link rel=\"canonical\" href=\"https:\/\/junkersaircraft.com\/it\/manifattura\/\" \/>\n<meta property=\"og:locale\" content=\"it_IT\" \/>\n<meta property=\"og:type\" content=\"article\" \/>\n<meta property=\"og:title\" content=\"Manifattura di aerei Junkers - La tradizione incontra la modernit\u00e0\" \/>\n<meta property=\"og:description\" content=\"Scopri la manifattura Junkers, dove l&#039;artigianato tradizionale incontra la tecnologia moderna per creare aerei eccezionali.\" \/>\n<meta property=\"og:url\" content=\"https:\/\/junkersaircraft.com\/it\/manifattura\/\" \/>\n<meta property=\"og:site_name\" content=\"Junkers\" \/>\n<meta property=\"article:modified_time\" content=\"2025-11-10T12:34:00+00:00\" \/>\n<meta name=\"twitter:card\" content=\"summary_large_image\" \/>\n<meta name=\"twitter:label1\" content=\"Tempo di lettura stimato\" \/>\n\t<meta name=\"twitter:data1\" content=\"2 minuti\" \/>\n<script type=\"application\/ld+json\" class=\"yoast-schema-graph\">{\"@context\":\"https:\/\/schema.org\",\"@graph\":[{\"@type\":\"WebPage\",\"@id\":\"https:\/\/junkersaircraft.com\/it\/manifattura\/\",\"url\":\"https:\/\/junkersaircraft.com\/it\/manifattura\/\",\"name\":\"Manifattura di aerei Junkers - La tradizione incontra la modernit\u00e0\",\"isPartOf\":{\"@id\":\"https:\/\/junkersaircraft.com\/#website\"},\"datePublished\":\"2023-03-28T07:30:22+00:00\",\"dateModified\":\"2025-11-10T12:34:00+00:00\",\"description\":\"Scopri la manifattura Junkers, dove l'artigianato tradizionale incontra la tecnologia moderna per creare aerei eccezionali.\",\"breadcrumb\":{\"@id\":\"https:\/\/junkersaircraft.com\/it\/manifattura\/#breadcrumb\"},\"inLanguage\":\"it-IT\",\"potentialAction\":[{\"@type\":\"ReadAction\",\"target\":[\"https:\/\/junkersaircraft.com\/it\/manifattura\/\"]}]},{\"@type\":\"BreadcrumbList\",\"@id\":\"https:\/\/junkersaircraft.com\/it\/manifattura\/#breadcrumb\",\"itemListElement\":[{\"@type\":\"ListItem\",\"position\":1,\"name\":\"Startseite\",\"item\":\"https:\/\/junkersaircraft.com\/it\/\"},{\"@type\":\"ListItem\",\"position\":2,\"name\":\"Manifattura\"}]},{\"@type\":\"WebSite\",\"@id\":\"https:\/\/junkersaircraft.com\/#website\",\"url\":\"https:\/\/junkersaircraft.com\/\",\"name\":\"Junkers\",\"description\":\"\",\"publisher\":{\"@id\":\"https:\/\/junkersaircraft.com\/#organization\"},\"potentialAction\":[{\"@type\":\"SearchAction\",\"target\":{\"@type\":\"EntryPoint\",\"urlTemplate\":\"https:\/\/junkersaircraft.com\/?s={search_term_string}\"},\"query-input\":{\"@type\":\"PropertyValueSpecification\",\"valueRequired\":true,\"valueName\":\"search_term_string\"}}],\"inLanguage\":\"it-IT\"},{\"@type\":\"Organization\",\"@id\":\"https:\/\/junkersaircraft.com\/#organization\",\"name\":\"Junkers\",\"url\":\"https:\/\/junkersaircraft.com\/\",\"logo\":{\"@type\":\"ImageObject\",\"inLanguage\":\"it-IT\",\"@id\":\"https:\/\/junkersaircraft.com\/#\/schema\/logo\/image\/\",\"url\":\"https:\/\/junkersaircraft.com\/wp-content\/uploads\/junkers-logo-white-new.svg\",\"contentUrl\":\"https:\/\/junkersaircraft.com\/wp-content\/uploads\/junkers-logo-white-new.svg\",\"caption\":\"Junkers\"},\"image\":{\"@id\":\"https:\/\/junkersaircraft.com\/#\/schema\/logo\/image\/\"}}]}<\/script>\n<!-- \/ Yoast SEO plugin. -->","yoast_head_json":{"title":"Manifattura di aerei Junkers - La tradizione incontra la modernit\u00e0","description":"Scopri la manifattura Junkers, dove l'artigianato tradizionale incontra la tecnologia moderna per creare aerei eccezionali.","robots":{"index":"index","follow":"follow","max-snippet":"max-snippet:-1","max-image-preview":"max-image-preview:large","max-video-preview":"max-video-preview:-1"},"canonical":"https:\/\/junkersaircraft.com\/it\/manifattura\/","og_locale":"it_IT","og_type":"article","og_title":"Manifattura di aerei Junkers - La tradizione incontra la modernit\u00e0","og_description":"Scopri la manifattura Junkers, dove l'artigianato tradizionale incontra la tecnologia moderna per creare aerei eccezionali.","og_url":"https:\/\/junkersaircraft.com\/it\/manifattura\/","og_site_name":"Junkers","article_modified_time":"2025-11-10T12:34:00+00:00","twitter_card":"summary_large_image","twitter_misc":{"Tempo di lettura stimato":"2 minuti"},"schema":{"@context":"https:\/\/schema.org","@graph":[{"@type":"WebPage","@id":"https:\/\/junkersaircraft.com\/it\/manifattura\/","url":"https:\/\/junkersaircraft.com\/it\/manifattura\/","name":"Manifattura di aerei Junkers - La tradizione incontra la modernit\u00e0","isPartOf":{"@id":"https:\/\/junkersaircraft.com\/#website"},"datePublished":"2023-03-28T07:30:22+00:00","dateModified":"2025-11-10T12:34:00+00:00","description":"Scopri la manifattura Junkers, dove l'artigianato tradizionale incontra la tecnologia moderna per creare aerei eccezionali.","breadcrumb":{"@id":"https:\/\/junkersaircraft.com\/it\/manifattura\/#breadcrumb"},"inLanguage":"it-IT","potentialAction":[{"@type":"ReadAction","target":["https:\/\/junkersaircraft.com\/it\/manifattura\/"]}]},{"@type":"BreadcrumbList","@id":"https:\/\/junkersaircraft.com\/it\/manifattura\/#breadcrumb","itemListElement":[{"@type":"ListItem","position":1,"name":"Startseite","item":"https:\/\/junkersaircraft.com\/it\/"},{"@type":"ListItem","position":2,"name":"Manifattura"}]},{"@type":"WebSite","@id":"https:\/\/junkersaircraft.com\/#website","url":"https:\/\/junkersaircraft.com\/","name":"Junkers","description":"","publisher":{"@id":"https:\/\/junkersaircraft.com\/#organization"},"potentialAction":[{"@type":"SearchAction","target":{"@type":"EntryPoint","urlTemplate":"https:\/\/junkersaircraft.com\/?s={search_term_string}"},"query-input":{"@type":"PropertyValueSpecification","valueRequired":true,"valueName":"search_term_string"}}],"inLanguage":"it-IT"},{"@type":"Organization","@id":"https:\/\/junkersaircraft.com\/#organization","name":"Junkers","url":"https:\/\/junkersaircraft.com\/","logo":{"@type":"ImageObject","inLanguage":"it-IT","@id":"https:\/\/junkersaircraft.com\/#\/schema\/logo\/image\/","url":"https:\/\/junkersaircraft.com\/wp-content\/uploads\/junkers-logo-white-new.svg","contentUrl":"https:\/\/junkersaircraft.com\/wp-content\/uploads\/junkers-logo-white-new.svg","caption":"Junkers"},"image":{"@id":"https:\/\/junkersaircraft.com\/#\/schema\/logo\/image\/"}}]}},"_links":{"self":[{"href":"https:\/\/junkersaircraft.com\/it\/wp-json\/wp\/v2\/pages\/11746","targetHints":{"allow":["GET"]}}],"collection":[{"href":"https:\/\/junkersaircraft.com\/it\/wp-json\/wp\/v2\/pages"}],"about":[{"href":"https:\/\/junkersaircraft.com\/it\/wp-json\/wp\/v2\/types\/page"}],"author":[{"embeddable":true,"href":"https:\/\/junkersaircraft.com\/it\/wp-json\/wp\/v2\/users\/1"}],"replies":[{"embeddable":true,"href":"https:\/\/junkersaircraft.com\/it\/wp-json\/wp\/v2\/comments?post=11746"}],"version-history":[{"count":6,"href":"https:\/\/junkersaircraft.com\/it\/wp-json\/wp\/v2\/pages\/11746\/revisions"}],"predecessor-version":[{"id":22107,"href":"https:\/\/junkersaircraft.com\/it\/wp-json\/wp\/v2\/pages\/11746\/revisions\/22107"}],"wp:attachment":[{"href":"https:\/\/junkersaircraft.com\/it\/wp-json\/wp\/v2\/media?parent=11746"}],"curies":[{"name":"wp","href":"https:\/\/api.w.org\/{rel}","templated":true}]}}