{"id":11732,"date":"2023-03-28T09:12:55","date_gmt":"2023-03-28T07:12:55","guid":{"rendered":"https:\/\/junkersaircraft.com\/filosofia\/"},"modified":"2025-11-10T13:15:26","modified_gmt":"2025-11-10T12:15:26","slug":"filosofia","status":"publish","type":"page","link":"https:\/\/junkersaircraft.com\/it\/filosofia\/","title":{"rendered":"Filosofia"},"content":{"rendered":"\r\n\t\t\t       \r\n            \r\n            <div class=\"hero hero-7e87e8f7\">\r\n\t\t\t\t\t\t\t\t<div class=\"acf-innerblocks-container\">\n\r\n\t\t\t       \r\n                    \r\n            <div class=\"hero-slide hero-slide-ae9f277f is-style-image\">\r\n\t\t\t\t\r\n\t\t\t\t<div class=\"hero-canvas \">\r\n\t\t\t\t\t<h1 class=\"hero-headline\" data-aos=\"fade-up\" data-aos-easing=\"ease-out\">Filosofia<\/h1>\t\t\t\t\t<span class=\"hero-subheadline subheadline\" data-aos=\"fade-up\" data-aos-easing=\"ease-out\" data-aos-delay=\"300\">L&#8217;inizio dell&#8217;avventura <\/span>\t\t\t\t<\/div>\r\n\r\n\t\t\t\t<div class=\"hero-media hero-media-image\"><img loading=\"lazy\" decoding=\"async\" width=\"2560\" height=\"1440\" src=\"https:\/\/junkersaircraft.com\/wp-content\/uploads\/hero-junkers-philosophie.jpg\" class=\"attachment-full size-full\" alt=\"Eine Aufnahme von einem Mann der ein Junkers F13 Flugzeug aus dem Hangar schiebt\" srcset=\"https:\/\/junkersaircraft.com\/wp-content\/uploads\/hero-junkers-philosophie.jpg 2560w, https:\/\/junkersaircraft.com\/wp-content\/uploads\/hero-junkers-philosophie-300x169.jpg 300w, https:\/\/junkersaircraft.com\/wp-content\/uploads\/hero-junkers-philosophie-1024x576.jpg 1024w, https:\/\/junkersaircraft.com\/wp-content\/uploads\/hero-junkers-philosophie-768x432.jpg 768w, https:\/\/junkersaircraft.com\/wp-content\/uploads\/hero-junkers-philosophie-1536x864.jpg 1536w, https:\/\/junkersaircraft.com\/wp-content\/uploads\/hero-junkers-philosophie-2048x1152.jpg 2048w\" sizes=\"auto, (max-width: 2560px) 100vw, 2560px\" \/><\/div>            <\/div>\r\n\t\t\t\t\r\n            \r\n\t\t\t\r\n        \r\n            \n<\/div>\r\n\t\t\t\t\t\t\t\t\t\t\t\t\t<a class=\"hero-action smooth-scroll\" href=\"#start\">\r\n\t\t\t\t\t\t<span class=\"hero-scroll\" href=\"#start\">\r\n\t\t\t\t\t\t\tPer saperne di pi\u00f9\t\t\t\t\t\t<\/span>\r\n\t\t\t\t\t\t<span class=\"hero-scroll-arrow\"><?xml version=\"1.0\" encoding=\"UTF-8\"?> <svg xmlns=\"http:\/\/www.w3.org\/2000\/svg\" xmlns:xlink=\"http:\/\/www.w3.org\/1999\/xlink\" version=\"1.1\" id=\"Ebene_1\" x=\"0px\" y=\"0px\" width=\"73.4px\" height=\"17px\" viewBox=\"0 0 73.4 17\" style=\"enable-background:new 0 0 73.4 17;\" xml:space=\"preserve\"> <polygon style=\"fill:#F4F8FD;\" points=\"36.53,17 36.33,16.92 0,0.92 0.4,0 36.54,15.91 73,0 73.4,0.92 \"><\/polygon> <\/svg> <\/span>\r\n\t\t\t\t\t<\/a>\r\n\t\t\t\t\t\t\t\t\t\t\t\t\t\t\t<\/div>\r\n\t\t\t<div id=\"start\"><\/div>\r\n\t\t\t\t\r\n\t\t\t\r\n\t\t\t        \r\n            \n\n<section class=\"gb-container gb-container-be5e0a7f gb-section-50-50 gb-section-image-right gb-container-alternate\" id=\"intro\">\n<div class=\"gb-container gb-container-e11ec746\">\n\n<div class=\"wp-block-pixel-headline headlines is-subheadline-top has-text-align-left\"><h2 class=\"headline\" style=\"color:\">&#8230; reinterpretata per i tempi moderni<\/h2><span class=\"subheadline\" style=\"color:\">Un pezzo di storia dell&#8217;aviazione&#8230;<\/span><\/div>\n\n\n\n<p>Fin da bambino, Dieter Morszeck \u00e8 stato affascinato dal volo. Ormai \u00e8 diventato lui stesso pilota e imprenditore con successo. Ha combinato proprio questi due aspetti in un chiaro concetto aziendale: con la tradizionale azienda Junkers, sta ricostruendo dei classici che sono assolutamente pratici per l&#8217;uso quotidiano &#8211; senza perdere il fascino dei vecchi aerei Junkers.<\/p>\n\n\n\n<p><strong>Sali a bordo, accendi il motore &#8211; e vivi la libert\u00e0.<\/strong><\/p>\n\n<\/div>\n\n<div class=\"gb-container gb-container-a3222d1b\">\n\r\n\t\t\t<!-- start:image-slider -->\r\n\r\n\t\t\t\r\n\t\t\t\t\r\n\t\t\t\t<div class=\"image-slider image-slider-e76f0780 full\">\r\n\t\t\t\t\t<a href=\"https:\/\/junkersaircraft.com\/wp-content\/uploads\/philosophie.jpg\" class=\"image-slide image-slide-1\" data-fslightbox=\"image-slider-e76f0780\"><img loading=\"lazy\" decoding=\"async\" width=\"1500\" height=\"1037\" src=\"https:\/\/junkersaircraft.com\/wp-content\/uploads\/philosophie.jpg\" class=\"attachment-full size-full\" alt=\"Eine Aufnahme von einem Herren der im Cockpit eines Junkers F13 Flugzeuges sitzt\" srcset=\"https:\/\/junkersaircraft.com\/wp-content\/uploads\/philosophie.jpg 1500w, https:\/\/junkersaircraft.com\/wp-content\/uploads\/philosophie-300x207.jpg 300w, https:\/\/junkersaircraft.com\/wp-content\/uploads\/philosophie-1024x708.jpg 1024w, https:\/\/junkersaircraft.com\/wp-content\/uploads\/philosophie-768x531.jpg 768w, https:\/\/junkersaircraft.com\/wp-content\/uploads\/philosophie-1230x850.jpg 1230w, https:\/\/junkersaircraft.com\/wp-content\/uploads\/philosophie-800x553.jpg 800w\" sizes=\"auto, (max-width: 1500px) 100vw, 1500px\" \/><\/a>\t\t\t\t<\/div>\r\n\r\n\t\t\t\t\r\n\t\t\t\r\n\t\t\t<!-- end:image-slider -->\r\n\r\n\t\t\t\n<\/div>\n<\/section>\n\n<section class=\"gb-container gb-container-8be6f3a1 gb-container-base\" id=\"quotes\">\n<div class=\"gb-container gb-container-bbc1d9df\">\n\r\n\t\t\t<!-- start:testimonials -->\r\n       \r\n                    \r\n            <div class=\"testimonials testimonials-cf44e6cf is-style-center\">\r\n\t\t\t\t\t\t\t\t\t<div class=\"acf-innerblocks-container\">\n\r\n\t\t\t<!-- start:testimonial -->\r\n       \r\n                    \r\n            <div class=\"testimonial testimonial-15cf5ab9\">\r\n\t\t\t\t\t\t\t\t<div class=\"testimonial-content\">\r\n\t\t\t\t\t\t\t\t\t\t\t<span class=\"testimonial-quote\">Voglio entusiasmare i giovani per l&#8217;aviazione.<\/span>\r\n\t\t\t\t\t\t\t\t\t\t<span class=\"testimonial-source\"><b>Dieter Morszeck<\/b><span class=\"tesimonial-add\"><\/span><\/span>\t\t\t\t<\/div>\r\n            <\/div>\r\n\t\t\t\t\r\n\t\t\t\r\n            <!-- end:testimonial -->\r\n        \r\n            \n<\/div>\r\n\t\t\t\t\t\t\t<\/div>\r\n\t\t\t\t\r\n\t\t\t\r\n            <!-- end:testimonials -->\r\n        \r\n            \n<\/div>\n<\/section>\n\n<section class=\"gb-container gb-container-ed606351 gb-section-50-50 gb-section-image-left gb-container-alternate-dark\" id=\"tech\">\n<div class=\"gb-container gb-container-24c8b9a0\">\n\r\n\t\t\t<!-- start:image-slider -->\r\n\r\n\t\t\t\r\n\t\t\t\t\r\n\t\t\t\t<div class=\"image-slider image-slider-cecd36be full\">\r\n\t\t\t\t\t<a href=\"https:\/\/junkersaircraft.com\/wp-content\/uploads\/philosophie-2.jpg\" class=\"image-slide image-slide-1\" data-fslightbox=\"image-slider-cecd36be\"><img loading=\"lazy\" decoding=\"async\" width=\"1500\" height=\"1037\" src=\"https:\/\/junkersaircraft.com\/wp-content\/uploads\/philosophie-2.jpg\" class=\"attachment-full size-full\" alt=\"Eine Aufnahme von einem P\u00e4rchen an einem Junkers A50 Flugzeug\" srcset=\"https:\/\/junkersaircraft.com\/wp-content\/uploads\/philosophie-2.jpg 1500w, https:\/\/junkersaircraft.com\/wp-content\/uploads\/philosophie-2-300x207.jpg 300w, https:\/\/junkersaircraft.com\/wp-content\/uploads\/philosophie-2-1024x708.jpg 1024w, https:\/\/junkersaircraft.com\/wp-content\/uploads\/philosophie-2-768x531.jpg 768w, https:\/\/junkersaircraft.com\/wp-content\/uploads\/philosophie-2-1230x850.jpg 1230w, https:\/\/junkersaircraft.com\/wp-content\/uploads\/philosophie-2-800x553.jpg 800w\" sizes=\"auto, (max-width: 1500px) 100vw, 1500px\" \/><\/a>\t\t\t\t<\/div>\r\n\r\n\t\t\t\t\r\n\t\t\t\r\n\t\t\t<!-- end:image-slider -->\r\n\r\n\t\t\t\n<\/div>\n\n<div class=\"gb-container gb-container-e9bd6b64\">\n\n<div class=\"wp-block-pixel-headline headlines is-subheadline-top has-text-align-left\"><h2 class=\"headline\" style=\"color:\">vecchio vestito, nuova tecnologia<\/h2><span class=\"subheadline\" style=\"color:\">Pi\u00f9 retr\u00f2 di cos\u00ec non si pu\u00f2<\/span><\/div>\n\n\n\n<p>L&#8217;obiettivo di Dieter Morszeck \u00e8 chiaro: vuole far volare degli aerei d&#8217;epoca che siano accessibili e utilizzabili quotidianamente da piloti normali. Questo significa che i motori utilizzati da Junkers si distinguono per affidabilit\u00e0 e durata. I carrelli di atterraggio vengono rielaborati in modo che le macchine possano atterrare anche su piste e aeroporti pavimentati. E nella cabina di pilotaggio vengono utilizzati strumenti moderni e apparecchi radio che soddisfano gli attuali standard di sicurezza.    <\/p>\n\n\n\n<p>Quanto bene questo possa riuscire lo si vede dai modelli che hanno riscoperto il cielo. Sia la Junkers F13 che lo Junkers A50 Junior e lo Junkers A60 porteranno nuove persone all&#8217;aviazione e stanno gi\u00e0 entusiasmando come icone di design.<\/p>\n\n<\/div>\n<\/section>\n\n<section class=\"gb-container gb-container-82aef137 gb-container-alternate\" id=\"contact\">\n<div class=\"gb-container gb-container-d3310aed alignwide\">\n\t\t\t\t<div id=\"kontakt\" class=\"contact-form is-style-indirizzo gb-grid-wrapper \" >\n\n\t\t\t\t\t\t\t\t\t\t\t<div class=\"contact-form-head gb-grid-column\" style=\"width: 100%;\">\n\t\t\t\t\t\t\t<div class=\"wp-block-pixel-headline headlines is-subheadline-top is-h1 has-text-align-left\">\n\t\t\t\t\t\t\t\t<h2 class=\"headline is-h2\" data-aos=\"fade-up\" data-aos-delay=\"200\" data-aos-easing=\"ease-out\">Ti aiutiamo ad approfondire<\/h2>\n\t\t\t\t\t\t\t\t<span class=\"subheadline\" data-aos=\"fade-up\" data-aos-easing=\"ease-out\">Hai altre domande?<\/span>\n\t\t\t\t\t\t\t<\/div>\n\t\t\t\t\t\t<\/div>\n\t\t\t\t\t\n\n\n\t\t\t\t\t\n\n\t\t\t\t\t\t\t\n\t\t\t\t\t<div class=\"contact-form-main gb-grid-column\" data-aos=\"fade-up\" data-aos-delay=\"600\" data-aos-easing=\"ease-out\">\n\t\t\t\t\t\t\n<div class=\"wpcf7 no-js\" id=\"wpcf7-f11953-o1\" lang=\"it-IT\" dir=\"ltr\" data-wpcf7-id=\"11953\">\n<div class=\"screen-reader-response\"><p role=\"status\" aria-live=\"polite\" aria-atomic=\"true\"><\/p> <ul><\/ul><\/div>\n<form action=\"\/it\/wp-json\/wp\/v2\/pages\/11732#wpcf7-f11953-o1\" method=\"post\" class=\"wpcf7-form init\" aria-label=\"Modulo di contatto\" novalidate=\"novalidate\" data-status=\"init\">\n<fieldset class=\"hidden-fields-container\"><input type=\"hidden\" name=\"_wpcf7\" value=\"11953\" \/><input type=\"hidden\" name=\"_wpcf7_version\" value=\"6.1.5\" \/><input type=\"hidden\" name=\"_wpcf7_locale\" value=\"it_IT\" \/><input type=\"hidden\" name=\"_wpcf7_unit_tag\" value=\"wpcf7-f11953-o1\" \/><input type=\"hidden\" name=\"_wpcf7_container_post\" value=\"0\" \/><input type=\"hidden\" name=\"_wpcf7_posted_data_hash\" value=\"\" \/><input type=\"hidden\" name=\"_wpcf7_recaptcha_response\" value=\"\" \/>\n<\/fieldset>\n<div class=\"form-field full form-note\"><span class=\"form-note-icon\"><\/span><span class=\"form-note-text\">Compila tutti i campi per consentirci di elaborare la tua richiesta nel modo pi\u00f9 rapido ed efficiente.<\/span><\/div>\n<div class=\"form-field\"><label for=\"form-name\">Nome*<\/label><span class=\"wpcf7-form-control-wrap\" data-name=\"clientname\"><input size=\"40\" maxlength=\"400\" class=\"wpcf7-form-control wpcf7-text wpcf7-validates-as-required\" id=\"form-name\" autocomplete=\"name\" aria-required=\"true\" aria-invalid=\"false\" value=\"\" type=\"text\" name=\"clientname\" \/><\/span><\/div>\n<div class=\"form-field\"><label for=\"form-organization\">Azienda<\/label><span class=\"wpcf7-form-control-wrap\" data-name=\"organization\"><input size=\"40\" maxlength=\"400\" class=\"wpcf7-form-control wpcf7-text\" id=\"form-organization\" autocomplete=\"organization\" aria-invalid=\"false\" value=\"\" type=\"text\" name=\"organization\" \/><\/span><\/div>\n<div class=\"form-field\"><label for=\"form-tel\">Telefono<\/label><span class=\"wpcf7-form-control-wrap\" data-name=\"tel\"><input size=\"40\" class=\"wpcf7-form-control wpcf7-phonetext wpcf7-text wpcf7-validates-as-phonetext\" autocomplete=\"tel\" aria-invalid=\"false\" value=\"\" type=\"text\" name=\"tel\" \/><input type=\"hidden\" name=\"tel-country-code\" class=\"wpcf7-phonetext-country-code\" \/><\/span><\/div>\n<div class=\"form-field\"><label for=\"form-email\">E-Mail*<\/label><span class=\"wpcf7-form-control-wrap\" data-name=\"email\"><input size=\"40\" maxlength=\"400\" class=\"wpcf7-form-control wpcf7-email wpcf7-validates-as-required wpcf7-text wpcf7-validates-as-email\" id=\"form-email\" autocomplete=\"email\" aria-required=\"true\" aria-invalid=\"false\" value=\"\" type=\"email\" name=\"email\" \/><\/span><\/div>\n<div class=\"form-field full\"><label for=\"form-aircraft\">Mi interessa:<\/label><span class=\"wpcf7-form-control-wrap\" data-name=\"aircraft\"><select class=\"wpcf7-form-control wpcf7-select\" id=\"form-aircraft\" aria-invalid=\"false\" name=\"aircraft\"><option value=\"Junkers A50 Junior\">Junkers A50 Junior<\/option><option value=\"Junkers A50 Heritage\">Junkers A50 Heritage<\/option><option value=\"Junkers A60\">Junkers A60<\/option><option value=\"Junkers A60 RG\">Junkers A60 RG<\/option><\/select><\/span><\/div>\n<div class=\"form-field full\"><label for=\"form-subject\">Oggetto<\/label><span class=\"wpcf7-form-control-wrap\" data-name=\"subject\"><select class=\"wpcf7-form-control wpcf7-select\" id=\"form-subject\" aria-invalid=\"false\" name=\"subject\"><option value=\"Marketing \/ Vendite Europa\">Marketing \/ Vendite Europa<\/option><option value=\"Acquisti\">Acquisti<\/option><option value=\"Carriera\">Carriera<\/option><option value=\"Marketing \/ Vendite USA\">Marketing \/ Vendite USA<\/option><\/select><\/span><\/div>\n\n<div class=\"form-field full\"><label for=\"form-message\">Il tuo messaggio<\/label><span class=\"wpcf7-form-control-wrap\" data-name=\"message\"><textarea cols=\"40\" rows=\"10\" maxlength=\"2000\" class=\"wpcf7-form-control wpcf7-textarea\" id=\"form-message\" aria-invalid=\"false\" name=\"message\"><\/textarea><\/span><\/div>\n<span id=\"wpcf7-69f417262b026-wrapper\" class=\"wpcf7-form-control-wrap p-email-wrap\" style=\"display:none !important; visibility:hidden !important;\"><input type=\"hidden\" name=\"p-email-time-start\" value=\"1777604390\"><input type=\"hidden\" name=\"p-email-time-check\" value=\"2\"><label for=\"wpcf7-69f417262b026-field\" class=\"hp-message\">Bitte lassen Sie dieses Feld leer<\/label><input id=\"wpcf7-69f417262b026-field\"  class=\"wpcf7-form-control wpcf7-text\" type=\"text\" name=\"p-email\" value=\"\" size=\"40\" tabindex=\"-1\" autocomplete=\"off\" \/><\/span>\n<div class=\"form-field footer full\"><span class=\"wpcf7-form-control-wrap\" data-name=\"ds\"><span class=\"wpcf7-form-control wpcf7-acceptance\"><span class=\"wpcf7-list-item\"><label><input type=\"checkbox\" name=\"ds\" value=\"1\" aria-invalid=\"false\" \/><span class=\"wpcf7-list-item-label\">Accetto la <a href=\"\/datenschutz\/\">privacy policy<\/a><\/span><\/label><\/span><\/span><\/span><input class=\"wpcf7-form-control wpcf7-submit has-spinner\" type=\"submit\" value=\"Invia\" \/><\/div><div class=\"wpcf7-response-output\" aria-hidden=\"true\"><\/div>\n<\/form>\n<\/div>\n\t\t\t\t\t<\/div> \n\t\t\n\t\t\t\t<\/div>\n\t\t\t\n<\/div>\n<\/section>","protected":false},"excerpt":{"rendered":"<p>Fin da bambino, Dieter Morszeck \u00e8 stato affascinato dal volo. Ormai \u00e8 diventato lui stesso pilota e imprenditore con successo. Ha combinato proprio questi due aspetti in un chiaro concetto aziendale: con la tradizionale azienda Junkers, sta ricostruendo dei classici che sono assolutamente pratici per l&#8217;uso quotidiano &#8211; senza perdere il fascino dei vecchi aerei &#8230; <a title=\"Filosofia\" class=\"read-more\" href=\"https:\/\/junkersaircraft.com\/it\/filosofia\/\" aria-label=\"Per saperne di pi\u00f9 su Filosofia\">Weiterlesen &#8230;<\/a><\/p>\n","protected":false},"author":1,"featured_media":0,"parent":0,"menu_order":6,"comment_status":"closed","ping_status":"closed","template":"","meta":{"_acf_changed":false,"footnotes":""},"class_list":["post-11732","page","type-page","status-publish"],"acf":[],"yoast_head":"<!-- This site is optimized with the Yoast SEO plugin v27.5 - https:\/\/yoast.com\/product\/yoast-seo-wordpress\/ -->\n<title>Filosofia Junkers - Innovazione Tecnica<\/title>\n<meta name=\"description\" content=\"Scopri di pi\u00f9 sulla filosofia di Junkers Aircraft, caratterizzata da innovazione, progresso tecnico e passione per l&#039;aviazione.\" \/>\n<meta name=\"robots\" content=\"index, follow, max-snippet:-1, max-image-preview:large, max-video-preview:-1\" \/>\n<link rel=\"canonical\" href=\"https:\/\/junkersaircraft.com\/it\/filosofia\/\" \/>\n<meta property=\"og:locale\" content=\"it_IT\" \/>\n<meta property=\"og:type\" content=\"article\" \/>\n<meta property=\"og:title\" content=\"Filosofia Junkers - Innovazione Tecnica\" \/>\n<meta property=\"og:description\" content=\"Scopri di pi\u00f9 sulla filosofia di Junkers Aircraft, caratterizzata da innovazione, progresso tecnico e passione per l&#039;aviazione.\" \/>\n<meta property=\"og:url\" content=\"https:\/\/junkersaircraft.com\/it\/filosofia\/\" \/>\n<meta property=\"og:site_name\" content=\"Junkers\" \/>\n<meta property=\"article:modified_time\" content=\"2025-11-10T12:15:26+00:00\" \/>\n<meta name=\"twitter:card\" content=\"summary_large_image\" \/>\n<meta name=\"twitter:label1\" content=\"Tempo di lettura stimato\" \/>\n\t<meta name=\"twitter:data1\" content=\"2 minuti\" \/>\n<script type=\"application\/ld+json\" class=\"yoast-schema-graph\">{\"@context\":\"https:\\\/\\\/schema.org\",\"@graph\":[{\"@type\":\"WebPage\",\"@id\":\"https:\\\/\\\/junkersaircraft.com\\\/it\\\/filosofia\\\/\",\"url\":\"https:\\\/\\\/junkersaircraft.com\\\/it\\\/filosofia\\\/\",\"name\":\"Filosofia Junkers - Innovazione Tecnica\",\"isPartOf\":{\"@id\":\"https:\\\/\\\/junkersaircraft.com\\\/#website\"},\"datePublished\":\"2023-03-28T07:12:55+00:00\",\"dateModified\":\"2025-11-10T12:15:26+00:00\",\"description\":\"Scopri di pi\u00f9 sulla filosofia di Junkers Aircraft, caratterizzata da innovazione, progresso tecnico e passione per l'aviazione.\",\"breadcrumb\":{\"@id\":\"https:\\\/\\\/junkersaircraft.com\\\/it\\\/filosofia\\\/#breadcrumb\"},\"inLanguage\":\"it-IT\",\"potentialAction\":[{\"@type\":\"ReadAction\",\"target\":[\"https:\\\/\\\/junkersaircraft.com\\\/it\\\/filosofia\\\/\"]}]},{\"@type\":\"BreadcrumbList\",\"@id\":\"https:\\\/\\\/junkersaircraft.com\\\/it\\\/filosofia\\\/#breadcrumb\",\"itemListElement\":[{\"@type\":\"ListItem\",\"position\":1,\"name\":\"Startseite\",\"item\":\"https:\\\/\\\/junkersaircraft.com\\\/it\\\/\"},{\"@type\":\"ListItem\",\"position\":2,\"name\":\"Filosofia\"}]},{\"@type\":\"WebSite\",\"@id\":\"https:\\\/\\\/junkersaircraft.com\\\/#website\",\"url\":\"https:\\\/\\\/junkersaircraft.com\\\/\",\"name\":\"Junkers\",\"description\":\"\",\"publisher\":{\"@id\":\"https:\\\/\\\/junkersaircraft.com\\\/#organization\"},\"potentialAction\":[{\"@type\":\"SearchAction\",\"target\":{\"@type\":\"EntryPoint\",\"urlTemplate\":\"https:\\\/\\\/junkersaircraft.com\\\/?s={search_term_string}\"},\"query-input\":{\"@type\":\"PropertyValueSpecification\",\"valueRequired\":true,\"valueName\":\"search_term_string\"}}],\"inLanguage\":\"it-IT\"},{\"@type\":\"Organization\",\"@id\":\"https:\\\/\\\/junkersaircraft.com\\\/#organization\",\"name\":\"Junkers\",\"url\":\"https:\\\/\\\/junkersaircraft.com\\\/\",\"logo\":{\"@type\":\"ImageObject\",\"inLanguage\":\"it-IT\",\"@id\":\"https:\\\/\\\/junkersaircraft.com\\\/#\\\/schema\\\/logo\\\/image\\\/\",\"url\":\"https:\\\/\\\/junkersaircraft.com\\\/wp-content\\\/uploads\\\/junkers-logo-white-new.svg\",\"contentUrl\":\"https:\\\/\\\/junkersaircraft.com\\\/wp-content\\\/uploads\\\/junkers-logo-white-new.svg\",\"caption\":\"Junkers\"},\"image\":{\"@id\":\"https:\\\/\\\/junkersaircraft.com\\\/#\\\/schema\\\/logo\\\/image\\\/\"}}]}<\/script>\n<!-- \/ Yoast SEO plugin. -->","yoast_head_json":{"title":"Filosofia Junkers - Innovazione Tecnica","description":"Scopri di pi\u00f9 sulla filosofia di Junkers Aircraft, caratterizzata da innovazione, progresso tecnico e passione per l'aviazione.","robots":{"index":"index","follow":"follow","max-snippet":"max-snippet:-1","max-image-preview":"max-image-preview:large","max-video-preview":"max-video-preview:-1"},"canonical":"https:\/\/junkersaircraft.com\/it\/filosofia\/","og_locale":"it_IT","og_type":"article","og_title":"Filosofia Junkers - Innovazione Tecnica","og_description":"Scopri di pi\u00f9 sulla filosofia di Junkers Aircraft, caratterizzata da innovazione, progresso tecnico e passione per l'aviazione.","og_url":"https:\/\/junkersaircraft.com\/it\/filosofia\/","og_site_name":"Junkers","article_modified_time":"2025-11-10T12:15:26+00:00","twitter_card":"summary_large_image","twitter_misc":{"Tempo di lettura stimato":"2 minuti"},"schema":{"@context":"https:\/\/schema.org","@graph":[{"@type":"WebPage","@id":"https:\/\/junkersaircraft.com\/it\/filosofia\/","url":"https:\/\/junkersaircraft.com\/it\/filosofia\/","name":"Filosofia Junkers - Innovazione Tecnica","isPartOf":{"@id":"https:\/\/junkersaircraft.com\/#website"},"datePublished":"2023-03-28T07:12:55+00:00","dateModified":"2025-11-10T12:15:26+00:00","description":"Scopri di pi\u00f9 sulla filosofia di Junkers Aircraft, caratterizzata da innovazione, progresso tecnico e passione per l'aviazione.","breadcrumb":{"@id":"https:\/\/junkersaircraft.com\/it\/filosofia\/#breadcrumb"},"inLanguage":"it-IT","potentialAction":[{"@type":"ReadAction","target":["https:\/\/junkersaircraft.com\/it\/filosofia\/"]}]},{"@type":"BreadcrumbList","@id":"https:\/\/junkersaircraft.com\/it\/filosofia\/#breadcrumb","itemListElement":[{"@type":"ListItem","position":1,"name":"Startseite","item":"https:\/\/junkersaircraft.com\/it\/"},{"@type":"ListItem","position":2,"name":"Filosofia"}]},{"@type":"WebSite","@id":"https:\/\/junkersaircraft.com\/#website","url":"https:\/\/junkersaircraft.com\/","name":"Junkers","description":"","publisher":{"@id":"https:\/\/junkersaircraft.com\/#organization"},"potentialAction":[{"@type":"SearchAction","target":{"@type":"EntryPoint","urlTemplate":"https:\/\/junkersaircraft.com\/?s={search_term_string}"},"query-input":{"@type":"PropertyValueSpecification","valueRequired":true,"valueName":"search_term_string"}}],"inLanguage":"it-IT"},{"@type":"Organization","@id":"https:\/\/junkersaircraft.com\/#organization","name":"Junkers","url":"https:\/\/junkersaircraft.com\/","logo":{"@type":"ImageObject","inLanguage":"it-IT","@id":"https:\/\/junkersaircraft.com\/#\/schema\/logo\/image\/","url":"https:\/\/junkersaircraft.com\/wp-content\/uploads\/junkers-logo-white-new.svg","contentUrl":"https:\/\/junkersaircraft.com\/wp-content\/uploads\/junkers-logo-white-new.svg","caption":"Junkers"},"image":{"@id":"https:\/\/junkersaircraft.com\/#\/schema\/logo\/image\/"}}]}},"_links":{"self":[{"href":"https:\/\/junkersaircraft.com\/it\/wp-json\/wp\/v2\/pages\/11732","targetHints":{"allow":["GET"]}}],"collection":[{"href":"https:\/\/junkersaircraft.com\/it\/wp-json\/wp\/v2\/pages"}],"about":[{"href":"https:\/\/junkersaircraft.com\/it\/wp-json\/wp\/v2\/types\/page"}],"author":[{"embeddable":true,"href":"https:\/\/junkersaircraft.com\/it\/wp-json\/wp\/v2\/users\/1"}],"replies":[{"embeddable":true,"href":"https:\/\/junkersaircraft.com\/it\/wp-json\/wp\/v2\/comments?post=11732"}],"version-history":[{"count":6,"href":"https:\/\/junkersaircraft.com\/it\/wp-json\/wp\/v2\/pages\/11732\/revisions"}],"predecessor-version":[{"id":22093,"href":"https:\/\/junkersaircraft.com\/it\/wp-json\/wp\/v2\/pages\/11732\/revisions\/22093"}],"wp:attachment":[{"href":"https:\/\/junkersaircraft.com\/it\/wp-json\/wp\/v2\/media?parent=11732"}],"curies":[{"name":"wp","href":"https:\/\/api.w.org\/{rel}","templated":true}]}}