{"id":23731,"date":"2026-02-26T12:03:39","date_gmt":"2026-02-26T11:03:39","guid":{"rendered":"https:\/\/junkersaircraft.com\/rencontrez-nous-2\/"},"modified":"2026-02-26T12:11:55","modified_gmt":"2026-02-26T11:11:55","slug":"rencontrez-nous","status":"publish","type":"page","link":"https:\/\/junkersaircraft.com\/fr\/rencontrez-nous\/","title":{"rendered":"Rencontrez-nous"},"content":{"rendered":"<div class=\"gb-container gb-container-d4e31145\">\n<div class=\"gb-container gb-container-afaee291\">\n<div class=\"gb-grid-wrapper gb-grid-wrapper-3d488c7b\">\n<div class=\"gb-grid-column gb-grid-column-adb1e0e8\"><div class=\"gb-container gb-container-adb1e0e8\">\n\n<div class=\"wp-block-pixel-headline headlines is-subheadline-top has-text-align-left\"><h2 class=\"headline\" style=\"color:\">Rencontre avec nous et nos avions<\/h2><span class=\"subheadline\" style=\"color:\">\u00c9v\u00e9nements en direct avec JunkERS<\/span><\/div>\n\n<\/div><\/div>\n\n<div class=\"gb-grid-column gb-grid-column-c2809b22\"><div class=\"gb-container gb-container-c2809b22\">\n\n\t\t\t        \n                    \n            <div id='eventlist-23732f32' class=\"eventlist eventlist-23732f32 eventlist\">\n\t\t\t<div class='events-group'><div class='eventlist-header event-row'><span class='eventlist-headline'>Date<\/span><span class='eventlist-headline'>Emplacement<\/span><span class='eventlist-headline'>\u00c9v\u00e9nement<\/span><span class='eventlist-headline'>Avion<\/span><\/div><div class='gb-container gb-accordion'><div class='gb-container gb-accordion__item has-no-content' data-transition='slide'><button class='gb-button gb-accordion__toggle' aria-expanded='true'><span class='eventlist-date' data-title='Date'>01. &#8211; 06. avril 2025<\/span><span class='eventlist-location' data-title='Emplacement'><span class='eventlist-country'>\u00c9TATS-UNIS<\/span> \/ <span class='eventlist-city'>Lakeland<\/span><\/span><span class='eventlist-event' data-title='\u00c9v\u00e9nement'>Airshow Sun &#038; Fun  <\/span><span class='eventlist-aircraft' data-title='Avion'>A50 Junior, A50 Heritage<\/span><div class='eventlist-icon'><span class='eventlist-icon-line'><\/span><span class='eventlist-icon-line'><\/span><\/div><\/button><div class='gb-accordion__content'><div class='gb-container'><\/div><\/div><\/div><div class='gb-container gb-accordion__item has-no-content' data-transition='slide'><button class='gb-button gb-accordion__toggle' aria-expanded='true'><span class='eventlist-date' data-title='Date'>08. &#8211; 12. avril 2025<\/span><span class='eventlist-location' data-title='Emplacement'><span class='eventlist-country'>Allemagne<\/span> \/ <span class='eventlist-city'>Friedrichshafen<\/span><\/span><span class='eventlist-event' data-title='\u00c9v\u00e9nement'>Salon de l&rsquo;aviation AERO<\/span><span class='eventlist-aircraft' data-title='Avion'>A50 Junior, A50 Heritage, A60<\/span><div class='eventlist-icon'><span class='eventlist-icon-line'><\/span><span class='eventlist-icon-line'><\/span><\/div><\/button><div class='gb-accordion__content'><div class='gb-container'><\/div><\/div><\/div><div class='gb-container gb-accordion__item has-no-content' data-transition='slide'><button class='gb-button gb-accordion__toggle' aria-expanded='true'><span class='eventlist-date' data-title='Date'>01. mai 2025<\/span><span class='eventlist-location' data-title='Emplacement'><span class='eventlist-country'>Allemagne<\/span> \/ <span class='eventlist-city'>Jesenwang (Bayern)<\/span><\/span><span class='eventlist-event' data-title='\u00c9v\u00e9nement'>F\u00eate de l&rsquo;a\u00e9rodrome<\/span><span class='eventlist-aircraft' data-title='Avion'>A50 Junior<\/span><div class='eventlist-icon'><span class='eventlist-icon-line'><\/span><span class='eventlist-icon-line'><\/span><\/div><\/button><div class='gb-accordion__content'><div class='gb-container'><\/div><\/div><\/div><div class='gb-container gb-accordion__item has-no-content' data-transition='slide'><button class='gb-button gb-accordion__toggle' aria-expanded='true'><span class='eventlist-date' data-title='Date'>07. &#8211; 11. mai 2025<\/span><span class='eventlist-location' data-title='Emplacement'><span class='eventlist-country'>Monaco<\/span> \/ <span class='eventlist-city'>Monaco<\/span><\/span><span class='eventlist-event' data-title='\u00c9v\u00e9nement'>Show de voitures anciennes Top Marques<\/span><span class='eventlist-aircraft' data-title='Avion'>A50 Heritage<\/span><div class='eventlist-icon'><span class='eventlist-icon-line'><\/span><span class='eventlist-icon-line'><\/span><\/div><\/button><div class='gb-accordion__content'><div class='gb-container'><\/div><\/div><\/div><div class='gb-container gb-accordion__item has-no-content' data-transition='slide'><button class='gb-button gb-accordion__toggle' aria-expanded='true'><span class='eventlist-date' data-title='Date'>09. mai 2026<\/span><span class='eventlist-location' data-title='Emplacement'><span class='eventlist-country'>Italie<\/span> \/ <span class='eventlist-city'>Verona<\/span><\/span><span class='eventlist-event' data-title='\u00c9v\u00e9nement'>Tra Terra e Cielo<\/span><span class='eventlist-aircraft' data-title='Avion'>A50 Junior<\/span><div class='eventlist-icon'><span class='eventlist-icon-line'><\/span><span class='eventlist-icon-line'><\/span><\/div><\/button><div class='gb-accordion__content'><div class='gb-container'><\/div><\/div><\/div><div class='gb-container gb-accordion__item has-no-content' data-transition='slide'><button class='gb-button gb-accordion__toggle' aria-expanded='true'><span class='eventlist-date' data-title='Date'>24. &#8211; 25. mai 2025<\/span><span class='eventlist-location' data-title='Emplacement'><span class='eventlist-country'>Allemagne<\/span> \/ <span class='eventlist-city'>Tannheim<\/span><\/span><span class='eventlist-event' data-title='\u00c9v\u00e9nement'>Q13 Journ\u00e9es d&rsquo;a\u00e9rodrome<\/span><span class='eventlist-aircraft' data-title='Avion'>A50 Heritage, F-13<\/span><div class='eventlist-icon'><span class='eventlist-icon-line'><\/span><span class='eventlist-icon-line'><\/span><\/div><\/button><div class='gb-accordion__content'><div class='gb-container'><\/div><\/div><\/div><div class='gb-container gb-accordion__item has-no-content' data-transition='slide'><button class='gb-button gb-accordion__toggle' aria-expanded='true'><span class='eventlist-date' data-title='Date'>31. mai &#8211; 01. juin 2025<\/span><span class='eventlist-location' data-title='Emplacement'><span class='eventlist-country'>Suisse<\/span> \/ <span class='eventlist-city'>Hoher Kasten<\/span><\/span><span class='eventlist-event' data-title='\u00c9v\u00e9nement'>Spectacle a\u00e9rien<\/span><span class='eventlist-aircraft' data-title='Avion'>A50 Junior, A50 Heritage, F-13<\/span><div class='eventlist-icon'><span class='eventlist-icon-line'><\/span><span class='eventlist-icon-line'><\/span><\/div><\/button><div class='gb-accordion__content'><div class='gb-container'><\/div><\/div><\/div><div class='gb-container gb-accordion__item has-no-content' data-transition='slide'><button class='gb-button gb-accordion__toggle' aria-expanded='true'><span class='eventlist-date' data-title='Date'>05. &#8211; 07. juin 2025<\/span><span class='eventlist-location' data-title='Emplacement'><span class='eventlist-country'>Br\u00e9sil<\/span> \/ <span class='eventlist-city'>Sao Paulo<\/span><\/span><span class='eventlist-event' data-title='\u00c9v\u00e9nement'>Airshow Catarina<\/span><span class='eventlist-aircraft' data-title='Avion'>A50 Heritage<\/span><div class='eventlist-icon'><span class='eventlist-icon-line'><\/span><span class='eventlist-icon-line'><\/span><\/div><\/button><div class='gb-accordion__content'><div class='gb-container'><\/div><\/div><\/div><div class='gb-container gb-accordion__item has-no-content' data-transition='slide'><button class='gb-button gb-accordion__toggle' aria-expanded='true'><span class='eventlist-date' data-title='Date'>06. &#8211; 09. juin 2025<\/span><span class='eventlist-location' data-title='Emplacement'><span class='eventlist-country'>Allemagne<\/span> \/ <span class='eventlist-city'>Mainz<\/span><\/span><span class='eventlist-event' data-title='\u00c9v\u00e9nement'>F13 Vols touristiques<\/span><span class='eventlist-aircraft' data-title='Avion'>A50 Junior, F-13<\/span><div class='eventlist-icon'><span class='eventlist-icon-line'><\/span><span class='eventlist-icon-line'><\/span><\/div><\/button><div class='gb-accordion__content'><div class='gb-container'><\/div><\/div><\/div><div class='gb-container gb-accordion__item has-no-content' data-transition='slide'><button class='gb-button gb-accordion__toggle' aria-expanded='true'><span class='eventlist-date' data-title='Date'>12. &#8211; 15. juin 2025<\/span><span class='eventlist-location' data-title='Emplacement'><span class='eventlist-country'>Suisse<\/span> \/ <span class='eventlist-city'>Geneva<\/span><\/span><span class='eventlist-event' data-title='\u00c9v\u00e9nement'>Show de supercars<\/span><span class='eventlist-aircraft' data-title='Avion'>A50 Junior<\/span><div class='eventlist-icon'><span class='eventlist-icon-line'><\/span><span class='eventlist-icon-line'><\/span><\/div><\/button><div class='gb-accordion__content'><div class='gb-container'><\/div><\/div><\/div><div class='gb-container gb-accordion__item has-no-content' data-transition='slide'><button class='gb-button gb-accordion__toggle' aria-expanded='true'><span class='eventlist-date' data-title='Date'>14. &#8211; 15. juin 2025<\/span><span class='eventlist-location' data-title='Emplacement'><span class='eventlist-country'>Finlande<\/span> \/ <span class='eventlist-city'>Kauhava<\/span><\/span><span class='eventlist-event' data-title='\u00c9v\u00e9nement'>Show a\u00e9rien<\/span><span class='eventlist-aircraft' data-title='Avion'>A50 Junior<\/span><div class='eventlist-icon'><span class='eventlist-icon-line'><\/span><span class='eventlist-icon-line'><\/span><\/div><\/button><div class='gb-accordion__content'><div class='gb-container'><\/div><\/div><\/div><div class='gb-container gb-accordion__item has-no-content' data-transition='slide'><button class='gb-button gb-accordion__toggle' aria-expanded='true'><span class='eventlist-date' data-title='Date'>28. &#8211; 29. juin 2025<\/span><span class='eventlist-location' data-title='Emplacement'><span class='eventlist-country'>Angleterre<\/span> \/ <span class='eventlist-city'>Old Warden<\/span><\/span><span class='eventlist-event' data-title='\u00c9v\u00e9nement'>Spectacle a\u00e9rien Festival of Flight<\/span><span class='eventlist-aircraft' data-title='Avion'>A50 Junior, A50 Heritage<\/span><div class='eventlist-icon'><span class='eventlist-icon-line'><\/span><span class='eventlist-icon-line'><\/span><\/div><\/button><div class='gb-accordion__content'><div class='gb-container'><\/div><\/div><\/div><div class='gb-container gb-accordion__item has-no-content' data-transition='slide'><button class='gb-button gb-accordion__toggle' aria-expanded='true'><span class='eventlist-date' data-title='Date'>28. &#8211; 29. juin 2025<\/span><span class='eventlist-location' data-title='Emplacement'><span class='eventlist-country'>Allemagne<\/span> \/ <span class='eventlist-city'>Dolmar<\/span><\/span><span class='eventlist-event' data-title='\u00c9v\u00e9nement'>F\u00eate de l&rsquo;a\u00e9rodrome de Dolkosh<\/span><span class='eventlist-aircraft' data-title='Avion'>A50 Junior, A50 Heritage<\/span><div class='eventlist-icon'><span class='eventlist-icon-line'><\/span><span class='eventlist-icon-line'><\/span><\/div><\/button><div class='gb-accordion__content'><div class='gb-container'><\/div><\/div><\/div><div class='gb-container gb-accordion__item has-no-content' data-transition='slide'><button class='gb-button gb-accordion__toggle' aria-expanded='true'><span class='eventlist-date' data-title='Date'>03. &#8211; 06. juillet 2025<\/span><span class='eventlist-location' data-title='Emplacement'><span class='eventlist-country'>Allemagne<\/span> \/ <span class='eventlist-city'>Kempten<\/span><\/span><span class='eventlist-event' data-title='\u00c9v\u00e9nement'>F\u00eate de l&rsquo;a\u00e9rodrome<\/span><span class='eventlist-aircraft' data-title='Avion'>A50 Junior, A50 Heritage<\/span><div class='eventlist-icon'><span class='eventlist-icon-line'><\/span><span class='eventlist-icon-line'><\/span><\/div><\/button><div class='gb-accordion__content'><div class='gb-container'><\/div><\/div><\/div><div class='gb-container gb-accordion__item has-no-content' data-transition='slide'><button class='gb-button gb-accordion__toggle' aria-expanded='true'><span class='eventlist-date' data-title='Date'>11. &#8211; 13. juillet 2025<\/span><span class='eventlist-location' data-title='Emplacement'><span class='eventlist-country'>Allemagne<\/span> \/ <span class='eventlist-city'>Rothenburg ob der Tauber<\/span><\/span><span class='eventlist-event' data-title='\u00c9v\u00e9nement'>F\u00eate de l&rsquo;a\u00e9rodrome<\/span><span class='eventlist-aircraft' data-title='Avion'>A50 Heritage<\/span><div class='eventlist-icon'><span class='eventlist-icon-line'><\/span><span class='eventlist-icon-line'><\/span><\/div><\/button><div class='gb-accordion__content'><div class='gb-container'><\/div><\/div><\/div><div class='gb-container gb-accordion__item has-no-content' data-transition='slide'><button class='gb-button gb-accordion__toggle' aria-expanded='true'><span class='eventlist-date' data-title='Date'>18. &#8211; 20. juillet 2025<\/span><span class='eventlist-location' data-title='Emplacement'><span class='eventlist-country'>Allemagne<\/span> \/ <span class='eventlist-city'>Oberschlei\u00dfheim<\/span><\/span><span class='eventlist-event' data-title='\u00c9v\u00e9nement'>F13 Journ\u00e9es de vol circulaire<\/span><span class='eventlist-aircraft' data-title='Avion'>A50 Heritage, F-13<\/span><div class='eventlist-icon'><span class='eventlist-icon-line'><\/span><span class='eventlist-icon-line'><\/span><\/div><\/button><div class='gb-accordion__content'><div class='gb-container'><\/div><\/div><\/div><div class='gb-container gb-accordion__item has-no-content' data-transition='slide'><button class='gb-button gb-accordion__toggle' aria-expanded='true'><span class='eventlist-date' data-title='Date'>20. &#8211; 26. juillet 2025<\/span><span class='eventlist-location' data-title='Emplacement'><span class='eventlist-country'>\u00c9TATS-UNIS<\/span> \/ <span class='eventlist-city'>Oshkosh<\/span><\/span><span class='eventlist-event' data-title='\u00c9v\u00e9nement'>Salon de l&rsquo;air<\/span><span class='eventlist-aircraft' data-title='Avion'>A50 Junior, A50 Heritage, A60<\/span><div class='eventlist-icon'><span class='eventlist-icon-line'><\/span><span class='eventlist-icon-line'><\/span><\/div><\/button><div class='gb-accordion__content'><div class='gb-container'><\/div><\/div><\/div><div class='gb-container gb-accordion__item has-no-content' data-transition='slide'><button class='gb-button gb-accordion__toggle' aria-expanded='true'><span class='eventlist-date' data-title='Date'>21. &#8211; 24. ao\u00fbt 2025<\/span><span class='eventlist-location' data-title='Emplacement'><span class='eventlist-country'>Suisse<\/span> \/ <span class='eventlist-city'>Gstaad<\/span><\/span><span class='eventlist-event' data-title='\u00c9v\u00e9nement'>Polo Gold Cup<\/span><span class='eventlist-aircraft' data-title='Avion'>A50 Junior, A50 Heritage<\/span><div class='eventlist-icon'><span class='eventlist-icon-line'><\/span><span class='eventlist-icon-line'><\/span><\/div><\/button><div class='gb-accordion__content'><div class='gb-container'><\/div><\/div><\/div><div class='gb-container gb-accordion__item has-no-content' data-transition='slide'><button class='gb-button gb-accordion__toggle' aria-expanded='true'><span class='eventlist-date' data-title='Date'>29. &#8211; 31. ao\u00fbt 2025<\/span><span class='eventlist-location' data-title='Emplacement'><span class='eventlist-country'>Allemagne<\/span> \/ <span class='eventlist-city'>Leverkusen<\/span><\/span><span class='eventlist-event' data-title='\u00c9v\u00e9nement'>F\u00eate de l&rsquo;a\u00e9rodrome<\/span><span class='eventlist-aircraft' data-title='Avion'>A50 Junior, A50 Heritage, A60, F-13<\/span><div class='eventlist-icon'><span class='eventlist-icon-line'><\/span><span class='eventlist-icon-line'><\/span><\/div><\/button><div class='gb-accordion__content'><div class='gb-container'><\/div><\/div><\/div><div class='gb-container gb-accordion__item has-no-content' data-transition='slide'><button class='gb-button gb-accordion__toggle' aria-expanded='true'><span class='eventlist-date' data-title='Date'>12. &#8211; 14. septembre 2025<\/span><span class='eventlist-location' data-title='Emplacement'><span class='eventlist-country'>Allemagne<\/span> \/ <span class='eventlist-city'>Hahnweide<\/span><\/span><span class='eventlist-event' data-title='\u00c9v\u00e9nement'>Spectacle a\u00e9rien<\/span><span class='eventlist-aircraft' data-title='Avion'>A50 Junior, A50 Heritage, F-13<\/span><div class='eventlist-icon'><span class='eventlist-icon-line'><\/span><span class='eventlist-icon-line'><\/span><\/div><\/button><div class='gb-accordion__content'><div class='gb-container'><\/div><\/div><\/div><\/div><\/div>\t\n\t\t\n            <\/div>\n\t\t\t\n\t\t\t\t\t\t\t\n\t\t\t\n            <!-- end:grid -->\n        \n            \n<\/div><\/div>\n<\/div>\n<\/div>\n<\/div>","protected":false},"excerpt":{"rendered":"","protected":false},"author":1,"featured_media":0,"parent":0,"menu_order":12,"comment_status":"closed","ping_status":"closed","template":"","meta":{"_acf_changed":false,"footnotes":""},"class_list":["post-23731","page","type-page","status-publish"],"acf":[],"yoast_head":"<!-- This site is optimized with the Yoast SEO plugin v27.2 - https:\/\/yoast.com\/product\/yoast-seo-wordpress\/ -->\n<title>Rencontrez-nous - Junkers<\/title>\n<meta name=\"robots\" content=\"index, follow, max-snippet:-1, max-image-preview:large, max-video-preview:-1\" \/>\n<link rel=\"canonical\" href=\"https:\/\/junkersaircraft.com\/fr\/rencontrez-nous\/\" \/>\n<meta property=\"og:locale\" content=\"fr_FR\" \/>\n<meta property=\"og:type\" content=\"article\" \/>\n<meta property=\"og:title\" content=\"Rencontrez-nous - Junkers\" \/>\n<meta property=\"og:url\" content=\"https:\/\/junkersaircraft.com\/fr\/rencontrez-nous\/\" \/>\n<meta property=\"og:site_name\" content=\"Junkers\" \/>\n<meta property=\"article:modified_time\" content=\"2026-02-26T11:11:55+00:00\" \/>\n<meta name=\"twitter:card\" content=\"summary_large_image\" \/>\n<meta name=\"twitter:label1\" content=\"Dur\u00e9e de lecture estim\u00e9e\" \/>\n\t<meta name=\"twitter:data1\" content=\"1 minute\" \/>\n<script type=\"application\/ld+json\" class=\"yoast-schema-graph\">{\"@context\":\"https:\/\/schema.org\",\"@graph\":[{\"@type\":\"WebPage\",\"@id\":\"https:\/\/junkersaircraft.com\/fr\/rencontrez-nous\/\",\"url\":\"https:\/\/junkersaircraft.com\/fr\/rencontrez-nous\/\",\"name\":\"Rencontrez-nous - Junkers\",\"isPartOf\":{\"@id\":\"https:\/\/junkersaircraft.com\/#website\"},\"datePublished\":\"2026-02-26T11:03:39+00:00\",\"dateModified\":\"2026-02-26T11:11:55+00:00\",\"breadcrumb\":{\"@id\":\"https:\/\/junkersaircraft.com\/fr\/rencontrez-nous\/#breadcrumb\"},\"inLanguage\":\"fr-FR\",\"potentialAction\":[{\"@type\":\"ReadAction\",\"target\":[\"https:\/\/junkersaircraft.com\/fr\/rencontrez-nous\/\"]}]},{\"@type\":\"BreadcrumbList\",\"@id\":\"https:\/\/junkersaircraft.com\/fr\/rencontrez-nous\/#breadcrumb\",\"itemListElement\":[{\"@type\":\"ListItem\",\"position\":1,\"name\":\"Startseite\",\"item\":\"https:\/\/junkersaircraft.com\/fr\/\"},{\"@type\":\"ListItem\",\"position\":2,\"name\":\"Rencontrez-nous\"}]},{\"@type\":\"WebSite\",\"@id\":\"https:\/\/junkersaircraft.com\/#website\",\"url\":\"https:\/\/junkersaircraft.com\/\",\"name\":\"Junkers\",\"description\":\"\",\"publisher\":{\"@id\":\"https:\/\/junkersaircraft.com\/#organization\"},\"potentialAction\":[{\"@type\":\"SearchAction\",\"target\":{\"@type\":\"EntryPoint\",\"urlTemplate\":\"https:\/\/junkersaircraft.com\/?s={search_term_string}\"},\"query-input\":{\"@type\":\"PropertyValueSpecification\",\"valueRequired\":true,\"valueName\":\"search_term_string\"}}],\"inLanguage\":\"fr-FR\"},{\"@type\":\"Organization\",\"@id\":\"https:\/\/junkersaircraft.com\/#organization\",\"name\":\"Junkers\",\"url\":\"https:\/\/junkersaircraft.com\/\",\"logo\":{\"@type\":\"ImageObject\",\"inLanguage\":\"fr-FR\",\"@id\":\"https:\/\/junkersaircraft.com\/#\/schema\/logo\/image\/\",\"url\":\"https:\/\/junkersaircraft.com\/wp-content\/uploads\/junkers-logo-white-new.svg\",\"contentUrl\":\"https:\/\/junkersaircraft.com\/wp-content\/uploads\/junkers-logo-white-new.svg\",\"caption\":\"Junkers\"},\"image\":{\"@id\":\"https:\/\/junkersaircraft.com\/#\/schema\/logo\/image\/\"}}]}<\/script>\n<!-- \/ Yoast SEO plugin. -->","yoast_head_json":{"title":"Rencontrez-nous - Junkers","robots":{"index":"index","follow":"follow","max-snippet":"max-snippet:-1","max-image-preview":"max-image-preview:large","max-video-preview":"max-video-preview:-1"},"canonical":"https:\/\/junkersaircraft.com\/fr\/rencontrez-nous\/","og_locale":"fr_FR","og_type":"article","og_title":"Rencontrez-nous - Junkers","og_url":"https:\/\/junkersaircraft.com\/fr\/rencontrez-nous\/","og_site_name":"Junkers","article_modified_time":"2026-02-26T11:11:55+00:00","twitter_card":"summary_large_image","twitter_misc":{"Dur\u00e9e de lecture estim\u00e9e":"1 minute"},"schema":{"@context":"https:\/\/schema.org","@graph":[{"@type":"WebPage","@id":"https:\/\/junkersaircraft.com\/fr\/rencontrez-nous\/","url":"https:\/\/junkersaircraft.com\/fr\/rencontrez-nous\/","name":"Rencontrez-nous - Junkers","isPartOf":{"@id":"https:\/\/junkersaircraft.com\/#website"},"datePublished":"2026-02-26T11:03:39+00:00","dateModified":"2026-02-26T11:11:55+00:00","breadcrumb":{"@id":"https:\/\/junkersaircraft.com\/fr\/rencontrez-nous\/#breadcrumb"},"inLanguage":"fr-FR","potentialAction":[{"@type":"ReadAction","target":["https:\/\/junkersaircraft.com\/fr\/rencontrez-nous\/"]}]},{"@type":"BreadcrumbList","@id":"https:\/\/junkersaircraft.com\/fr\/rencontrez-nous\/#breadcrumb","itemListElement":[{"@type":"ListItem","position":1,"name":"Startseite","item":"https:\/\/junkersaircraft.com\/fr\/"},{"@type":"ListItem","position":2,"name":"Rencontrez-nous"}]},{"@type":"WebSite","@id":"https:\/\/junkersaircraft.com\/#website","url":"https:\/\/junkersaircraft.com\/","name":"Junkers","description":"","publisher":{"@id":"https:\/\/junkersaircraft.com\/#organization"},"potentialAction":[{"@type":"SearchAction","target":{"@type":"EntryPoint","urlTemplate":"https:\/\/junkersaircraft.com\/?s={search_term_string}"},"query-input":{"@type":"PropertyValueSpecification","valueRequired":true,"valueName":"search_term_string"}}],"inLanguage":"fr-FR"},{"@type":"Organization","@id":"https:\/\/junkersaircraft.com\/#organization","name":"Junkers","url":"https:\/\/junkersaircraft.com\/","logo":{"@type":"ImageObject","inLanguage":"fr-FR","@id":"https:\/\/junkersaircraft.com\/#\/schema\/logo\/image\/","url":"https:\/\/junkersaircraft.com\/wp-content\/uploads\/junkers-logo-white-new.svg","contentUrl":"https:\/\/junkersaircraft.com\/wp-content\/uploads\/junkers-logo-white-new.svg","caption":"Junkers"},"image":{"@id":"https:\/\/junkersaircraft.com\/#\/schema\/logo\/image\/"}}]}},"_links":{"self":[{"href":"https:\/\/junkersaircraft.com\/fr\/wp-json\/wp\/v2\/pages\/23731","targetHints":{"allow":["GET"]}}],"collection":[{"href":"https:\/\/junkersaircraft.com\/fr\/wp-json\/wp\/v2\/pages"}],"about":[{"href":"https:\/\/junkersaircraft.com\/fr\/wp-json\/wp\/v2\/types\/page"}],"author":[{"embeddable":true,"href":"https:\/\/junkersaircraft.com\/fr\/wp-json\/wp\/v2\/users\/1"}],"replies":[{"embeddable":true,"href":"https:\/\/junkersaircraft.com\/fr\/wp-json\/wp\/v2\/comments?post=23731"}],"version-history":[{"count":1,"href":"https:\/\/junkersaircraft.com\/fr\/wp-json\/wp\/v2\/pages\/23731\/revisions"}],"predecessor-version":[{"id":23733,"href":"https:\/\/junkersaircraft.com\/fr\/wp-json\/wp\/v2\/pages\/23731\/revisions\/23733"}],"wp:attachment":[{"href":"https:\/\/junkersaircraft.com\/fr\/wp-json\/wp\/v2\/media?parent=23731"}],"curies":[{"name":"wp","href":"https:\/\/api.w.org\/{rel}","templated":true}]}}