{"id":18490,"date":"2023-03-20T09:18:34","date_gmt":"2023-03-20T08:18:34","guid":{"rendered":"https:\/\/junkersaircraft.com\/avions\/"},"modified":"2025-08-07T09:57:34","modified_gmt":"2025-08-07T07:57:34","slug":"avions","status":"publish","type":"page","link":"https:\/\/junkersaircraft.com\/fr\/avions\/","title":{"rendered":"Avions"},"content":{"rendered":"","protected":false},"excerpt":{"rendered":"","protected":false},"author":1,"featured_media":0,"parent":0,"menu_order":3,"comment_status":"closed","ping_status":"closed","template":"","meta":{"_acf_changed":false,"footnotes":""},"class_list":["post-18490","page","type-page","status-publish"],"acf":[],"yoast_head":"<!-- This site is optimized with the Yoast SEO plugin v27.5 - https:\/\/yoast.com\/product\/yoast-seo-wordpress\/ -->\n<title>Nos avions - Mod\u00e8les Junkers Aircraft<\/title>\n<meta name=\"description\" content=\"D\u00e9couvrez les avions l\u00e9gendaires de Junkers, qui ont marqu\u00e9 l&#039;industrie a\u00e9ronautique et l&#039;histoire.\" \/>\n<meta name=\"robots\" content=\"noindex, follow\" \/>\n<meta property=\"og:locale\" content=\"fr_FR\" \/>\n<meta property=\"og:type\" content=\"article\" \/>\n<meta property=\"og:title\" content=\"Nos avions - Mod\u00e8les Junkers Aircraft\" \/>\n<meta property=\"og:description\" content=\"D\u00e9couvrez les avions l\u00e9gendaires de Junkers, qui ont marqu\u00e9 l&#039;industrie a\u00e9ronautique et l&#039;histoire.\" \/>\n<meta property=\"og:url\" content=\"https:\/\/junkersaircraft.com\/fr\/avions\/\" \/>\n<meta property=\"og:site_name\" content=\"Junkers\" \/>\n<meta property=\"article:modified_time\" content=\"2025-08-07T07:57:34+00:00\" \/>\n<meta name=\"twitter:card\" content=\"summary_large_image\" \/>\n<script type=\"application\/ld+json\" class=\"yoast-schema-graph\">{\"@context\":\"https:\\\/\\\/schema.org\",\"@graph\":[{\"@type\":\"WebPage\",\"@id\":\"https:\\\/\\\/junkersaircraft.com\\\/fr\\\/avions\\\/\",\"url\":\"https:\\\/\\\/junkersaircraft.com\\\/fr\\\/avions\\\/\",\"name\":\"Nos avions - Mod\u00e8les Junkers Aircraft\",\"isPartOf\":{\"@id\":\"https:\\\/\\\/junkersaircraft.com\\\/#website\"},\"datePublished\":\"2023-03-20T08:18:34+00:00\",\"dateModified\":\"2025-08-07T07:57:34+00:00\",\"description\":\"D\u00e9couvrez les avions l\u00e9gendaires de Junkers, qui ont marqu\u00e9 l'industrie a\u00e9ronautique et l'histoire.\",\"breadcrumb\":{\"@id\":\"https:\\\/\\\/junkersaircraft.com\\\/fr\\\/avions\\\/#breadcrumb\"},\"inLanguage\":\"fr-FR\",\"potentialAction\":[{\"@type\":\"ReadAction\",\"target\":[\"https:\\\/\\\/junkersaircraft.com\\\/fr\\\/avions\\\/\"]}]},{\"@type\":\"BreadcrumbList\",\"@id\":\"https:\\\/\\\/junkersaircraft.com\\\/fr\\\/avions\\\/#breadcrumb\",\"itemListElement\":[{\"@type\":\"ListItem\",\"position\":1,\"name\":\"Startseite\",\"item\":\"https:\\\/\\\/junkersaircraft.com\\\/fr\\\/\"},{\"@type\":\"ListItem\",\"position\":2,\"name\":\"Avions\"}]},{\"@type\":\"WebSite\",\"@id\":\"https:\\\/\\\/junkersaircraft.com\\\/#website\",\"url\":\"https:\\\/\\\/junkersaircraft.com\\\/\",\"name\":\"Junkers\",\"description\":\"\",\"publisher\":{\"@id\":\"https:\\\/\\\/junkersaircraft.com\\\/#organization\"},\"potentialAction\":[{\"@type\":\"SearchAction\",\"target\":{\"@type\":\"EntryPoint\",\"urlTemplate\":\"https:\\\/\\\/junkersaircraft.com\\\/?s={search_term_string}\"},\"query-input\":{\"@type\":\"PropertyValueSpecification\",\"valueRequired\":true,\"valueName\":\"search_term_string\"}}],\"inLanguage\":\"fr-FR\"},{\"@type\":\"Organization\",\"@id\":\"https:\\\/\\\/junkersaircraft.com\\\/#organization\",\"name\":\"Junkers\",\"url\":\"https:\\\/\\\/junkersaircraft.com\\\/\",\"logo\":{\"@type\":\"ImageObject\",\"inLanguage\":\"fr-FR\",\"@id\":\"https:\\\/\\\/junkersaircraft.com\\\/#\\\/schema\\\/logo\\\/image\\\/\",\"url\":\"https:\\\/\\\/junkersaircraft.com\\\/wp-content\\\/uploads\\\/junkers-logo-white-new.svg\",\"contentUrl\":\"https:\\\/\\\/junkersaircraft.com\\\/wp-content\\\/uploads\\\/junkers-logo-white-new.svg\",\"caption\":\"Junkers\"},\"image\":{\"@id\":\"https:\\\/\\\/junkersaircraft.com\\\/#\\\/schema\\\/logo\\\/image\\\/\"}}]}<\/script>\n<!-- \/ Yoast SEO plugin. -->","yoast_head_json":{"title":"Nos avions - Mod\u00e8les Junkers Aircraft","description":"D\u00e9couvrez les avions l\u00e9gendaires de Junkers, qui ont marqu\u00e9 l'industrie a\u00e9ronautique et l'histoire.","robots":{"index":"noindex","follow":"follow"},"og_locale":"fr_FR","og_type":"article","og_title":"Nos avions - Mod\u00e8les Junkers Aircraft","og_description":"D\u00e9couvrez les avions l\u00e9gendaires de Junkers, qui ont marqu\u00e9 l'industrie a\u00e9ronautique et l'histoire.","og_url":"https:\/\/junkersaircraft.com\/fr\/avions\/","og_site_name":"Junkers","article_modified_time":"2025-08-07T07:57:34+00:00","twitter_card":"summary_large_image","schema":{"@context":"https:\/\/schema.org","@graph":[{"@type":"WebPage","@id":"https:\/\/junkersaircraft.com\/fr\/avions\/","url":"https:\/\/junkersaircraft.com\/fr\/avions\/","name":"Nos avions - Mod\u00e8les Junkers Aircraft","isPartOf":{"@id":"https:\/\/junkersaircraft.com\/#website"},"datePublished":"2023-03-20T08:18:34+00:00","dateModified":"2025-08-07T07:57:34+00:00","description":"D\u00e9couvrez les avions l\u00e9gendaires de Junkers, qui ont marqu\u00e9 l'industrie a\u00e9ronautique et l'histoire.","breadcrumb":{"@id":"https:\/\/junkersaircraft.com\/fr\/avions\/#breadcrumb"},"inLanguage":"fr-FR","potentialAction":[{"@type":"ReadAction","target":["https:\/\/junkersaircraft.com\/fr\/avions\/"]}]},{"@type":"BreadcrumbList","@id":"https:\/\/junkersaircraft.com\/fr\/avions\/#breadcrumb","itemListElement":[{"@type":"ListItem","position":1,"name":"Startseite","item":"https:\/\/junkersaircraft.com\/fr\/"},{"@type":"ListItem","position":2,"name":"Avions"}]},{"@type":"WebSite","@id":"https:\/\/junkersaircraft.com\/#website","url":"https:\/\/junkersaircraft.com\/","name":"Junkers","description":"","publisher":{"@id":"https:\/\/junkersaircraft.com\/#organization"},"potentialAction":[{"@type":"SearchAction","target":{"@type":"EntryPoint","urlTemplate":"https:\/\/junkersaircraft.com\/?s={search_term_string}"},"query-input":{"@type":"PropertyValueSpecification","valueRequired":true,"valueName":"search_term_string"}}],"inLanguage":"fr-FR"},{"@type":"Organization","@id":"https:\/\/junkersaircraft.com\/#organization","name":"Junkers","url":"https:\/\/junkersaircraft.com\/","logo":{"@type":"ImageObject","inLanguage":"fr-FR","@id":"https:\/\/junkersaircraft.com\/#\/schema\/logo\/image\/","url":"https:\/\/junkersaircraft.com\/wp-content\/uploads\/junkers-logo-white-new.svg","contentUrl":"https:\/\/junkersaircraft.com\/wp-content\/uploads\/junkers-logo-white-new.svg","caption":"Junkers"},"image":{"@id":"https:\/\/junkersaircraft.com\/#\/schema\/logo\/image\/"}}]}},"_links":{"self":[{"href":"https:\/\/junkersaircraft.com\/fr\/wp-json\/wp\/v2\/pages\/18490","targetHints":{"allow":["GET"]}}],"collection":[{"href":"https:\/\/junkersaircraft.com\/fr\/wp-json\/wp\/v2\/pages"}],"about":[{"href":"https:\/\/junkersaircraft.com\/fr\/wp-json\/wp\/v2\/types\/page"}],"author":[{"embeddable":true,"href":"https:\/\/junkersaircraft.com\/fr\/wp-json\/wp\/v2\/users\/1"}],"replies":[{"embeddable":true,"href":"https:\/\/junkersaircraft.com\/fr\/wp-json\/wp\/v2\/comments?post=18490"}],"version-history":[{"count":1,"href":"https:\/\/junkersaircraft.com\/fr\/wp-json\/wp\/v2\/pages\/18490\/revisions"}],"predecessor-version":[{"id":19552,"href":"https:\/\/junkersaircraft.com\/fr\/wp-json\/wp\/v2\/pages\/18490\/revisions\/19552"}],"wp:attachment":[{"href":"https:\/\/junkersaircraft.com\/fr\/wp-json\/wp\/v2\/media?parent=18490"}],"curies":[{"name":"wp","href":"https:\/\/api.w.org\/{rel}","templated":true}]}}