{"id":18487,"date":"2023-03-22T14:34:04","date_gmt":"2023-03-22T13:34:04","guid":{"rendered":"https:\/\/junkersaircraft.com\/impressum\/"},"modified":"2025-08-27T10:07:32","modified_gmt":"2025-08-27T08:07:32","slug":"impressum","status":"publish","type":"page","link":"https:\/\/junkersaircraft.com\/fr\/impressum\/","title":{"rendered":"Mentions l\u00e9gales"},"content":{"rendered":"<div class=\"gb-container gb-container-576791e2 gb-container-base\">\n<div class=\"gb-container gb-container-42701110\">\n\n<div class=\"wp-block-pixel-headline headlines is-subheadline-bottom has-text-align-left is-gap-xl\"><h2 class=\"headline\" style=\"color:\">Mentions l\u00e9gales<\/h2><\/div>\n\n\n\n<p>JUNKERS Aircraft GmbH<br>Wittumsgrund 4<br>D-78727 Oberndorf-Hochm\u00f6ssingen<\/p>\n\n\n\n<p><strong>Contact :<\/strong><br>T\u00e9l\u00e9phone <a href=\"tel:+497423863620\" target=\"_blank\" rel=\"nofollow\">+49 7423 86362-0<\/a><br>E-mail : <a href=\"mailto:info@junkersaircraft.com\">info@junkersaircraft.com<\/a><\/p>\n\n\n\n<p><strong>Num\u00e9ro d&rsquo;identification de la taxe sur le chiffre d&rsquo;affaires :<\/strong><br>Num\u00e9ro de TVA DE 354474616<br>Tribunal d&rsquo;instance de Stuttgart ; HRB 785419<\/p>\n\n\n\n<p><strong>Directeur g\u00e9n\u00e9ral :<\/strong><br>Dieter Morszeck, Dominik K\u00e4lin<\/p>\n\n\n\n<p><strong>Responsable du contenu :<\/strong><br>Dieter Morszeck<br>Junkers Aircraft GmbH<br>Wittumsgrund 4<br>D-78727 Oberndorf-Hochm\u00f6ssingen<\/p>\n\n\n\n<p><strong>R\u00e8glement des litiges<\/strong><br>Nous ne sommes pas pr\u00eats ou oblig\u00e9s de participer \u00e0 des proc\u00e9dures de r\u00e8glement des litiges devant un organisme de conciliation des consommateurs.<\/p>\n\n\n\n<p><strong>Responsabilit\u00e9 pour les contenus<\/strong><br>En tant que prestataire de services, nous sommes responsables, conform\u00e9ment au \u00a7 7 alin\u00e9a 1 DDG, de nos propres contenus sur ces pages selon les lois g\u00e9n\u00e9rales. Conform\u00e9ment aux \u00a7\u00a7 8 \u00e0 10 de la DDG, nous ne sommes toutefois pas tenus, en tant que prestataire de services, de surveiller les informations externes transmises ou enregistr\u00e9es ou de rechercher des circonstances indiquant une activit\u00e9 ill\u00e9gale.<br>Les obligations de supprimer ou de bloquer l&rsquo;utilisation d&rsquo;informations conform\u00e9ment aux lois g\u00e9n\u00e9rales restent inchang\u00e9es. Une responsabilit\u00e9 \u00e0 cet \u00e9gard n&rsquo;est toutefois possible qu&rsquo;\u00e0 partir du moment o\u00f9 une violation concr\u00e8te de la loi est connue. D\u00e8s la prise de connaissance d&rsquo;une telle violation, nous supprimerons imm\u00e9diatement le contenu concern\u00e9.    <\/p>\n\n\n\n<p><strong>Responsabilit\u00e9 pour les liens<\/strong><br>Notre offre contient des liens vers des sites Web externes de tiers, sur le contenu desquels nous n&rsquo;avons aucune influence. Nous ne pouvons donc pas nous porter garants de ces contenus externes. Le fournisseur ou l&rsquo;exploitant des pages li\u00e9es est toujours responsable du contenu de ces pages. Les pages li\u00e9es ont \u00e9t\u00e9 v\u00e9rifi\u00e9es au moment de la cr\u00e9ation du lien afin de s&rsquo;assurer qu&rsquo;elles n&rsquo;enfreignaient pas la loi. Aucun contenu ill\u00e9gal n&rsquo;a \u00e9t\u00e9 identifi\u00e9 au moment de la cr\u00e9ation du lien.<br>Un contr\u00f4le permanent du contenu des pages li\u00e9es n&rsquo;est toutefois pas exigible sans indices concrets d&rsquo;une violation de la loi. Si nous prenons connaissance d&rsquo;une violation de la loi, nous supprimerons imm\u00e9diatement les liens concern\u00e9s.     <\/p>\n\n\n\n<p><strong>Droit d&rsquo;auteur<\/strong><br>Les contenus et les \u0153uvres cr\u00e9\u00e9s par les exploitants des pages de ce site sont soumis au droit d&rsquo;auteur allemand. La reproduction, le traitement, la diffusion et toute forme d&rsquo;exploitation en dehors des limites du droit d&rsquo;auteur requi\u00e8rent l&rsquo;accord \u00e9crit de l&rsquo;auteur ou du cr\u00e9ateur concern\u00e9. Les t\u00e9l\u00e9chargements et copies de ce site ne sont autoris\u00e9s que pour un usage priv\u00e9 et non commercial.<br>Dans la mesure o\u00f9 les contenus de ce site n&rsquo;ont pas \u00e9t\u00e9 cr\u00e9\u00e9s par l&rsquo;exploitant, les droits d&rsquo;auteur de tiers sont respect\u00e9s. En particulier, les contenus de tiers sont identifi\u00e9s comme tels. Si vous deviez n\u00e9anmoins constater une violation des droits d&rsquo;auteur, nous vous prions de nous en informer. D\u00e8s que nous aurons connaissance d&rsquo;une violation de la loi, nous supprimerons imm\u00e9diatement le contenu en question.     <\/p>\n\n<\/div>\n<\/div>","protected":false},"excerpt":{"rendered":"<p>JUNKERS Aircraft GmbHWittumsgrund 4D-78727 Oberndorf-Hochm\u00f6ssingen Contact :T\u00e9l\u00e9phone +49 7423 86362-0E-mail : info@junkersaircraft.com Num\u00e9ro d&rsquo;identification de la taxe sur le chiffre d&rsquo;affaires :Num\u00e9ro de TVA DE 354474616Tribunal d&rsquo;instance de Stuttgart ; HRB 785419 Directeur g\u00e9n\u00e9ral :Dieter Morszeck, Dominik K\u00e4lin Responsable du contenu :Dieter MorszeckJunkers Aircraft GmbHWittumsgrund 4D-78727 Oberndorf-Hochm\u00f6ssingen R\u00e8glement des litigesNous ne sommes pas pr\u00eats ou &#8230; <a title=\"Mentions l\u00e9gales\" class=\"read-more\" href=\"https:\/\/junkersaircraft.com\/fr\/impressum\/\" aria-label=\"Read more about Mentions l\u00e9gales\">Weiterlesen &#8230;<\/a><\/p>\n","protected":false},"author":1,"featured_media":0,"parent":0,"menu_order":14,"comment_status":"closed","ping_status":"closed","template":"","meta":{"_acf_changed":false,"footnotes":""},"class_list":["post-18487","page","type-page","status-publish"],"acf":[],"yoast_head":"<!-- This site is optimized with the Yoast SEO plugin v27.2 - https:\/\/yoast.com\/product\/yoast-seo-wordpress\/ -->\n<title>Mentions l\u00e9gales - Junkers Aircraft | Informations l\u00e9gales<\/title>\n<meta name=\"description\" content=\"Vous trouverez des informations juridiques, des coordonn\u00e9es et d&#039;autres donn\u00e9es importantes sur Junkers Aircraft dans nos mentions l\u00e9gales.\" \/>\n<meta name=\"robots\" content=\"index, follow, max-snippet:-1, max-image-preview:large, max-video-preview:-1\" \/>\n<link rel=\"canonical\" href=\"https:\/\/junkersaircraft.com\/fr\/impressum\/\" \/>\n<meta property=\"og:locale\" content=\"fr_FR\" \/>\n<meta property=\"og:type\" content=\"article\" \/>\n<meta property=\"og:title\" content=\"Mentions l\u00e9gales - Junkers Aircraft | Informations l\u00e9gales\" \/>\n<meta property=\"og:description\" content=\"Vous trouverez des informations juridiques, des coordonn\u00e9es et d&#039;autres donn\u00e9es importantes sur Junkers Aircraft dans nos mentions l\u00e9gales.\" \/>\n<meta property=\"og:url\" content=\"https:\/\/junkersaircraft.com\/fr\/impressum\/\" \/>\n<meta property=\"og:site_name\" content=\"Junkers\" \/>\n<meta property=\"article:modified_time\" content=\"2025-08-27T08:07:32+00:00\" \/>\n<meta name=\"twitter:card\" content=\"summary_large_image\" \/>\n<meta name=\"twitter:label1\" content=\"Dur\u00e9e de lecture estim\u00e9e\" \/>\n\t<meta name=\"twitter:data1\" content=\"2 minutes\" \/>\n<script type=\"application\/ld+json\" class=\"yoast-schema-graph\">{\"@context\":\"https:\/\/schema.org\",\"@graph\":[{\"@type\":\"WebPage\",\"@id\":\"https:\/\/junkersaircraft.com\/fr\/impressum\/\",\"url\":\"https:\/\/junkersaircraft.com\/fr\/impressum\/\",\"name\":\"Mentions l\u00e9gales - Junkers Aircraft | Informations l\u00e9gales\",\"isPartOf\":{\"@id\":\"https:\/\/junkersaircraft.com\/#website\"},\"datePublished\":\"2023-03-22T13:34:04+00:00\",\"dateModified\":\"2025-08-27T08:07:32+00:00\",\"description\":\"Vous trouverez des informations juridiques, des coordonn\u00e9es et d'autres donn\u00e9es importantes sur Junkers Aircraft dans nos mentions l\u00e9gales.\",\"breadcrumb\":{\"@id\":\"https:\/\/junkersaircraft.com\/fr\/impressum\/#breadcrumb\"},\"inLanguage\":\"fr-FR\",\"potentialAction\":[{\"@type\":\"ReadAction\",\"target\":[\"https:\/\/junkersaircraft.com\/fr\/impressum\/\"]}]},{\"@type\":\"BreadcrumbList\",\"@id\":\"https:\/\/junkersaircraft.com\/fr\/impressum\/#breadcrumb\",\"itemListElement\":[{\"@type\":\"ListItem\",\"position\":1,\"name\":\"Startseite\",\"item\":\"https:\/\/junkersaircraft.com\/fr\/\"},{\"@type\":\"ListItem\",\"position\":2,\"name\":\"Mentions l\u00e9gales\"}]},{\"@type\":\"WebSite\",\"@id\":\"https:\/\/junkersaircraft.com\/#website\",\"url\":\"https:\/\/junkersaircraft.com\/\",\"name\":\"Junkers\",\"description\":\"\",\"publisher\":{\"@id\":\"https:\/\/junkersaircraft.com\/#organization\"},\"potentialAction\":[{\"@type\":\"SearchAction\",\"target\":{\"@type\":\"EntryPoint\",\"urlTemplate\":\"https:\/\/junkersaircraft.com\/?s={search_term_string}\"},\"query-input\":{\"@type\":\"PropertyValueSpecification\",\"valueRequired\":true,\"valueName\":\"search_term_string\"}}],\"inLanguage\":\"fr-FR\"},{\"@type\":\"Organization\",\"@id\":\"https:\/\/junkersaircraft.com\/#organization\",\"name\":\"Junkers\",\"url\":\"https:\/\/junkersaircraft.com\/\",\"logo\":{\"@type\":\"ImageObject\",\"inLanguage\":\"fr-FR\",\"@id\":\"https:\/\/junkersaircraft.com\/#\/schema\/logo\/image\/\",\"url\":\"https:\/\/junkersaircraft.com\/wp-content\/uploads\/junkers-logo-white-new.svg\",\"contentUrl\":\"https:\/\/junkersaircraft.com\/wp-content\/uploads\/junkers-logo-white-new.svg\",\"caption\":\"Junkers\"},\"image\":{\"@id\":\"https:\/\/junkersaircraft.com\/#\/schema\/logo\/image\/\"}}]}<\/script>\n<!-- \/ Yoast SEO plugin. -->","yoast_head_json":{"title":"Mentions l\u00e9gales - Junkers Aircraft | Informations l\u00e9gales","description":"Vous trouverez des informations juridiques, des coordonn\u00e9es et d'autres donn\u00e9es importantes sur Junkers Aircraft dans nos mentions l\u00e9gales.","robots":{"index":"index","follow":"follow","max-snippet":"max-snippet:-1","max-image-preview":"max-image-preview:large","max-video-preview":"max-video-preview:-1"},"canonical":"https:\/\/junkersaircraft.com\/fr\/impressum\/","og_locale":"fr_FR","og_type":"article","og_title":"Mentions l\u00e9gales - Junkers Aircraft | Informations l\u00e9gales","og_description":"Vous trouverez des informations juridiques, des coordonn\u00e9es et d'autres donn\u00e9es importantes sur Junkers Aircraft dans nos mentions l\u00e9gales.","og_url":"https:\/\/junkersaircraft.com\/fr\/impressum\/","og_site_name":"Junkers","article_modified_time":"2025-08-27T08:07:32+00:00","twitter_card":"summary_large_image","twitter_misc":{"Dur\u00e9e de lecture estim\u00e9e":"2 minutes"},"schema":{"@context":"https:\/\/schema.org","@graph":[{"@type":"WebPage","@id":"https:\/\/junkersaircraft.com\/fr\/impressum\/","url":"https:\/\/junkersaircraft.com\/fr\/impressum\/","name":"Mentions l\u00e9gales - Junkers Aircraft | Informations l\u00e9gales","isPartOf":{"@id":"https:\/\/junkersaircraft.com\/#website"},"datePublished":"2023-03-22T13:34:04+00:00","dateModified":"2025-08-27T08:07:32+00:00","description":"Vous trouverez des informations juridiques, des coordonn\u00e9es et d'autres donn\u00e9es importantes sur Junkers Aircraft dans nos mentions l\u00e9gales.","breadcrumb":{"@id":"https:\/\/junkersaircraft.com\/fr\/impressum\/#breadcrumb"},"inLanguage":"fr-FR","potentialAction":[{"@type":"ReadAction","target":["https:\/\/junkersaircraft.com\/fr\/impressum\/"]}]},{"@type":"BreadcrumbList","@id":"https:\/\/junkersaircraft.com\/fr\/impressum\/#breadcrumb","itemListElement":[{"@type":"ListItem","position":1,"name":"Startseite","item":"https:\/\/junkersaircraft.com\/fr\/"},{"@type":"ListItem","position":2,"name":"Mentions l\u00e9gales"}]},{"@type":"WebSite","@id":"https:\/\/junkersaircraft.com\/#website","url":"https:\/\/junkersaircraft.com\/","name":"Junkers","description":"","publisher":{"@id":"https:\/\/junkersaircraft.com\/#organization"},"potentialAction":[{"@type":"SearchAction","target":{"@type":"EntryPoint","urlTemplate":"https:\/\/junkersaircraft.com\/?s={search_term_string}"},"query-input":{"@type":"PropertyValueSpecification","valueRequired":true,"valueName":"search_term_string"}}],"inLanguage":"fr-FR"},{"@type":"Organization","@id":"https:\/\/junkersaircraft.com\/#organization","name":"Junkers","url":"https:\/\/junkersaircraft.com\/","logo":{"@type":"ImageObject","inLanguage":"fr-FR","@id":"https:\/\/junkersaircraft.com\/#\/schema\/logo\/image\/","url":"https:\/\/junkersaircraft.com\/wp-content\/uploads\/junkers-logo-white-new.svg","contentUrl":"https:\/\/junkersaircraft.com\/wp-content\/uploads\/junkers-logo-white-new.svg","caption":"Junkers"},"image":{"@id":"https:\/\/junkersaircraft.com\/#\/schema\/logo\/image\/"}}]}},"_links":{"self":[{"href":"https:\/\/junkersaircraft.com\/fr\/wp-json\/wp\/v2\/pages\/18487","targetHints":{"allow":["GET"]}}],"collection":[{"href":"https:\/\/junkersaircraft.com\/fr\/wp-json\/wp\/v2\/pages"}],"about":[{"href":"https:\/\/junkersaircraft.com\/fr\/wp-json\/wp\/v2\/types\/page"}],"author":[{"embeddable":true,"href":"https:\/\/junkersaircraft.com\/fr\/wp-json\/wp\/v2\/users\/1"}],"replies":[{"embeddable":true,"href":"https:\/\/junkersaircraft.com\/fr\/wp-json\/wp\/v2\/comments?post=18487"}],"version-history":[{"count":4,"href":"https:\/\/junkersaircraft.com\/fr\/wp-json\/wp\/v2\/pages\/18487\/revisions"}],"predecessor-version":[{"id":20594,"href":"https:\/\/junkersaircraft.com\/fr\/wp-json\/wp\/v2\/pages\/18487\/revisions\/20594"}],"wp:attachment":[{"href":"https:\/\/junkersaircraft.com\/fr\/wp-json\/wp\/v2\/media?parent=18487"}],"curies":[{"name":"wp","href":"https:\/\/api.w.org\/{rel}","templated":true}]}}