{"id":18437,"date":"2024-05-22T10:59:50","date_gmt":"2024-05-22T08:59:50","guid":{"rendered":"https:\/\/junkersaircraft.com\/formulaire-de-demande\/"},"modified":"2026-01-28T10:26:15","modified_gmt":"2026-01-28T09:26:15","slug":"formulaire-de-demande","status":"publish","type":"page","link":"https:\/\/junkersaircraft.com\/fr\/formulaire-de-demande\/","title":{"rendered":"Formulaire de demande"},"content":{"rendered":"<section class=\"gb-container gb-container-6ccb25e2 gb-container-base\" id=\"intro\">\n<div class=\"gb-container gb-container-11876baa\">\n<div class=\"gb-grid-wrapper gb-grid-wrapper-e4530e95\">\n<div class=\"gb-grid-column gb-grid-column-9f232ebb\"><div class=\"gb-container gb-container-9f232ebb\">\n\n<div class=\"wp-block-pixel-headline headlines is-subheadline-top has-text-align-left\"><h2 class=\"headline\" style=\"color:\"><strong>Configurez votre r\u00eave de voler<\/strong><\/h2><span class=\"subheadline\" style=\"color:\">individuel comme vous<\/span><\/div>\n\n\n\n<p>Vous pouvez configurer nos avions dans diff\u00e9rentes variantes de couleurs. D\u00e9couvrez les possibilit\u00e9s de personnalisation selon vos pr\u00e9f\u00e9rences personnelles. Outre les options de personnalisation des couleurs, des \u00e9quipements techniques sont \u00e9galement disponibles et nous serons ravis d\u2019en discuter personnellement avec vous.<\/p>\n\n<\/div><\/div>\n\n<div class=\"gb-grid-column gb-grid-column-c8b4aa0f\"><div class=\"gb-container gb-container-c8b4aa0f\" data-aos=\"fade-up\" data-aos-easing=\"ease-out\">\n\n<div class=\"wp-block-contact-form-7-contact-form-selector\">\n<div class=\"wpcf7 no-js\" id=\"wpcf7-f18611-o1\" lang=\"fr-FR\" dir=\"ltr\" data-wpcf7-id=\"18611\">\n<div class=\"screen-reader-response\"><p role=\"status\" aria-live=\"polite\" aria-atomic=\"true\"><\/p> <ul><\/ul><\/div>\n<form action=\"\/fr\/wp-json\/wp\/v2\/pages\/18437#wpcf7-f18611-o1\" method=\"post\" class=\"wpcf7-form init\" aria-label=\"Formulaire de contact\" novalidate=\"novalidate\" data-status=\"init\">\n<fieldset class=\"hidden-fields-container\"><input type=\"hidden\" name=\"_wpcf7\" value=\"18611\" \/><input type=\"hidden\" name=\"_wpcf7_version\" value=\"6.1.5\" \/><input type=\"hidden\" name=\"_wpcf7_locale\" value=\"fr_FR\" \/><input type=\"hidden\" name=\"_wpcf7_unit_tag\" value=\"wpcf7-f18611-o1\" \/><input type=\"hidden\" name=\"_wpcf7_container_post\" value=\"0\" \/><input type=\"hidden\" name=\"_wpcf7_posted_data_hash\" value=\"\" \/><input type=\"hidden\" name=\"_wpcf7_recaptcha_response\" value=\"\" \/>\n<\/fieldset>\n<div class=\"form-field full label\"><label>S\u00e9lectionner un avion<\/label><\/div>\n<div class=\"form-field full no-margin\"><span class=\"wpcf7-form-control-wrap\" data-name=\"aircraft\"><span class=\"wpcf7-form-control wpcf7-radio\"><span class=\"wpcf7-list-item first\"><label><input type=\"radio\" name=\"aircraft\" value=\"A50 Junior\" \/><span class=\"wpcf7-list-item-label\">A50 Junior<\/span><\/label><\/span><span class=\"wpcf7-list-item\"><label><input type=\"radio\" name=\"aircraft\" value=\"A50 Heritage\" \/><span class=\"wpcf7-list-item-label\">A50 Heritage<\/span><\/label><\/span><span class=\"wpcf7-list-item\"><label><input type=\"radio\" name=\"aircraft\" value=\"A60\" \/><span class=\"wpcf7-list-item-label\">A60<\/span><\/label><\/span><span class=\"wpcf7-list-item last\"><label><input type=\"radio\" name=\"aircraft\" value=\"A60 RG\" \/><span class=\"wpcf7-list-item-label\">A60 RG<\/span><\/label><\/span><\/span><\/span><\/div>\n<div class=\"form-divider\"><\/div>\n<div class=\"form-field full label\"><label>S\u00e9lectionner la peinture ext\u00e9rieure<\/label><\/div>\n<div class=\"form-field full no-margin\"><span class=\"wpcf7-form-control-wrap\" data-name=\"exterior\"><span class=\"wpcf7-form-control wpcf7-radio\"><span class=\"wpcf7-list-item first\"><label><input type=\"radio\" name=\"exterior\" value=\"White Aluminium\" \/><span class=\"wpcf7-list-item-label\">White Aluminium<\/span><\/label><\/span><span class=\"wpcf7-list-item\"><label><input type=\"radio\" name=\"exterior\" value=\"Carrara White\" \/><span class=\"wpcf7-list-item-label\">Carrara White<\/span><\/label><\/span><span class=\"wpcf7-list-item\"><label><input type=\"radio\" name=\"exterior\" value=\"Papaya Metallic\" \/><span class=\"wpcf7-list-item-label\">Papaya Metallic<\/span><\/label><\/span><span class=\"wpcf7-list-item\"><label><input type=\"radio\" name=\"exterior\" value=\"Frozen Blue\" \/><span class=\"wpcf7-list-item-label\">Frozen Blue<\/span><\/label><\/span><span class=\"wpcf7-list-item\"><label><input type=\"radio\" name=\"exterior\" value=\"Saffron Yellow\" \/><span class=\"wpcf7-list-item-label\">Saffron Yellow<\/span><\/label><\/span><span class=\"wpcf7-list-item last\"><label><input type=\"radio\" name=\"exterior\" value=\"Black Metallic\" \/><span class=\"wpcf7-list-item-label\">Black Metallic<\/span><\/label><\/span><\/span><\/span><\/div>\n<div class=\"form-divider\"><\/div>\n<div class=\"form-field full label\"><label>S\u00e9lectionner la peinture int\u00e9rieure<\/label><\/div>\n<div class=\"form-field full no-margin\"><span class=\"wpcf7-form-control-wrap\" data-name=\"interior\"><span class=\"wpcf7-form-control wpcf7-radio\"><span class=\"wpcf7-list-item first\"><label><input type=\"radio\" name=\"interior\" value=\"Havana\" \/><span class=\"wpcf7-list-item-label\">Havana<\/span><\/label><\/span><span class=\"wpcf7-list-item\"><label><input type=\"radio\" name=\"interior\" value=\"Sand Beige\" \/><span class=\"wpcf7-list-item-label\">Sand Beige<\/span><\/label><\/span><span class=\"wpcf7-list-item\"><label><input type=\"radio\" name=\"interior\" value=\"Stone Grey\" \/><span class=\"wpcf7-list-item-label\">Stone Grey<\/span><\/label><\/span><span class=\"wpcf7-list-item\"><label><input type=\"radio\" name=\"interior\" value=\"Espresso\" \/><span class=\"wpcf7-list-item-label\">Espresso<\/span><\/label><\/span><span class=\"wpcf7-list-item\"><label><input type=\"radio\" name=\"interior\" value=\"Cobalt Blue\" \/><span class=\"wpcf7-list-item-label\">Cobalt Blue<\/span><\/label><\/span><span class=\"wpcf7-list-item last\"><label><input type=\"radio\" name=\"interior\" value=\"Black\" \/><span class=\"wpcf7-list-item-label\">Black<\/span><\/label><\/span><\/span><\/span><\/div>\n<div class=\"form-divider\"><\/div>\n<div class=\"form-field full form-note\"><span class=\"form-note-icon\"><\/span><span class=\"form-note-text\">Afin de garantir un traitement rapide de votre demande, veuillez remplir tous les champs.<\/span><\/div>\n<div class=\"form-field full label\"><label>Coordonn\u00e9es<\/label><\/div>\n<div class=\"form-field half\"><span class=\"wpcf7-form-control-wrap\" data-name=\"clientname\"><input size=\"40\" maxlength=\"400\" class=\"wpcf7-form-control wpcf7-text wpcf7-validates-as-required\" id=\"form-name\" autocomplete=\"name\" aria-required=\"true\" aria-invalid=\"false\" placeholder=\"Nom*\" value=\"\" type=\"text\" name=\"clientname\" \/><\/span><\/div>\n<div class=\"form-field half\"><span class=\"wpcf7-form-control-wrap\" data-name=\"company\"><input size=\"40\" maxlength=\"400\" class=\"wpcf7-form-control wpcf7-text\" id=\"form-company\" autocomplete=\"company\" aria-invalid=\"false\" placeholder=\"Entreprise\" value=\"\" type=\"text\" name=\"company\" \/><\/span><\/div>\n<div class=\"form-field half\"><span class=\"wpcf7-form-control-wrap\" data-name=\"email\"><input size=\"40\" maxlength=\"400\" class=\"wpcf7-form-control wpcf7-email wpcf7-validates-as-required wpcf7-text wpcf7-validates-as-email\" id=\"form-email\" autocomplete=\"email\" aria-required=\"true\" aria-invalid=\"false\" placeholder=\"E-mail*\" value=\"\" type=\"email\" name=\"email\" \/><\/span><\/div>\n<div class=\"form-field half\"><span class=\"wpcf7-form-control-wrap\" data-name=\"tel\"><input size=\"40\" class=\"wpcf7-form-control wpcf7-phonetext wpcf7-text wpcf7-validates-as-phonetext\" autocomplete=\"tel\" aria-invalid=\"false\" placeholder=\"T\u00e9l\u00e9phone\" value=\"\" type=\"text\" name=\"tel\" \/><input type=\"hidden\" name=\"tel-country-code\" class=\"wpcf7-phonetext-country-code\" \/><\/span><\/div>\n<div class=\"form-field full\"><label for=\"form-message\">Votre message<\/label><span class=\"wpcf7-form-control-wrap\" data-name=\"message\"><textarea cols=\"40\" rows=\"10\" maxlength=\"2000\" class=\"wpcf7-form-control wpcf7-textarea\" id=\"form-message\" aria-invalid=\"false\" name=\"message\"><\/textarea><\/span><\/div>\n<span id=\"wpcf7-69d39b94a67c0-wrapper\" class=\"wpcf7-form-control-wrap p-email-wrap\" style=\"display:none !important; visibility:hidden !important;\"><input type=\"hidden\" name=\"p-email-time-start\" value=\"1775475604\"><input type=\"hidden\" name=\"p-email-time-check\" value=\"2\"><label for=\"wpcf7-69d39b94a67c0-field\" class=\"hp-message\">Bitte lassen Sie dieses Feld leer<\/label><input id=\"wpcf7-69d39b94a67c0-field\"  class=\"wpcf7-form-control wpcf7-text\" type=\"text\" name=\"p-email\" value=\"\" size=\"40\" tabindex=\"-1\" autocomplete=\"off\" \/><\/span>\n<div class=\"form-field footer full\"><span class=\"wpcf7-form-control-wrap\" data-name=\"ds\"><span class=\"wpcf7-form-control wpcf7-acceptance\"><span class=\"wpcf7-list-item\"><label><input type=\"checkbox\" name=\"ds\" value=\"1\" aria-invalid=\"false\" \/><span class=\"wpcf7-list-item-label\">J'accepte la <a href=\"\/datenschutz\/\">politique de confidentialit\u00e9<\/a><\/span><\/label><\/span><\/span><\/span><input class=\"wpcf7-form-control wpcf7-submit has-spinner\" type=\"submit\" value=\"Envoyer la demande\" \/><\/div><div class=\"wpcf7-response-output\" aria-hidden=\"true\"><\/div>\n<\/form>\n<\/div>\n<\/div>\n\n<\/div><\/div>\n<\/div>\n<\/div>\n<\/section>","protected":false},"excerpt":{"rendered":"","protected":false},"author":1,"featured_media":0,"parent":0,"menu_order":11,"comment_status":"closed","ping_status":"closed","template":"","meta":{"_acf_changed":false,"footnotes":""},"class_list":["post-18437","page","type-page","status-publish"],"acf":[],"yoast_head":"<!-- This site is optimized with the Yoast SEO plugin v27.2 - https:\/\/yoast.com\/product\/yoast-seo-wordpress\/ -->\n<title>Formulaire de demande - Junkers<\/title>\n<meta name=\"robots\" content=\"index, follow, max-snippet:-1, max-image-preview:large, max-video-preview:-1\" \/>\n<link rel=\"canonical\" href=\"https:\/\/junkersaircraft.com\/fr\/formulaire-de-demande\/\" \/>\n<meta property=\"og:locale\" content=\"fr_FR\" \/>\n<meta property=\"og:type\" content=\"article\" \/>\n<meta property=\"og:title\" content=\"Formulaire de demande - Junkers\" \/>\n<meta property=\"og:url\" content=\"https:\/\/junkersaircraft.com\/fr\/formulaire-de-demande\/\" \/>\n<meta property=\"og:site_name\" content=\"Junkers\" \/>\n<meta property=\"article:modified_time\" content=\"2026-01-28T09:26:15+00:00\" \/>\n<meta name=\"twitter:card\" content=\"summary_large_image\" \/>\n<meta name=\"twitter:label1\" content=\"Dur\u00e9e de lecture estim\u00e9e\" \/>\n\t<meta name=\"twitter:data1\" content=\"1 minute\" \/>\n<script type=\"application\/ld+json\" class=\"yoast-schema-graph\">{\"@context\":\"https:\/\/schema.org\",\"@graph\":[{\"@type\":\"WebPage\",\"@id\":\"https:\/\/junkersaircraft.com\/fr\/formulaire-de-demande\/\",\"url\":\"https:\/\/junkersaircraft.com\/fr\/formulaire-de-demande\/\",\"name\":\"Formulaire de demande - Junkers\",\"isPartOf\":{\"@id\":\"https:\/\/junkersaircraft.com\/#website\"},\"datePublished\":\"2024-05-22T08:59:50+00:00\",\"dateModified\":\"2026-01-28T09:26:15+00:00\",\"breadcrumb\":{\"@id\":\"https:\/\/junkersaircraft.com\/fr\/formulaire-de-demande\/#breadcrumb\"},\"inLanguage\":\"fr-FR\",\"potentialAction\":[{\"@type\":\"ReadAction\",\"target\":[\"https:\/\/junkersaircraft.com\/fr\/formulaire-de-demande\/\"]}]},{\"@type\":\"BreadcrumbList\",\"@id\":\"https:\/\/junkersaircraft.com\/fr\/formulaire-de-demande\/#breadcrumb\",\"itemListElement\":[{\"@type\":\"ListItem\",\"position\":1,\"name\":\"Startseite\",\"item\":\"https:\/\/junkersaircraft.com\/fr\/\"},{\"@type\":\"ListItem\",\"position\":2,\"name\":\"Formulaire de demande\"}]},{\"@type\":\"WebSite\",\"@id\":\"https:\/\/junkersaircraft.com\/#website\",\"url\":\"https:\/\/junkersaircraft.com\/\",\"name\":\"Junkers\",\"description\":\"\",\"publisher\":{\"@id\":\"https:\/\/junkersaircraft.com\/#organization\"},\"potentialAction\":[{\"@type\":\"SearchAction\",\"target\":{\"@type\":\"EntryPoint\",\"urlTemplate\":\"https:\/\/junkersaircraft.com\/?s={search_term_string}\"},\"query-input\":{\"@type\":\"PropertyValueSpecification\",\"valueRequired\":true,\"valueName\":\"search_term_string\"}}],\"inLanguage\":\"fr-FR\"},{\"@type\":\"Organization\",\"@id\":\"https:\/\/junkersaircraft.com\/#organization\",\"name\":\"Junkers\",\"url\":\"https:\/\/junkersaircraft.com\/\",\"logo\":{\"@type\":\"ImageObject\",\"inLanguage\":\"fr-FR\",\"@id\":\"https:\/\/junkersaircraft.com\/#\/schema\/logo\/image\/\",\"url\":\"https:\/\/junkersaircraft.com\/wp-content\/uploads\/junkers-logo-white-new.svg\",\"contentUrl\":\"https:\/\/junkersaircraft.com\/wp-content\/uploads\/junkers-logo-white-new.svg\",\"caption\":\"Junkers\"},\"image\":{\"@id\":\"https:\/\/junkersaircraft.com\/#\/schema\/logo\/image\/\"}}]}<\/script>\n<!-- \/ Yoast SEO plugin. -->","yoast_head_json":{"title":"Formulaire de demande - Junkers","robots":{"index":"index","follow":"follow","max-snippet":"max-snippet:-1","max-image-preview":"max-image-preview:large","max-video-preview":"max-video-preview:-1"},"canonical":"https:\/\/junkersaircraft.com\/fr\/formulaire-de-demande\/","og_locale":"fr_FR","og_type":"article","og_title":"Formulaire de demande - Junkers","og_url":"https:\/\/junkersaircraft.com\/fr\/formulaire-de-demande\/","og_site_name":"Junkers","article_modified_time":"2026-01-28T09:26:15+00:00","twitter_card":"summary_large_image","twitter_misc":{"Dur\u00e9e de lecture estim\u00e9e":"1 minute"},"schema":{"@context":"https:\/\/schema.org","@graph":[{"@type":"WebPage","@id":"https:\/\/junkersaircraft.com\/fr\/formulaire-de-demande\/","url":"https:\/\/junkersaircraft.com\/fr\/formulaire-de-demande\/","name":"Formulaire de demande - Junkers","isPartOf":{"@id":"https:\/\/junkersaircraft.com\/#website"},"datePublished":"2024-05-22T08:59:50+00:00","dateModified":"2026-01-28T09:26:15+00:00","breadcrumb":{"@id":"https:\/\/junkersaircraft.com\/fr\/formulaire-de-demande\/#breadcrumb"},"inLanguage":"fr-FR","potentialAction":[{"@type":"ReadAction","target":["https:\/\/junkersaircraft.com\/fr\/formulaire-de-demande\/"]}]},{"@type":"BreadcrumbList","@id":"https:\/\/junkersaircraft.com\/fr\/formulaire-de-demande\/#breadcrumb","itemListElement":[{"@type":"ListItem","position":1,"name":"Startseite","item":"https:\/\/junkersaircraft.com\/fr\/"},{"@type":"ListItem","position":2,"name":"Formulaire de demande"}]},{"@type":"WebSite","@id":"https:\/\/junkersaircraft.com\/#website","url":"https:\/\/junkersaircraft.com\/","name":"Junkers","description":"","publisher":{"@id":"https:\/\/junkersaircraft.com\/#organization"},"potentialAction":[{"@type":"SearchAction","target":{"@type":"EntryPoint","urlTemplate":"https:\/\/junkersaircraft.com\/?s={search_term_string}"},"query-input":{"@type":"PropertyValueSpecification","valueRequired":true,"valueName":"search_term_string"}}],"inLanguage":"fr-FR"},{"@type":"Organization","@id":"https:\/\/junkersaircraft.com\/#organization","name":"Junkers","url":"https:\/\/junkersaircraft.com\/","logo":{"@type":"ImageObject","inLanguage":"fr-FR","@id":"https:\/\/junkersaircraft.com\/#\/schema\/logo\/image\/","url":"https:\/\/junkersaircraft.com\/wp-content\/uploads\/junkers-logo-white-new.svg","contentUrl":"https:\/\/junkersaircraft.com\/wp-content\/uploads\/junkers-logo-white-new.svg","caption":"Junkers"},"image":{"@id":"https:\/\/junkersaircraft.com\/#\/schema\/logo\/image\/"}}]}},"_links":{"self":[{"href":"https:\/\/junkersaircraft.com\/fr\/wp-json\/wp\/v2\/pages\/18437","targetHints":{"allow":["GET"]}}],"collection":[{"href":"https:\/\/junkersaircraft.com\/fr\/wp-json\/wp\/v2\/pages"}],"about":[{"href":"https:\/\/junkersaircraft.com\/fr\/wp-json\/wp\/v2\/types\/page"}],"author":[{"embeddable":true,"href":"https:\/\/junkersaircraft.com\/fr\/wp-json\/wp\/v2\/users\/1"}],"replies":[{"embeddable":true,"href":"https:\/\/junkersaircraft.com\/fr\/wp-json\/wp\/v2\/comments?post=18437"}],"version-history":[{"count":6,"href":"https:\/\/junkersaircraft.com\/fr\/wp-json\/wp\/v2\/pages\/18437\/revisions"}],"predecessor-version":[{"id":23347,"href":"https:\/\/junkersaircraft.com\/fr\/wp-json\/wp\/v2\/pages\/18437\/revisions\/23347"}],"wp:attachment":[{"href":"https:\/\/junkersaircraft.com\/fr\/wp-json\/wp\/v2\/media?parent=18437"}],"curies":[{"name":"wp","href":"https:\/\/api.w.org\/{rel}","templated":true}]}}