{"id":18366,"date":"2023-03-22T13:10:31","date_gmt":"2023-03-22T12:10:31","guid":{"rendered":"https:\/\/junkersaircraft.com\/contact\/"},"modified":"2026-01-27T15:36:58","modified_gmt":"2026-01-27T14:36:58","slug":"contact","status":"publish","type":"page","link":"https:\/\/junkersaircraft.com\/fr\/contact\/","title":{"rendered":"Contact"},"content":{"rendered":"\r\n\t\t\t       \r\n            \r\n            <div class=\"hero hero-10ca6398\">\r\n\t\t\t\t\t\t\t\t<div class=\"acf-innerblocks-container\">\n\r\n\t\t\t       \r\n                    \r\n            <div class=\"hero-slide hero-slide-9977b472 is-style-image\">\r\n\t\t\t\t\r\n\t\t\t\t<div class=\"hero-canvas \">\r\n\t\t\t\t\t<h1 class=\"hero-headline\" data-aos=\"fade-up\" data-aos-easing=\"ease-out\">Contact<\/h1>\t\t\t\t\t<span class=\"hero-subheadline subheadline\" data-aos=\"fade-up\" data-aos-easing=\"ease-out\" data-aos-delay=\"300\">Prenez votre envol d\u00e8s maintenant  <\/span>\t\t\t\t<\/div>\r\n\r\n\t\t\t\t<div class=\"hero-media hero-media-image\"><img loading=\"lazy\" decoding=\"async\" width=\"2560\" height=\"1440\" src=\"https:\/\/junkersaircraft.com\/wp-content\/uploads\/hero-junkers-historie.jpg\" class=\"attachment-full size-full\" alt=\"Eine Aufnahme eines Junkers Flugzeugs, welches im Hangar steht\" srcset=\"https:\/\/junkersaircraft.com\/wp-content\/uploads\/hero-junkers-historie.jpg 2560w, https:\/\/junkersaircraft.com\/wp-content\/uploads\/hero-junkers-historie-300x169.jpg 300w, https:\/\/junkersaircraft.com\/wp-content\/uploads\/hero-junkers-historie-1024x576.jpg 1024w, https:\/\/junkersaircraft.com\/wp-content\/uploads\/hero-junkers-historie-768x432.jpg 768w, https:\/\/junkersaircraft.com\/wp-content\/uploads\/hero-junkers-historie-1536x864.jpg 1536w, https:\/\/junkersaircraft.com\/wp-content\/uploads\/hero-junkers-historie-2048x1152.jpg 2048w\" sizes=\"auto, (max-width: 2560px) 100vw, 2560px\" \/><\/div>            <\/div>\r\n\t\t\t\t\r\n            \r\n\t\t\t\r\n        \r\n            \n<\/div>\r\n\t\t\t\t\t\t\t\t\t\t\t\t\t<a class=\"hero-action smooth-scroll\" href=\"#start\">\r\n\t\t\t\t\t\t<span class=\"hero-scroll\" href=\"#start\">\r\n\t\t\t\t\t\t\tEn savoir plus\t\t\t\t\t\t<\/span>\r\n\t\t\t\t\t\t<span class=\"hero-scroll-arrow\"><?xml version=\"1.0\" encoding=\"UTF-8\"?> <svg xmlns=\"http:\/\/www.w3.org\/2000\/svg\" xmlns:xlink=\"http:\/\/www.w3.org\/1999\/xlink\" version=\"1.1\" id=\"Ebene_1\" x=\"0px\" y=\"0px\" width=\"73.4px\" height=\"17px\" viewBox=\"0 0 73.4 17\" style=\"enable-background:new 0 0 73.4 17;\" xml:space=\"preserve\"> <polygon style=\"fill:#F4F8FD;\" points=\"36.53,17 36.33,16.92 0,0.92 0.4,0 36.54,15.91 73,0 73.4,0.92 \"><\/polygon> <\/svg> <\/span>\r\n\t\t\t\t\t<\/a>\r\n\t\t\t\t\t\t\t\t\t\t\t\t\t\t\t<\/div>\r\n\t\t\t<div id=\"start\"><\/div>\r\n\t\t\t\t\r\n\t\t\t\r\n\t\t\t        \r\n            \n\n<section class=\"gb-container gb-container-de3c2242 gb-container-base\">\n<div class=\"gb-container gb-container-9aa7c027 alignwide\">\n<div class=\"gb-container gb-container-91d344f7\">\n\n<div class=\"wp-block-pixel-headline headlines is-subheadline-top has-text-align-left\"><h2 class=\"headline\" style=\"color:\"><strong>Nous sommes l\u00e0 pour vous aider&nbsp;<\/strong><\/h2><span class=\"subheadline\" style=\"color:\">vous avez des questions ? des id\u00e9es ? des suggestions ?  <\/span><\/div>\n\n\n\n<p>Que vous soyez int\u00e9ress\u00e9 par l\u2019un de nos magnifiques avions, que vous ayez une question concernant nos services ou que vous souhaitiez simplement nous faire part de vos commentaires, nous sommes toujours \u00e0 votre disposition.<br>Il vous suffit d\u2019utiliser le formulaire de contact ci-dessous ou de contacter directement l\u2019une des personnes mentionn\u00e9es ici. Nous serons ravis de pouvoir vous aider.<\/p>\n\n<\/div>\n<\/div>\n<\/section>\n\n<section class=\"gb-container gb-container-f4da469f gb-container-alternate\">\n<div class=\"gb-container gb-container-de061fcf alignwide\">\n\t\t\t\t<div id=\"kontakt\" class=\"contact-form is-style-address gb-grid-wrapper is-style-textless\" >\n\n\t\t\t\t\t\n\n\t\n\t<address class=\"address address-junkers contact-form-side gb-grid-column\" data-aos=\"fade-up\" data-aos-delay=\"400\" data-aos-easing=\"ease-out\">\n\t\t\n\t\t<div class=\"address-logo\">\n\t\t\t<?xml version=\"1.0\" encoding=\"utf-8\"?>\r\n<!-- Generator: Adobe Illustrator 26.0.3, SVG Export Plug-In . SVG Version: 6.00 Build 0)  -->\r\n<svg version=\"1.1\" id=\"Ebene_1\" xmlns=\"http:\/\/www.w3.org\/2000\/svg\" xmlns:xlink=\"http:\/\/www.w3.org\/1999\/xlink\" x=\"0px\" y=\"0px\"\r\n\t viewBox=\"0 0 403.6 81.8\" style=\"enable-background:new 0 0 403.6 81.8;\" xml:space=\"preserve\">\r\n<g>\r\n\t<defs>\r\n\t\t<rect id=\"SVGID_1_\" width=\"403.6\" height=\"81.8\"\/>\r\n\t<\/defs>\r\n\t<clipPath id=\"SVGID_00000144309666810549937560000014259322732943777972_\">\r\n\t\t<use xlink:href=\"#SVGID_1_\"  style=\"overflow:visible;\"\/>\r\n\t<\/clipPath>\r\n\t<g style=\"clip-path:url(#SVGID_00000144309666810549937560000014259322732943777972_);\">\r\n\t\t<path style=\"fill:#989A9B;\" d=\"M130.7,10.7l8.2,0v20.5c0,2-0.4,4-1.2,5.8c-0.8,2.1-2.2,3.9-4,5.3c-1.9,1.4-4,2.3-6.3,2.7\r\n\t\t\tc-1,0.1-1.9,0.2-2.9,0.2c-0.3,0-0.6,0-0.9,0c-2.1,0-4.1-0.2-6.1-0.6c-1.3-0.4-2.6-0.9-3.8-1.5v-8c1.4,0.6,2.8,1.1,4.3,1.4\r\n\t\t\tc3,0.6,7.8,1.7,10.5-0.9c1.1-0.9,1.9-2.2,2.1-3.6\"\/>\r\n\t\t<path style=\"fill:#989A9B;\" d=\"M164.2,45.2c-12.8,0-20-7.9-20-15.1V10.7h8.4v18.7c0,3.7,4.3,8.4,11.6,8.4c7.5,0,11.6-4.7,11.6-8.4\r\n\t\t\tV10.7h8.4v19.4C184.1,36.5,178.1,45.2,164.2,45.2\"\/>\r\n\t\t<path style=\"fill:#989A9B;\" d=\"M222.1,45.2l-23.7-23.4v23.4h-8.7V10.7h8.5l23.8,23.6V10.7h8.7v34.5H222.1z\"\/>\r\n\t\t<path style=\"fill:#989A9B;\" d=\"M265.1,45.2L252,30.6l-6.4,5.1v9.6h-9.1V10.7h9.1v13.7l17.3-13.7h14.1L259,25l18,20.2H265.1z\"\/>\r\n\t\t<path style=\"fill:#989A9B;\" d=\"M281.8,45.2V10.7h37.9v6.6h-28.8v7.2h24v6.8h-24v7.2h28.8v6.7L281.8,45.2z\"\/>\r\n\t\t<path style=\"fill:#989A9B;\" d=\"M348.8,17.9h-14.7v6.5h14.7c0,0,5.9-0.1,5.9-3.3S348.8,17.9,348.8,17.9 M353.9,45.2l-11.8-13.7h-8\r\n\t\t\tv13.7h-8.8V10.7H351c0,0,12.5,0,12.5,10.5c0,7.4-6.4,9.5-10,10.1l11.9,13.9L353.9,45.2z\"\/>\r\n\t\t<path style=\"fill:#989A9B;\" d=\"M384.1,45.5c-7,0.1-13.7-2.3-19-6.9l7.9-3.8c3.9,2.5,7.3,4.3,12.3,4.3c2.9,0,8.3-1.2,8.3-4.2\r\n\t\t\tc0-1.9-1.7-2.6-5.1-3.1l-8.8-1.1c-7.7-1-11.7-4.2-11.7-9.2c0-8,7.8-11,16.8-11c6.7-0.1,13.3,2,18.7,6l-7.7,4.2\r\n\t\t\tc-3.4-2.5-7.4-3.8-11.6-3.8c-2.5,0-6.1,1.1-6.1,3.3c0,1.8,1.7,2.8,6,3.3l4.1,0.5c8.1,1,15.3,3.1,15.3,9.5\r\n\t\t\tC403.6,43.3,392,45.5,384.1,45.5\"\/>\r\n\t\t<path style=\"fill:#989A9B;\" d=\"M121.5,70.7l-2.4-5.8l-2.4,5.8H121.5z M113.8,74.3l4.5-10.8h1.6l4.5,10.8h-1.4l-1-2.5h-5.7l-1,2.5\r\n\t\t\tL113.8,74.3z\"\/>\r\n\t\t<path style=\"fill:#989A9B;\" d=\"M132.5,63.5h1.3v10.8h-1.3V63.5z\"\/>\r\n\t\t<path style=\"fill:#989A9B;\" d=\"M144.6,64.7v4.1h3.3c1.5,0,2.3-0.8,2.3-2c0-1.2-0.8-2-2.3-2L144.6,64.7z M147.9,63.5\r\n\t\t\tc2.2,0,3.6,1.2,3.6,3.2c0.1,1.5-0.9,2.7-2.4,3.1l2.7,4.6h-1.6l-2.5-4.4h-3.1v4.4h-1.3V63.5L147.9,63.5z\"\/>\r\n\t\t<path style=\"fill:#989A9B;\" d=\"M165.1,63.3c1.9,0,3.7,1,4.7,2.5l-1,0.8c-0.8-1.3-2.2-2.1-3.7-2.1c-2.4,0.1-4.3,2.1-4.2,4.5\r\n\t\t\tc0.1,2.3,1.9,4.1,4.2,4.2c1.5,0,2.9-0.8,3.7-2l1,0.7c-1,1.6-2.8,2.6-4.7,2.5c-3.1,0-5.6-2.5-5.6-5.6\r\n\t\t\tC159.6,65.8,162,63.3,165.1,63.3L165.1,63.3\"\/>\r\n\t\t<path style=\"fill:#989A9B;\" d=\"M179.7,64.7v4.1h3.3c1.5,0,2.3-0.8,2.3-2c0-1.2-0.8-2-2.3-2L179.7,64.7z M183,63.5\r\n\t\t\tc2.2,0,3.6,1.2,3.6,3.2c0.1,1.5-0.9,2.7-2.4,3.1l2.7,4.6h-1.6l-2.5-4.4h-3.1v4.4h-1.3V63.5L183,63.5z\"\/>\r\n\t\t<path style=\"fill:#989A9B;\" d=\"M201.9,70.7l-2.4-5.8l-2.4,5.8H201.9z M194.2,74.3l4.5-10.8h1.5l4.5,10.8h-1.4l-1-2.5h-5.7l-1,2.5\r\n\t\t\tL194.2,74.3z\"\/>\r\n\t\t<path style=\"fill:#989A9B;\" d=\"M220.3,63.5v1.2h-6.2v3.5h4.9v1.2h-4.9v5h-1.3V63.5H220.3z\"\/>\r\n\t\t<path style=\"fill:#989A9B;\" d=\"M227.7,63.5h8.6v1.2h-3.6v9.6h-1.3v-9.6h-3.6V63.5z\"\/>\r\n\t\t<path style=\"fill:#989A9B;\" d=\"M54,24.7c-1.5,0.9-2.4,2.5-2.6,4.2l-4.1,40.6c0,0.1-0.1,0.1-0.1,0.1c0,0-0.1,0-0.1-0.1l-4.1-40.6\r\n\t\t\tc-0.2-1.7-1.1-3.3-2.6-4.2L14.2,8.3c0,0-0.1-0.1,0-0.1c0,0,0.1-0.1,0.1,0l27.9,12.4c0.6,0.2,1.2,0.2,1.7-0.1l1.9-1.2\r\n\t\t\tc0.2-0.1,0.3-0.3,0.3-0.5c0-0.2,0-0.4-0.2-0.5L43,15.3c-0.1-0.1-0.1-0.3,0-0.4c0,0,0,0,0,0l4-4c0.1-0.1,0.1-0.1,0.2-0.1\r\n\t\t\tc0.1,0,0.2,0,0.2,0.1l4,4c0.1,0.1,0.1,0.3,0,0.4l-2.9,2.9c-0.3,0.3-0.3,0.7,0,0.9c0,0,0.1,0.1,0.1,0.1l1.9,1.2\r\n\t\t\tc0.5,0.3,1.2,0.4,1.7,0.1L80.2,8.1c0,0,0,0,0,0c0.1,0,0.1,0,0.1,0.1c0,0,0,0.1,0,0.1L54,24.7z M0,0l47.2,81.8L94.5,0H0z\"\/>\r\n\t<\/g>\r\n<\/g>\r\n<\/svg>\r\n\t\t<\/div>\n\n\t\t<div class=\"address-head\">\n\t\t\t<span class=\"address-line address-name\">JUNKERS Aircraft GmbH<\/span>\n\t\t<\/div>\n\n\t\t<div class=\"address-location\">\n\t\t\t<span class=\"address-line address-street\">Wittumsgrund 4<\/span>\n\t\t\t<span class=\"address-line address-city\">D &#8211; 78727 Hochm\u00f6ssingen<\/span>\n\t\t\t<span class=\"address-line address-country\">Deutschland<\/span>\n\t\t<\/div>\n\n\t\t<div class=\"address-contact\">\n\t\t\t<span class=\"address-line address-phone\">\n\t\t\t\tT\u00e9l.:\t\t\t\t<a href=\"tel:+497423863620\" target=\"_blank\" rel=\"nofollow\">+49 7423 86362-0<\/a>\n\t\t\t<\/span>\n\t\t\t<span class=\"address-line address-mail\">\n\t\t\t\t<a href=\"mailto:info@junkersaircraft.com?cc=sales@wacoaircraft.com\">\n\t\t\t\t\tinfo@junkersaircraft.com\n\t\t\t\t<\/a>\n\t\t\t<\/span>\n\t\t<\/div>\n\n\t\t<div class=\"address-head\">\n\t\t\t<span class=\"address-line address-name\">JUNKERS Aircraft Corporation<\/span>\n\t\t<\/div>\n\n\t\t<div class=\"address-location\">\n\t\t\t<span class=\"address-line address-street\">15955 South Airport Road<\/span>\n\t\t\t<span class=\"address-line address-city\">\n\t\t\t\tBattle Creek Executive Airport (KBTL)<br>\n\t\t\t\tBattle Creek, MI 49015\n\t\t\t<\/span>\n\t\t\t<span class=\"address-line address-country\">USA<\/span>\n\t\t<\/div>\n\n\t\t<div class=\"address-contact\">\n\t\t\t<span class=\"address-line address-phone\">\n\t\t\t\tPhone:\n\t\t\t\t<a href=\"tel:+12692155076\" target=\"_blank\" rel=\"nofollow\">+1 269 215-5076<\/a>\n\t\t\t<\/span>\n\t\t\t<span class=\"address-line address-mail\">\n\t\t\t\t<a href=\"mailto:junkerssales@dimorgroup.com\" target=\"_blank\" rel=\"nofollow\">\n\t\t\t\t\tjunkerssales@dimorgroup.com\n\t\t\t\t<\/a>\n\t\t\t<\/span>\n\t\t<\/div>\n\n\t<\/address>\n\n\n\n\t\t\t\t\t\n\n\t\t\t\t\t\t\t\n\t\t\t\t\t<div class=\"contact-form-main gb-grid-column\" data-aos=\"fade-up\" data-aos-delay=\"600\" data-aos-easing=\"ease-out\">\n\t\t\t\t\t\t\n<div class=\"wpcf7 no-js\" id=\"wpcf7-f18590-o1\" lang=\"fr-FR\" dir=\"ltr\" data-wpcf7-id=\"18590\">\n<div class=\"screen-reader-response\"><p role=\"status\" aria-live=\"polite\" aria-atomic=\"true\"><\/p> <ul><\/ul><\/div>\n<form action=\"\/fr\/wp-json\/wp\/v2\/pages\/18366#wpcf7-f18590-o1\" method=\"post\" class=\"wpcf7-form init\" aria-label=\"Formulaire de contact\" novalidate=\"novalidate\" data-status=\"init\">\n<fieldset class=\"hidden-fields-container\"><input type=\"hidden\" name=\"_wpcf7\" value=\"18590\" \/><input type=\"hidden\" name=\"_wpcf7_version\" value=\"6.1.5\" \/><input type=\"hidden\" name=\"_wpcf7_locale\" value=\"fr_FR\" \/><input type=\"hidden\" name=\"_wpcf7_unit_tag\" value=\"wpcf7-f18590-o1\" \/><input type=\"hidden\" name=\"_wpcf7_container_post\" value=\"0\" \/><input type=\"hidden\" name=\"_wpcf7_posted_data_hash\" value=\"\" \/><input type=\"hidden\" name=\"_wpcf7_recaptcha_response\" value=\"\" \/>\n<\/fieldset>\n<div class=\"form-field full form-note\"><span class=\"form-note-icon\"><\/span><span class=\"form-note-text\">Afin de garantir un traitement rapide de votre demande, veuillez remplir tous les champs.<\/span><\/div>\n<div class=\"form-field\"><label for=\"form-name\">Nom*<\/label><span class=\"wpcf7-form-control-wrap\" data-name=\"clientname\"><input size=\"40\" maxlength=\"400\" class=\"wpcf7-form-control wpcf7-text wpcf7-validates-as-required\" id=\"form-name\" autocomplete=\"name\" aria-required=\"true\" aria-invalid=\"false\" value=\"\" type=\"text\" name=\"clientname\" \/><\/span><\/div>\n<div class=\"form-field\"><label for=\"form-organization\">Entreprise<\/label><span class=\"wpcf7-form-control-wrap\" data-name=\"organization\"><input size=\"40\" maxlength=\"400\" class=\"wpcf7-form-control wpcf7-text\" id=\"form-organization\" autocomplete=\"organization\" aria-invalid=\"false\" value=\"\" type=\"text\" name=\"organization\" \/><\/span><\/div>\n<div class=\"form-field\"><label for=\"form-tel\">T\u00e9l\u00e9phone<\/label><span class=\"wpcf7-form-control-wrap\" data-name=\"tel\"><input size=\"40\" class=\"wpcf7-form-control wpcf7-phonetext wpcf7-text wpcf7-validates-as-phonetext\" autocomplete=\"tel\" aria-invalid=\"false\" value=\"\" type=\"text\" name=\"tel\" \/><input type=\"hidden\" name=\"tel-country-code\" class=\"wpcf7-phonetext-country-code\" \/><\/span><\/div>\n<div class=\"form-field\"><label for=\"form-email\">E-mail*<\/label><span class=\"wpcf7-form-control-wrap\" data-name=\"email\"><input size=\"40\" maxlength=\"400\" class=\"wpcf7-form-control wpcf7-email wpcf7-validates-as-required wpcf7-text wpcf7-validates-as-email\" id=\"form-email\" autocomplete=\"email\" aria-required=\"true\" aria-invalid=\"false\" value=\"\" type=\"email\" name=\"email\" \/><\/span><\/div>\n<div class=\"form-field full\"><label for=\"form-aircraft\">Je suis int\u00e9ress\u00e9 par :<\/label><span class=\"wpcf7-form-control-wrap\" data-name=\"aircraft\"><select class=\"wpcf7-form-control wpcf7-select\" id=\"form-aircraft\" aria-invalid=\"false\" name=\"aircraft\"><option value=\"Junkers A50 Junior\">Junkers A50 Junior<\/option><option value=\"Junkers A50 Heritage\">Junkers A50 Heritage<\/option><option value=\"Junkers A60\">Junkers A60<\/option><option value=\"Junkers A60 RG\">Junkers A60 RG<\/option><\/select><\/span><\/div>\n<div class=\"form-field full\"><label for=\"form-subject\">Objet<\/label><span class=\"wpcf7-form-control-wrap\" data-name=\"subject\"><select class=\"wpcf7-form-control wpcf7-select\" id=\"form-subject\" aria-invalid=\"false\" name=\"subject\"><option value=\"Marketing \/ Ventes Europe\">Marketing \/ Ventes Europe<\/option><option value=\"Achats\">Achats<\/option><option value=\"Carri\u00e8res\">Carri\u00e8res<\/option><option value=\"Marketing \/ Ventes USA\">Marketing \/ Ventes USA<\/option><\/select><\/span><\/div>\n\n<div class=\"form-field full\"><label for=\"form-message\">Votre message<\/label><span class=\"wpcf7-form-control-wrap\" data-name=\"message\"><textarea cols=\"40\" rows=\"10\" maxlength=\"2000\" class=\"wpcf7-form-control wpcf7-textarea\" id=\"form-message\" aria-invalid=\"false\" name=\"message\"><\/textarea><\/span><\/div>\n<span id=\"wpcf7-69d3859c292cb-wrapper\" class=\"wpcf7-form-control-wrap p-email-wrap\" style=\"display:none !important; visibility:hidden !important;\"><input type=\"hidden\" name=\"p-email-time-start\" value=\"1775469980\"><input type=\"hidden\" name=\"p-email-time-check\" value=\"2\"><label for=\"wpcf7-69d3859c292cb-field\" class=\"hp-message\">Bitte lassen Sie dieses Feld leer<\/label><input id=\"wpcf7-69d3859c292cb-field\"  class=\"wpcf7-form-control wpcf7-text\" type=\"text\" name=\"p-email\" value=\"\" size=\"40\" tabindex=\"-1\" autocomplete=\"off\" \/><\/span>\n<div class=\"form-field footer full\"><span class=\"wpcf7-form-control-wrap\" data-name=\"ds\"><span class=\"wpcf7-form-control wpcf7-acceptance\"><span class=\"wpcf7-list-item\"><label><input type=\"checkbox\" name=\"ds\" value=\"1\" aria-invalid=\"false\" \/><span class=\"wpcf7-list-item-label\">J&rsquo;accepte les <a href=\"\/datenschutz\/\">politiques de confidentialit\u00e9<\/a><\/span><\/label><\/span><\/span><\/span><input class=\"wpcf7-form-control wpcf7-submit has-spinner\" type=\"submit\" value=\"Envoyer\" \/><\/div><div class=\"wpcf7-response-output\" aria-hidden=\"true\"><\/div>\n<\/form>\n<\/div>\n\t\t\t\t\t<\/div> \n\t\t\n\t\t\t\t<\/div>\n\t\t\t\n<\/div>\n<\/section>","protected":false},"excerpt":{"rendered":"<p>Que vous soyez int\u00e9ress\u00e9 par l\u2019un de nos magnifiques avions, que vous ayez une question concernant nos services ou que vous souhaitiez simplement nous faire part de vos commentaires, nous sommes toujours \u00e0 votre disposition.Il vous suffit d\u2019utiliser le formulaire de contact ci-dessous ou de contacter directement l\u2019une des personnes mentionn\u00e9es ici. Nous serons ravis &#8230; <a title=\"Contact\" class=\"read-more\" href=\"https:\/\/junkersaircraft.com\/fr\/contact\/\" aria-label=\"Read more about Contact\">Weiterlesen &#8230;<\/a><\/p>\n","protected":false},"author":1,"featured_media":0,"parent":0,"menu_order":10,"comment_status":"closed","ping_status":"closed","template":"","meta":{"_acf_changed":false,"footnotes":""},"class_list":["post-18366","page","type-page","status-publish"],"acf":[],"yoast_head":"<!-- This site is optimized with the Yoast SEO plugin v27.2 - https:\/\/yoast.com\/product\/yoast-seo-wordpress\/ -->\n<title>Contact - Junkers Aircraft | Contactez-nous<\/title>\n<meta name=\"description\" content=\"Contactez Junkers Aircraft pour toute question sur nos mod\u00e8les d&#039;avions ou pour plus d&#039;informations. Nous serons heureux de r\u00e9pondre \u00e0 votre demande.\" \/>\n<meta name=\"robots\" content=\"index, follow, max-snippet:-1, max-image-preview:large, max-video-preview:-1\" \/>\n<link rel=\"canonical\" href=\"https:\/\/junkersaircraft.com\/fr\/contact\/\" \/>\n<meta property=\"og:locale\" content=\"fr_FR\" \/>\n<meta property=\"og:type\" content=\"article\" \/>\n<meta property=\"og:title\" content=\"Contact - Junkers Aircraft | Contactez-nous\" \/>\n<meta property=\"og:description\" content=\"Contactez Junkers Aircraft pour toute question sur nos mod\u00e8les d&#039;avions ou pour plus d&#039;informations. Nous serons heureux de r\u00e9pondre \u00e0 votre demande.\" \/>\n<meta property=\"og:url\" content=\"https:\/\/junkersaircraft.com\/fr\/contact\/\" \/>\n<meta property=\"og:site_name\" content=\"Junkers\" \/>\n<meta property=\"article:modified_time\" content=\"2026-01-27T14:36:58+00:00\" \/>\n<meta name=\"twitter:card\" content=\"summary_large_image\" \/>\n<meta name=\"twitter:label1\" content=\"Dur\u00e9e de lecture estim\u00e9e\" \/>\n\t<meta name=\"twitter:data1\" content=\"1 minute\" \/>\n<script type=\"application\/ld+json\" class=\"yoast-schema-graph\">{\"@context\":\"https:\/\/schema.org\",\"@graph\":[{\"@type\":\"WebPage\",\"@id\":\"https:\/\/junkersaircraft.com\/fr\/contact\/\",\"url\":\"https:\/\/junkersaircraft.com\/fr\/contact\/\",\"name\":\"Contact - Junkers Aircraft | Contactez-nous\",\"isPartOf\":{\"@id\":\"https:\/\/junkersaircraft.com\/#website\"},\"datePublished\":\"2023-03-22T12:10:31+00:00\",\"dateModified\":\"2026-01-27T14:36:58+00:00\",\"description\":\"Contactez Junkers Aircraft pour toute question sur nos mod\u00e8les d'avions ou pour plus d'informations. Nous serons heureux de r\u00e9pondre \u00e0 votre demande.\",\"breadcrumb\":{\"@id\":\"https:\/\/junkersaircraft.com\/fr\/contact\/#breadcrumb\"},\"inLanguage\":\"fr-FR\",\"potentialAction\":[{\"@type\":\"ReadAction\",\"target\":[\"https:\/\/junkersaircraft.com\/fr\/contact\/\"]}]},{\"@type\":\"BreadcrumbList\",\"@id\":\"https:\/\/junkersaircraft.com\/fr\/contact\/#breadcrumb\",\"itemListElement\":[{\"@type\":\"ListItem\",\"position\":1,\"name\":\"Startseite\",\"item\":\"https:\/\/junkersaircraft.com\/fr\/\"},{\"@type\":\"ListItem\",\"position\":2,\"name\":\"Contact\"}]},{\"@type\":\"WebSite\",\"@id\":\"https:\/\/junkersaircraft.com\/#website\",\"url\":\"https:\/\/junkersaircraft.com\/\",\"name\":\"Junkers\",\"description\":\"\",\"publisher\":{\"@id\":\"https:\/\/junkersaircraft.com\/#organization\"},\"potentialAction\":[{\"@type\":\"SearchAction\",\"target\":{\"@type\":\"EntryPoint\",\"urlTemplate\":\"https:\/\/junkersaircraft.com\/?s={search_term_string}\"},\"query-input\":{\"@type\":\"PropertyValueSpecification\",\"valueRequired\":true,\"valueName\":\"search_term_string\"}}],\"inLanguage\":\"fr-FR\"},{\"@type\":\"Organization\",\"@id\":\"https:\/\/junkersaircraft.com\/#organization\",\"name\":\"Junkers\",\"url\":\"https:\/\/junkersaircraft.com\/\",\"logo\":{\"@type\":\"ImageObject\",\"inLanguage\":\"fr-FR\",\"@id\":\"https:\/\/junkersaircraft.com\/#\/schema\/logo\/image\/\",\"url\":\"https:\/\/junkersaircraft.com\/wp-content\/uploads\/junkers-logo-white-new.svg\",\"contentUrl\":\"https:\/\/junkersaircraft.com\/wp-content\/uploads\/junkers-logo-white-new.svg\",\"caption\":\"Junkers\"},\"image\":{\"@id\":\"https:\/\/junkersaircraft.com\/#\/schema\/logo\/image\/\"}}]}<\/script>\n<!-- \/ Yoast SEO plugin. -->","yoast_head_json":{"title":"Contact - Junkers Aircraft | Contactez-nous","description":"Contactez Junkers Aircraft pour toute question sur nos mod\u00e8les d'avions ou pour plus d'informations. Nous serons heureux de r\u00e9pondre \u00e0 votre demande.","robots":{"index":"index","follow":"follow","max-snippet":"max-snippet:-1","max-image-preview":"max-image-preview:large","max-video-preview":"max-video-preview:-1"},"canonical":"https:\/\/junkersaircraft.com\/fr\/contact\/","og_locale":"fr_FR","og_type":"article","og_title":"Contact - Junkers Aircraft | Contactez-nous","og_description":"Contactez Junkers Aircraft pour toute question sur nos mod\u00e8les d'avions ou pour plus d'informations. Nous serons heureux de r\u00e9pondre \u00e0 votre demande.","og_url":"https:\/\/junkersaircraft.com\/fr\/contact\/","og_site_name":"Junkers","article_modified_time":"2026-01-27T14:36:58+00:00","twitter_card":"summary_large_image","twitter_misc":{"Dur\u00e9e de lecture estim\u00e9e":"1 minute"},"schema":{"@context":"https:\/\/schema.org","@graph":[{"@type":"WebPage","@id":"https:\/\/junkersaircraft.com\/fr\/contact\/","url":"https:\/\/junkersaircraft.com\/fr\/contact\/","name":"Contact - Junkers Aircraft | Contactez-nous","isPartOf":{"@id":"https:\/\/junkersaircraft.com\/#website"},"datePublished":"2023-03-22T12:10:31+00:00","dateModified":"2026-01-27T14:36:58+00:00","description":"Contactez Junkers Aircraft pour toute question sur nos mod\u00e8les d'avions ou pour plus d'informations. Nous serons heureux de r\u00e9pondre \u00e0 votre demande.","breadcrumb":{"@id":"https:\/\/junkersaircraft.com\/fr\/contact\/#breadcrumb"},"inLanguage":"fr-FR","potentialAction":[{"@type":"ReadAction","target":["https:\/\/junkersaircraft.com\/fr\/contact\/"]}]},{"@type":"BreadcrumbList","@id":"https:\/\/junkersaircraft.com\/fr\/contact\/#breadcrumb","itemListElement":[{"@type":"ListItem","position":1,"name":"Startseite","item":"https:\/\/junkersaircraft.com\/fr\/"},{"@type":"ListItem","position":2,"name":"Contact"}]},{"@type":"WebSite","@id":"https:\/\/junkersaircraft.com\/#website","url":"https:\/\/junkersaircraft.com\/","name":"Junkers","description":"","publisher":{"@id":"https:\/\/junkersaircraft.com\/#organization"},"potentialAction":[{"@type":"SearchAction","target":{"@type":"EntryPoint","urlTemplate":"https:\/\/junkersaircraft.com\/?s={search_term_string}"},"query-input":{"@type":"PropertyValueSpecification","valueRequired":true,"valueName":"search_term_string"}}],"inLanguage":"fr-FR"},{"@type":"Organization","@id":"https:\/\/junkersaircraft.com\/#organization","name":"Junkers","url":"https:\/\/junkersaircraft.com\/","logo":{"@type":"ImageObject","inLanguage":"fr-FR","@id":"https:\/\/junkersaircraft.com\/#\/schema\/logo\/image\/","url":"https:\/\/junkersaircraft.com\/wp-content\/uploads\/junkers-logo-white-new.svg","contentUrl":"https:\/\/junkersaircraft.com\/wp-content\/uploads\/junkers-logo-white-new.svg","caption":"Junkers"},"image":{"@id":"https:\/\/junkersaircraft.com\/#\/schema\/logo\/image\/"}}]}},"_links":{"self":[{"href":"https:\/\/junkersaircraft.com\/fr\/wp-json\/wp\/v2\/pages\/18366","targetHints":{"allow":["GET"]}}],"collection":[{"href":"https:\/\/junkersaircraft.com\/fr\/wp-json\/wp\/v2\/pages"}],"about":[{"href":"https:\/\/junkersaircraft.com\/fr\/wp-json\/wp\/v2\/types\/page"}],"author":[{"embeddable":true,"href":"https:\/\/junkersaircraft.com\/fr\/wp-json\/wp\/v2\/users\/1"}],"replies":[{"embeddable":true,"href":"https:\/\/junkersaircraft.com\/fr\/wp-json\/wp\/v2\/comments?post=18366"}],"version-history":[{"count":6,"href":"https:\/\/junkersaircraft.com\/fr\/wp-json\/wp\/v2\/pages\/18366\/revisions"}],"predecessor-version":[{"id":23322,"href":"https:\/\/junkersaircraft.com\/fr\/wp-json\/wp\/v2\/pages\/18366\/revisions\/23322"}],"wp:attachment":[{"href":"https:\/\/junkersaircraft.com\/fr\/wp-json\/wp\/v2\/media?parent=18366"}],"curies":[{"name":"wp","href":"https:\/\/api.w.org\/{rel}","templated":true}]}}