{"id":18485,"date":"2023-03-22T14:34:04","date_gmt":"2023-03-22T13:34:04","guid":{"rendered":"https:\/\/junkersaircraft.com\/aviso-legal\/"},"modified":"2025-08-27T10:06:14","modified_gmt":"2025-08-27T08:06:14","slug":"aviso-legal","status":"publish","type":"page","link":"https:\/\/junkersaircraft.com\/es\/aviso-legal\/","title":{"rendered":"Pie de imprenta"},"content":{"rendered":"<div class=\"gb-container gb-container-576791e2 gb-container-base\">\n<div class=\"gb-container gb-container-42701110\">\n\n<div class=\"wp-block-pixel-headline headlines is-subheadline-bottom has-text-align-left is-gap-xl\"><h2 class=\"headline\" style=\"color:\">Pie de imprenta<\/h2><\/div>\n\n\n\n<p>JUNKERS Aircraft GmbH<br>Wittumsgrund 4<br>D-78727 Oberndorf-Hochm\u00f6ssingen<\/p>\n\n\n\n<p><strong>Contacto:<\/strong><br>Tel\u00e9fono <a href=\"tel:+497423863620\" target=\"_blank\" rel=\"nofollow\">+49 7423 86362-0<\/a><br>Correo electr\u00f3nico: <a href=\"mailto:info@junkersaircraft.com\">info@junkersaircraft.com<\/a><\/p>\n\n\n\n<p><strong>N\u00famero de identificaci\u00f3n fiscal:<\/strong><br>CIF DE 354474616<br>Juzgado de Primera Instancia de Stuttgart; HRB 785419<\/p>\n\n\n\n<p><strong>Directores Generales:<\/strong><br>Dieter Morszeck, Dominik K\u00e4lin<\/p>\n\n\n\n<p><strong>Responsable del contenido:<\/strong><br>Dieter Morszeck<br>Junkers Aircraft GmbH<br>Wittumsgrund 4<br>D-78727 Oberndorf-Hochm\u00f6ssingen<\/p>\n\n\n\n<p><strong>Resoluci\u00f3n de litigios<\/strong><br>No estamos dispuestos ni obligados a participar en procedimientos de resoluci\u00f3n de litigios ante una junta arbitral de consumo.<\/p>\n\n\n\n<p><strong>Responsabilidad por el contenido<\/strong><br>Como proveedor de servicios, somos responsables de nuestro propio contenido en estas p\u00e1ginas de acuerdo con la legislaci\u00f3n general seg\u00fan la Secci\u00f3n 7 (1) DDG. Sin embargo, de acuerdo con los \u00a7\u00a7 8 a 10 DDG, como proveedor de servicios no estamos obligados a controlar la informaci\u00f3n de terceros transmitida o almacenada, ni a investigar circunstancias que indiquen una actividad ilegal.<br>obligaciones de eliminar o bloquear el uso de informaci\u00f3n de acuerdo con las leyes generales no se ven afectadas por ello. Sin embargo, la responsabilidad a este respecto s\u00f3lo es posible a partir del momento en que se tiene conocimiento de una infracci\u00f3n concreta. Tan pronto como tengamos conocimiento de tales infracciones, eliminaremos este contenido inmediatamente.    <\/p>\n\n\n\n<p><strong>Responsabilidad de los enlaces<\/strong><br>Nuestro sitio web contiene enlaces a sitios web externos de terceros sobre cuyo contenido no tenemos ninguna influencia. Por lo tanto, no podemos aceptar ninguna responsabilidad por este contenido de terceros. El respectivo proveedor u operador de las p\u00e1ginas es siempre responsable del contenido de las p\u00e1ginas enlazadas. Las p\u00e1ginas enlazadas se comprobaron en el momento de enlazarlas para detectar posibles infracciones legales. Los contenidos ilegales no eran reconocibles en el momento de establecer el enlace.<br>Sin embargo, la supervisi\u00f3n permanente del contenido de las p\u00e1ginas enlazadas no es razonable sin pruebas concretas de una infracci\u00f3n. Si tenemos conocimiento de alguna infracci\u00f3n legal, eliminaremos dichos enlaces inmediatamente.     <\/p>\n\n\n\n<p><strong>Copyright<\/strong><br>El contenido y las obras creadas por los operadores del sitio en estas p\u00e1ginas est\u00e1n sujetos a la legislaci\u00f3n alemana sobre derechos de autor. La duplicaci\u00f3n, procesamiento, distribuci\u00f3n y cualquier tipo de utilizaci\u00f3n fuera de los l\u00edmites de la ley de derechos de autor requieren el consentimiento por escrito del respectivo autor o creador. Las descargas y copias de este sitio s\u00f3lo est\u00e1n permitidas para uso privado y no comercial.<br>En la medida en que el contenido de este sitio no haya sido creado por el operador, se respetan los derechos de autor de terceros. En particular, el contenido de terceros est\u00e1 etiquetado como tal. No obstante, si tuvieras conocimiento de una infracci\u00f3n de los derechos de autor, te rogamos que nos lo comuniques. Si tenemos conocimiento de alguna infracci\u00f3n, eliminaremos dicho contenido inmediatamente.     <\/p>\n\n<\/div>\n<\/div>","protected":false},"excerpt":{"rendered":"<p>JUNKERS Aircraft GmbHWittumsgrund 4D-78727 Oberndorf-Hochm\u00f6ssingen Contacto:Tel\u00e9fono +49 7423 86362-0Correo electr\u00f3nico: info@junkersaircraft.com N\u00famero de identificaci\u00f3n fiscal:CIF DE 354474616Juzgado de Primera Instancia de Stuttgart; HRB 785419 Directores Generales:Dieter Morszeck, Dominik K\u00e4lin Responsable del contenido:Dieter MorszeckJunkers Aircraft GmbHWittumsgrund 4D-78727 Oberndorf-Hochm\u00f6ssingen Resoluci\u00f3n de litigiosNo estamos dispuestos ni obligados a participar en procedimientos de resoluci\u00f3n de litigios ante una junta &#8230; <a title=\"Pie de imprenta\" class=\"read-more\" href=\"https:\/\/junkersaircraft.com\/es\/aviso-legal\/\" aria-label=\"Leer m\u00e1s sobre Pie de imprenta\">Weiterlesen &#8230;<\/a><\/p>\n","protected":false},"author":1,"featured_media":0,"parent":0,"menu_order":14,"comment_status":"closed","ping_status":"closed","template":"","meta":{"_acf_changed":false,"footnotes":""},"class_list":["post-18485","page","type-page","status-publish"],"acf":[],"yoast_head":"<!-- This site is optimized with the Yoast SEO plugin v27.2 - https:\/\/yoast.com\/product\/yoast-seo-wordpress\/ -->\n<title>Pie de imprenta - Junkers Aircraft | Informaci\u00f3n legal<\/title>\n<meta name=\"description\" content=\"Encuentra informaci\u00f3n legal, datos de contacto y otra informaci\u00f3n importante sobre Junkers Aircraft en nuestro pie de imprenta\" \/>\n<meta name=\"robots\" content=\"index, follow, max-snippet:-1, max-image-preview:large, max-video-preview:-1\" \/>\n<link rel=\"canonical\" href=\"https:\/\/junkersaircraft.com\/es\/aviso-legal\/\" \/>\n<meta property=\"og:locale\" content=\"es_ES\" \/>\n<meta property=\"og:type\" content=\"article\" \/>\n<meta property=\"og:title\" content=\"Pie de imprenta - Junkers Aircraft | Informaci\u00f3n legal\" \/>\n<meta property=\"og:description\" content=\"Encuentra informaci\u00f3n legal, datos de contacto y otra informaci\u00f3n importante sobre Junkers Aircraft en nuestro pie de imprenta\" \/>\n<meta property=\"og:url\" content=\"https:\/\/junkersaircraft.com\/es\/aviso-legal\/\" \/>\n<meta property=\"og:site_name\" content=\"Junkers\" \/>\n<meta property=\"article:modified_time\" content=\"2025-08-27T08:06:14+00:00\" \/>\n<meta name=\"twitter:card\" content=\"summary_large_image\" \/>\n<meta name=\"twitter:label1\" content=\"Tiempo de lectura\" \/>\n\t<meta name=\"twitter:data1\" content=\"2 minuto\" \/>\n<script type=\"application\/ld+json\" class=\"yoast-schema-graph\">{\"@context\":\"https:\/\/schema.org\",\"@graph\":[{\"@type\":\"WebPage\",\"@id\":\"https:\/\/junkersaircraft.com\/es\/aviso-legal\/\",\"url\":\"https:\/\/junkersaircraft.com\/es\/aviso-legal\/\",\"name\":\"Pie de imprenta - Junkers Aircraft | Informaci\u00f3n legal\",\"isPartOf\":{\"@id\":\"https:\/\/junkersaircraft.com\/#website\"},\"datePublished\":\"2023-03-22T13:34:04+00:00\",\"dateModified\":\"2025-08-27T08:06:14+00:00\",\"description\":\"Encuentra informaci\u00f3n legal, datos de contacto y otra informaci\u00f3n importante sobre Junkers Aircraft en nuestro pie de imprenta\",\"breadcrumb\":{\"@id\":\"https:\/\/junkersaircraft.com\/es\/aviso-legal\/#breadcrumb\"},\"inLanguage\":\"es\",\"potentialAction\":[{\"@type\":\"ReadAction\",\"target\":[\"https:\/\/junkersaircraft.com\/es\/aviso-legal\/\"]}]},{\"@type\":\"BreadcrumbList\",\"@id\":\"https:\/\/junkersaircraft.com\/es\/aviso-legal\/#breadcrumb\",\"itemListElement\":[{\"@type\":\"ListItem\",\"position\":1,\"name\":\"Startseite\",\"item\":\"https:\/\/junkersaircraft.com\/es\/\"},{\"@type\":\"ListItem\",\"position\":2,\"name\":\"Pie de imprenta\"}]},{\"@type\":\"WebSite\",\"@id\":\"https:\/\/junkersaircraft.com\/#website\",\"url\":\"https:\/\/junkersaircraft.com\/\",\"name\":\"Junkers\",\"description\":\"\",\"publisher\":{\"@id\":\"https:\/\/junkersaircraft.com\/#organization\"},\"potentialAction\":[{\"@type\":\"SearchAction\",\"target\":{\"@type\":\"EntryPoint\",\"urlTemplate\":\"https:\/\/junkersaircraft.com\/?s={search_term_string}\"},\"query-input\":{\"@type\":\"PropertyValueSpecification\",\"valueRequired\":true,\"valueName\":\"search_term_string\"}}],\"inLanguage\":\"es\"},{\"@type\":\"Organization\",\"@id\":\"https:\/\/junkersaircraft.com\/#organization\",\"name\":\"Junkers\",\"url\":\"https:\/\/junkersaircraft.com\/\",\"logo\":{\"@type\":\"ImageObject\",\"inLanguage\":\"es\",\"@id\":\"https:\/\/junkersaircraft.com\/#\/schema\/logo\/image\/\",\"url\":\"https:\/\/junkersaircraft.com\/wp-content\/uploads\/junkers-logo-white-new.svg\",\"contentUrl\":\"https:\/\/junkersaircraft.com\/wp-content\/uploads\/junkers-logo-white-new.svg\",\"caption\":\"Junkers\"},\"image\":{\"@id\":\"https:\/\/junkersaircraft.com\/#\/schema\/logo\/image\/\"}}]}<\/script>\n<!-- \/ Yoast SEO plugin. -->","yoast_head_json":{"title":"Pie de imprenta - Junkers Aircraft | Informaci\u00f3n legal","description":"Encuentra informaci\u00f3n legal, datos de contacto y otra informaci\u00f3n importante sobre Junkers Aircraft en nuestro pie de imprenta","robots":{"index":"index","follow":"follow","max-snippet":"max-snippet:-1","max-image-preview":"max-image-preview:large","max-video-preview":"max-video-preview:-1"},"canonical":"https:\/\/junkersaircraft.com\/es\/aviso-legal\/","og_locale":"es_ES","og_type":"article","og_title":"Pie de imprenta - Junkers Aircraft | Informaci\u00f3n legal","og_description":"Encuentra informaci\u00f3n legal, datos de contacto y otra informaci\u00f3n importante sobre Junkers Aircraft en nuestro pie de imprenta","og_url":"https:\/\/junkersaircraft.com\/es\/aviso-legal\/","og_site_name":"Junkers","article_modified_time":"2025-08-27T08:06:14+00:00","twitter_card":"summary_large_image","twitter_misc":{"Tiempo de lectura":"2 minuto"},"schema":{"@context":"https:\/\/schema.org","@graph":[{"@type":"WebPage","@id":"https:\/\/junkersaircraft.com\/es\/aviso-legal\/","url":"https:\/\/junkersaircraft.com\/es\/aviso-legal\/","name":"Pie de imprenta - Junkers Aircraft | Informaci\u00f3n legal","isPartOf":{"@id":"https:\/\/junkersaircraft.com\/#website"},"datePublished":"2023-03-22T13:34:04+00:00","dateModified":"2025-08-27T08:06:14+00:00","description":"Encuentra informaci\u00f3n legal, datos de contacto y otra informaci\u00f3n importante sobre Junkers Aircraft en nuestro pie de imprenta","breadcrumb":{"@id":"https:\/\/junkersaircraft.com\/es\/aviso-legal\/#breadcrumb"},"inLanguage":"es","potentialAction":[{"@type":"ReadAction","target":["https:\/\/junkersaircraft.com\/es\/aviso-legal\/"]}]},{"@type":"BreadcrumbList","@id":"https:\/\/junkersaircraft.com\/es\/aviso-legal\/#breadcrumb","itemListElement":[{"@type":"ListItem","position":1,"name":"Startseite","item":"https:\/\/junkersaircraft.com\/es\/"},{"@type":"ListItem","position":2,"name":"Pie de imprenta"}]},{"@type":"WebSite","@id":"https:\/\/junkersaircraft.com\/#website","url":"https:\/\/junkersaircraft.com\/","name":"Junkers","description":"","publisher":{"@id":"https:\/\/junkersaircraft.com\/#organization"},"potentialAction":[{"@type":"SearchAction","target":{"@type":"EntryPoint","urlTemplate":"https:\/\/junkersaircraft.com\/?s={search_term_string}"},"query-input":{"@type":"PropertyValueSpecification","valueRequired":true,"valueName":"search_term_string"}}],"inLanguage":"es"},{"@type":"Organization","@id":"https:\/\/junkersaircraft.com\/#organization","name":"Junkers","url":"https:\/\/junkersaircraft.com\/","logo":{"@type":"ImageObject","inLanguage":"es","@id":"https:\/\/junkersaircraft.com\/#\/schema\/logo\/image\/","url":"https:\/\/junkersaircraft.com\/wp-content\/uploads\/junkers-logo-white-new.svg","contentUrl":"https:\/\/junkersaircraft.com\/wp-content\/uploads\/junkers-logo-white-new.svg","caption":"Junkers"},"image":{"@id":"https:\/\/junkersaircraft.com\/#\/schema\/logo\/image\/"}}]}},"_links":{"self":[{"href":"https:\/\/junkersaircraft.com\/es\/wp-json\/wp\/v2\/pages\/18485","targetHints":{"allow":["GET"]}}],"collection":[{"href":"https:\/\/junkersaircraft.com\/es\/wp-json\/wp\/v2\/pages"}],"about":[{"href":"https:\/\/junkersaircraft.com\/es\/wp-json\/wp\/v2\/types\/page"}],"author":[{"embeddable":true,"href":"https:\/\/junkersaircraft.com\/es\/wp-json\/wp\/v2\/users\/1"}],"replies":[{"embeddable":true,"href":"https:\/\/junkersaircraft.com\/es\/wp-json\/wp\/v2\/comments?post=18485"}],"version-history":[{"count":4,"href":"https:\/\/junkersaircraft.com\/es\/wp-json\/wp\/v2\/pages\/18485\/revisions"}],"predecessor-version":[{"id":20593,"href":"https:\/\/junkersaircraft.com\/es\/wp-json\/wp\/v2\/pages\/18485\/revisions\/20593"}],"wp:attachment":[{"href":"https:\/\/junkersaircraft.com\/es\/wp-json\/wp\/v2\/media?parent=18485"}],"curies":[{"name":"wp","href":"https:\/\/api.w.org\/{rel}","templated":true}]}}