{"id":18435,"date":"2024-05-22T10:59:50","date_gmt":"2024-05-22T08:59:50","guid":{"rendered":"https:\/\/junkersaircraft.com\/formulario-de-consulta\/"},"modified":"2025-08-07T11:07:11","modified_gmt":"2025-08-07T09:07:11","slug":"formulario-de-consulta","status":"publish","type":"page","link":"https:\/\/junkersaircraft.com\/es\/formulario-de-consulta\/","title":{"rendered":"Formulario de consulta"},"content":{"rendered":"<section class=\"gb-container gb-container-6ccb25e2 gb-container-base\" id=\"intro\">\n<div class=\"gb-container gb-container-11876baa\">\n<div class=\"gb-grid-wrapper gb-grid-wrapper-e4530e95\">\n<div class=\"gb-grid-column gb-grid-column-9f232ebb\"><div class=\"gb-container gb-container-9f232ebb\">\n\n<div class=\"wp-block-pixel-headline headlines is-subheadline-top has-text-align-left\"><h2 class=\"headline\" style=\"color:\"><strong>Configura tu sue\u00f1o de volar<\/strong><\/h2><span class=\"subheadline\" style=\"color:\">tan individual como t\u00fa<\/span><\/div>\n\n\n\n<p>Puedes configurar nuestros aviones en distintas variantes de color. Descubre las posibilidades de un dise\u00f1o personalizado seg\u00fan tus preferencias personales. Adem\u00e1s de las opciones de dise\u00f1o de color, tambi\u00e9n hay opciones de equipamiento t\u00e9cnico que estaremos encantados de comentar contigo personalmente.  <\/p>\n\n<\/div><\/div>\n\n<div class=\"gb-grid-column gb-grid-column-c8b4aa0f\"><div class=\"gb-container gb-container-c8b4aa0f\" data-aos=\"fade-up\" data-aos-easing=\"ease-out\">\n\n<div class=\"wp-block-contact-form-7-contact-form-selector\">\n<div class=\"wpcf7 no-js\" id=\"wpcf7-f18609-o1\" lang=\"es-ES\" dir=\"ltr\" data-wpcf7-id=\"18609\">\n<div class=\"screen-reader-response\"><p role=\"status\" aria-live=\"polite\" aria-atomic=\"true\"><\/p> <ul><\/ul><\/div>\n<form action=\"\/es\/wp-json\/wp\/v2\/pages\/18435#wpcf7-f18609-o1\" method=\"post\" class=\"wpcf7-form init\" aria-label=\"Formulario de contacto\" novalidate=\"novalidate\" data-status=\"init\">\n<fieldset class=\"hidden-fields-container\"><input type=\"hidden\" name=\"_wpcf7\" value=\"18609\" \/><input type=\"hidden\" name=\"_wpcf7_version\" value=\"6.1.5\" \/><input type=\"hidden\" name=\"_wpcf7_locale\" value=\"es_ES\" \/><input type=\"hidden\" name=\"_wpcf7_unit_tag\" value=\"wpcf7-f18609-o1\" \/><input type=\"hidden\" name=\"_wpcf7_container_post\" value=\"0\" \/><input type=\"hidden\" name=\"_wpcf7_posted_data_hash\" value=\"\" \/><input type=\"hidden\" name=\"_wpcf7_recaptcha_response\" value=\"\" \/>\n<\/fieldset>\n<div class=\"form-field full label\"><label>Seleccionar aeronave<\/label><\/div>\n<div class=\"form-field full no-margin\"><span class=\"wpcf7-form-control-wrap\" data-name=\"aircraft\"><span class=\"wpcf7-form-control wpcf7-radio\"><span class=\"wpcf7-list-item first\"><label><input type=\"radio\" name=\"aircraft\" value=\"A50 Junior\" \/><span class=\"wpcf7-list-item-label\">A50 Junior<\/span><\/label><\/span><span class=\"wpcf7-list-item\"><label><input type=\"radio\" name=\"aircraft\" value=\"A50 Heritage\" \/><span class=\"wpcf7-list-item-label\">A50 Heritage<\/span><\/label><\/span><span class=\"wpcf7-list-item\"><label><input type=\"radio\" name=\"aircraft\" value=\"A60\" \/><span class=\"wpcf7-list-item-label\">A60<\/span><\/label><\/span><span class=\"wpcf7-list-item last\"><label><input type=\"radio\" name=\"aircraft\" value=\"A60 RG\" \/><span class=\"wpcf7-list-item-label\">A60 RG<\/span><\/label><\/span><\/span><\/span><\/div>\n<div class=\"form-divider\"><\/div>\n<div class=\"form-field full label\"><label>Seleccionar pintura exterior<\/label><\/div>\n<div class=\"form-field full no-margin\"><span class=\"wpcf7-form-control-wrap\" data-name=\"exterior\"><span class=\"wpcf7-form-control wpcf7-radio\"><span class=\"wpcf7-list-item first\"><label><input type=\"radio\" name=\"exterior\" value=\"White Aluminium\" \/><span class=\"wpcf7-list-item-label\">White Aluminium<\/span><\/label><\/span><span class=\"wpcf7-list-item\"><label><input type=\"radio\" name=\"exterior\" value=\"Carrara White\" \/><span class=\"wpcf7-list-item-label\">Carrara White<\/span><\/label><\/span><span class=\"wpcf7-list-item\"><label><input type=\"radio\" name=\"exterior\" value=\"Papaya Metallic\" \/><span class=\"wpcf7-list-item-label\">Papaya Metallic<\/span><\/label><\/span><span class=\"wpcf7-list-item\"><label><input type=\"radio\" name=\"exterior\" value=\"Frozen Blue\" \/><span class=\"wpcf7-list-item-label\">Frozen Blue<\/span><\/label><\/span><span class=\"wpcf7-list-item\"><label><input type=\"radio\" name=\"exterior\" value=\"Saffron Yellow\" \/><span class=\"wpcf7-list-item-label\">Saffron Yellow<\/span><\/label><\/span><span class=\"wpcf7-list-item last\"><label><input type=\"radio\" name=\"exterior\" value=\"Black Metallic\" \/><span class=\"wpcf7-list-item-label\">Black Metallic<\/span><\/label><\/span><\/span><\/span><\/div>\n<div class=\"form-divider\"><\/div>\n<div class=\"form-field full label\"><label>Seleccionar pintura interior<\/label><\/div>\n<div class=\"form-field full no-margin\"><span class=\"wpcf7-form-control-wrap\" data-name=\"interior\"><span class=\"wpcf7-form-control wpcf7-radio\"><span class=\"wpcf7-list-item first\"><label><input type=\"radio\" name=\"interior\" value=\"Havana\" \/><span class=\"wpcf7-list-item-label\">Havana<\/span><\/label><\/span><span class=\"wpcf7-list-item\"><label><input type=\"radio\" name=\"interior\" value=\"Sand Beige\" \/><span class=\"wpcf7-list-item-label\">Sand Beige<\/span><\/label><\/span><span class=\"wpcf7-list-item\"><label><input type=\"radio\" name=\"interior\" value=\"Stone Grey\" \/><span class=\"wpcf7-list-item-label\">Stone Grey<\/span><\/label><\/span><span class=\"wpcf7-list-item\"><label><input type=\"radio\" name=\"interior\" value=\"Espresso\" \/><span class=\"wpcf7-list-item-label\">Espresso<\/span><\/label><\/span><span class=\"wpcf7-list-item\"><label><input type=\"radio\" name=\"interior\" value=\"Cobalt Blue\" \/><span class=\"wpcf7-list-item-label\">Cobalt Blue<\/span><\/label><\/span><span class=\"wpcf7-list-item last\"><label><input type=\"radio\" name=\"interior\" value=\"Black\" \/><span class=\"wpcf7-list-item-label\">Black<\/span><\/label><\/span><\/span><\/span><\/div>\n<div class=\"form-divider\"><\/div>\n<div class=\"form-field full form-note\"><span class=\"form-note-icon\"><\/span><span class=\"form-note-text\">Para garantizar una tramitaci\u00f3n r\u00e1pida de su solicitud, le rogamos que rellene todos los campos por completo.<\/span><\/div>\n<div class=\"form-field full label\"><label>Datos de contacto<\/label><\/div>\n<div class=\"form-field half\"><span class=\"wpcf7-form-control-wrap\" data-name=\"clientname\"><input size=\"40\" maxlength=\"400\" class=\"wpcf7-form-control wpcf7-text wpcf7-validates-as-required\" id=\"form-name\" autocomplete=\"name\" aria-required=\"true\" aria-invalid=\"false\" placeholder=\"Nombre*\" value=\"\" type=\"text\" name=\"clientname\" \/><\/span><\/div>\n<div class=\"form-field half\"><span class=\"wpcf7-form-control-wrap\" data-name=\"company\"><input size=\"40\" maxlength=\"400\" class=\"wpcf7-form-control wpcf7-text\" id=\"form-company\" autocomplete=\"company\" aria-invalid=\"false\" placeholder=\"Empresa\" value=\"\" type=\"text\" name=\"company\" \/><\/span><\/div>\n<div class=\"form-field half\"><span class=\"wpcf7-form-control-wrap\" data-name=\"email\"><input size=\"40\" maxlength=\"400\" class=\"wpcf7-form-control wpcf7-email wpcf7-validates-as-required wpcf7-text wpcf7-validates-as-email\" id=\"form-email\" autocomplete=\"email\" aria-required=\"true\" aria-invalid=\"false\" placeholder=\"Correo electr\u00f3nico*\" value=\"\" type=\"email\" name=\"email\" \/><\/span><\/div>\n<div class=\"form-field half\"><span class=\"wpcf7-form-control-wrap\" data-name=\"tel\"><input size=\"40\" class=\"wpcf7-form-control wpcf7-phonetext wpcf7-text wpcf7-validates-as-phonetext\" autocomplete=\"tel\" aria-invalid=\"false\" placeholder=\"Tel\u00e9fono\" value=\"\" type=\"text\" name=\"tel\" \/><input type=\"hidden\" name=\"tel-country-code\" class=\"wpcf7-phonetext-country-code\" \/><\/span><\/div>\n<div class=\"form-field full\"><label for=\"form-message\">Su mensaje<\/label><span class=\"wpcf7-form-control-wrap\" data-name=\"message\"><textarea cols=\"40\" rows=\"10\" maxlength=\"2000\" class=\"wpcf7-form-control wpcf7-textarea\" id=\"form-message\" aria-invalid=\"false\" name=\"message\"><\/textarea><\/span><\/div>\n<span id=\"wpcf7-69d36bad1df7b-wrapper\" class=\"wpcf7-form-control-wrap p-email-wrap\" style=\"display:none !important; visibility:hidden !important;\"><input type=\"hidden\" name=\"p-email-time-start\" value=\"1775463341\"><input type=\"hidden\" name=\"p-email-time-check\" value=\"2\"><label for=\"wpcf7-69d36bad1df7b-field\" class=\"hp-message\">Bitte lassen Sie dieses Feld leer<\/label><input id=\"wpcf7-69d36bad1df7b-field\"  class=\"wpcf7-form-control wpcf7-text\" type=\"text\" name=\"p-email\" value=\"\" size=\"40\" tabindex=\"-1\" autocomplete=\"off\" \/><\/span>\n<div class=\"form-field footer full\"><span class=\"wpcf7-form-control-wrap\" data-name=\"ds\"><span class=\"wpcf7-form-control wpcf7-acceptance\"><span class=\"wpcf7-list-item\"><label><input type=\"checkbox\" name=\"ds\" value=\"1\" aria-invalid=\"false\" \/><span class=\"wpcf7-list-item-label\">Acepto la <a href=\"\/datenschutz\/\">pol\u00edtica de privacidad<\/a><\/span><\/label><\/span><\/span><\/span><input class=\"wpcf7-form-control wpcf7-submit has-spinner\" type=\"submit\" value=\"Enviar solicitud\" \/><\/div><div class=\"wpcf7-response-output\" aria-hidden=\"true\"><\/div>\n<\/form>\n<\/div>\n<\/div>\n\n<\/div><\/div>\n<\/div>\n<\/div>\n<\/section>","protected":false},"excerpt":{"rendered":"","protected":false},"author":1,"featured_media":0,"parent":0,"menu_order":11,"comment_status":"closed","ping_status":"closed","template":"","meta":{"_acf_changed":false,"footnotes":""},"class_list":["post-18435","page","type-page","status-publish"],"acf":[],"yoast_head":"<!-- This site is optimized with the Yoast SEO plugin v27.2 - https:\/\/yoast.com\/product\/yoast-seo-wordpress\/ -->\n<title>Formulario de consulta - Junkers<\/title>\n<meta name=\"robots\" content=\"index, follow, max-snippet:-1, max-image-preview:large, max-video-preview:-1\" \/>\n<link rel=\"canonical\" href=\"https:\/\/junkersaircraft.com\/es\/formulario-de-consulta\/\" \/>\n<meta property=\"og:locale\" content=\"es_ES\" \/>\n<meta property=\"og:type\" content=\"article\" \/>\n<meta property=\"og:title\" content=\"Formulario de consulta - Junkers\" \/>\n<meta property=\"og:url\" content=\"https:\/\/junkersaircraft.com\/es\/formulario-de-consulta\/\" \/>\n<meta property=\"og:site_name\" content=\"Junkers\" \/>\n<meta property=\"article:modified_time\" content=\"2025-08-07T09:07:11+00:00\" \/>\n<meta name=\"twitter:card\" content=\"summary_large_image\" \/>\n<meta name=\"twitter:label1\" content=\"Tiempo de lectura\" \/>\n\t<meta name=\"twitter:data1\" content=\"1 minuto\" \/>\n<script type=\"application\/ld+json\" class=\"yoast-schema-graph\">{\"@context\":\"https:\/\/schema.org\",\"@graph\":[{\"@type\":\"WebPage\",\"@id\":\"https:\/\/junkersaircraft.com\/es\/formulario-de-consulta\/\",\"url\":\"https:\/\/junkersaircraft.com\/es\/formulario-de-consulta\/\",\"name\":\"Formulario de consulta - Junkers\",\"isPartOf\":{\"@id\":\"https:\/\/junkersaircraft.com\/#website\"},\"datePublished\":\"2024-05-22T08:59:50+00:00\",\"dateModified\":\"2025-08-07T09:07:11+00:00\",\"breadcrumb\":{\"@id\":\"https:\/\/junkersaircraft.com\/es\/formulario-de-consulta\/#breadcrumb\"},\"inLanguage\":\"es\",\"potentialAction\":[{\"@type\":\"ReadAction\",\"target\":[\"https:\/\/junkersaircraft.com\/es\/formulario-de-consulta\/\"]}]},{\"@type\":\"BreadcrumbList\",\"@id\":\"https:\/\/junkersaircraft.com\/es\/formulario-de-consulta\/#breadcrumb\",\"itemListElement\":[{\"@type\":\"ListItem\",\"position\":1,\"name\":\"Startseite\",\"item\":\"https:\/\/junkersaircraft.com\/es\/\"},{\"@type\":\"ListItem\",\"position\":2,\"name\":\"Formulario de consulta\"}]},{\"@type\":\"WebSite\",\"@id\":\"https:\/\/junkersaircraft.com\/#website\",\"url\":\"https:\/\/junkersaircraft.com\/\",\"name\":\"Junkers\",\"description\":\"\",\"publisher\":{\"@id\":\"https:\/\/junkersaircraft.com\/#organization\"},\"potentialAction\":[{\"@type\":\"SearchAction\",\"target\":{\"@type\":\"EntryPoint\",\"urlTemplate\":\"https:\/\/junkersaircraft.com\/?s={search_term_string}\"},\"query-input\":{\"@type\":\"PropertyValueSpecification\",\"valueRequired\":true,\"valueName\":\"search_term_string\"}}],\"inLanguage\":\"es\"},{\"@type\":\"Organization\",\"@id\":\"https:\/\/junkersaircraft.com\/#organization\",\"name\":\"Junkers\",\"url\":\"https:\/\/junkersaircraft.com\/\",\"logo\":{\"@type\":\"ImageObject\",\"inLanguage\":\"es\",\"@id\":\"https:\/\/junkersaircraft.com\/#\/schema\/logo\/image\/\",\"url\":\"https:\/\/junkersaircraft.com\/wp-content\/uploads\/junkers-logo-white-new.svg\",\"contentUrl\":\"https:\/\/junkersaircraft.com\/wp-content\/uploads\/junkers-logo-white-new.svg\",\"caption\":\"Junkers\"},\"image\":{\"@id\":\"https:\/\/junkersaircraft.com\/#\/schema\/logo\/image\/\"}}]}<\/script>\n<!-- \/ Yoast SEO plugin. -->","yoast_head_json":{"title":"Formulario de consulta - Junkers","robots":{"index":"index","follow":"follow","max-snippet":"max-snippet:-1","max-image-preview":"max-image-preview:large","max-video-preview":"max-video-preview:-1"},"canonical":"https:\/\/junkersaircraft.com\/es\/formulario-de-consulta\/","og_locale":"es_ES","og_type":"article","og_title":"Formulario de consulta - Junkers","og_url":"https:\/\/junkersaircraft.com\/es\/formulario-de-consulta\/","og_site_name":"Junkers","article_modified_time":"2025-08-07T09:07:11+00:00","twitter_card":"summary_large_image","twitter_misc":{"Tiempo de lectura":"1 minuto"},"schema":{"@context":"https:\/\/schema.org","@graph":[{"@type":"WebPage","@id":"https:\/\/junkersaircraft.com\/es\/formulario-de-consulta\/","url":"https:\/\/junkersaircraft.com\/es\/formulario-de-consulta\/","name":"Formulario de consulta - Junkers","isPartOf":{"@id":"https:\/\/junkersaircraft.com\/#website"},"datePublished":"2024-05-22T08:59:50+00:00","dateModified":"2025-08-07T09:07:11+00:00","breadcrumb":{"@id":"https:\/\/junkersaircraft.com\/es\/formulario-de-consulta\/#breadcrumb"},"inLanguage":"es","potentialAction":[{"@type":"ReadAction","target":["https:\/\/junkersaircraft.com\/es\/formulario-de-consulta\/"]}]},{"@type":"BreadcrumbList","@id":"https:\/\/junkersaircraft.com\/es\/formulario-de-consulta\/#breadcrumb","itemListElement":[{"@type":"ListItem","position":1,"name":"Startseite","item":"https:\/\/junkersaircraft.com\/es\/"},{"@type":"ListItem","position":2,"name":"Formulario de consulta"}]},{"@type":"WebSite","@id":"https:\/\/junkersaircraft.com\/#website","url":"https:\/\/junkersaircraft.com\/","name":"Junkers","description":"","publisher":{"@id":"https:\/\/junkersaircraft.com\/#organization"},"potentialAction":[{"@type":"SearchAction","target":{"@type":"EntryPoint","urlTemplate":"https:\/\/junkersaircraft.com\/?s={search_term_string}"},"query-input":{"@type":"PropertyValueSpecification","valueRequired":true,"valueName":"search_term_string"}}],"inLanguage":"es"},{"@type":"Organization","@id":"https:\/\/junkersaircraft.com\/#organization","name":"Junkers","url":"https:\/\/junkersaircraft.com\/","logo":{"@type":"ImageObject","inLanguage":"es","@id":"https:\/\/junkersaircraft.com\/#\/schema\/logo\/image\/","url":"https:\/\/junkersaircraft.com\/wp-content\/uploads\/junkers-logo-white-new.svg","contentUrl":"https:\/\/junkersaircraft.com\/wp-content\/uploads\/junkers-logo-white-new.svg","caption":"Junkers"},"image":{"@id":"https:\/\/junkersaircraft.com\/#\/schema\/logo\/image\/"}}]}},"_links":{"self":[{"href":"https:\/\/junkersaircraft.com\/es\/wp-json\/wp\/v2\/pages\/18435","targetHints":{"allow":["GET"]}}],"collection":[{"href":"https:\/\/junkersaircraft.com\/es\/wp-json\/wp\/v2\/pages"}],"about":[{"href":"https:\/\/junkersaircraft.com\/es\/wp-json\/wp\/v2\/types\/page"}],"author":[{"embeddable":true,"href":"https:\/\/junkersaircraft.com\/es\/wp-json\/wp\/v2\/users\/1"}],"replies":[{"embeddable":true,"href":"https:\/\/junkersaircraft.com\/es\/wp-json\/wp\/v2\/comments?post=18435"}],"version-history":[{"count":8,"href":"https:\/\/junkersaircraft.com\/es\/wp-json\/wp\/v2\/pages\/18435\/revisions"}],"predecessor-version":[{"id":19720,"href":"https:\/\/junkersaircraft.com\/es\/wp-json\/wp\/v2\/pages\/18435\/revisions\/19720"}],"wp:attachment":[{"href":"https:\/\/junkersaircraft.com\/es\/wp-json\/wp\/v2\/media?parent=18435"}],"curies":[{"name":"wp","href":"https:\/\/api.w.org\/{rel}","templated":true}]}}